{"id":5448,"date":"2019-06-13T07:25:24","date_gmt":"2019-06-13T07:25:24","guid":{"rendered":"https:\/\/www.gavias-theme.com\/wp\/codesk\/?page_id=5448"},"modified":"2023-09-19T15:30:19","modified_gmt":"2023-09-19T12:30:19","slug":"careers","status":"publish","type":"page","link":"https:\/\/halic.com\/en\/careers\/","title":{"rendered":"Careers"},"content":{"rendered":"\t\t<div data-elementor-type=\"wp-post\" data-elementor-id=\"5448\" class=\"elementor elementor-5448\" data-elementor-settings=\"[]\">\n\t\t\t\t\t\t\t<div class=\"elementor-section-wrap\">\n\t\t\t\t\t\t\t<section class=\"elementor-section elementor-top-section elementor-element elementor-element-5b58e5e elementor-section-boxed elementor-section-height-default elementor-section-height-default\" data-id=\"5b58e5e\" data-element_type=\"section\">\n\t\t\t\t\t\t<div class=\"elementor-container elementor-column-gap-default\">\n\t\t\t\t\t<div class=\"elementor-column elementor-col-100 elementor-top-column elementor-element elementor-element-751d1f1 column-style-top\" data-id=\"751d1f1\" data-element_type=\"column\">\n\t\t\t<div class=\"elementor-widget-wrap elementor-element-populated\">\n\t\t\t\t\t\t\t\t<div class=\"elementor-element elementor-element-85880b5 elementor-tabs-view-vertical elementor-widget elementor-widget-tabs\" data-id=\"85880b5\" data-element_type=\"widget\" data-widget_type=\"tabs.default\">\n\t\t\t\t<div class=\"elementor-widget-container\">\n\t\t\t\t\t<div class=\"elementor-tabs\">\n\t\t\t<div class=\"elementor-tabs-wrapper\" role=\"tablist\" >\n\t\t\t\t\t\t\t\t\t<div id=\"elementor-tab-title-1401\" class=\"elementor-tab-title elementor-tab-desktop-title\" aria-selected=\"true\" data-tab=\"1\" role=\"tab\" tabindex=\"0\" aria-controls=\"elementor-tab-content-1401\" aria-expanded=\"false\">Human Resources Policy<\/div>\n\t\t\t\t\t\t\t\t\t<div id=\"elementor-tab-title-1402\" class=\"elementor-tab-title elementor-tab-desktop-title\" aria-selected=\"false\" data-tab=\"2\" role=\"tab\" tabindex=\"-1\" aria-controls=\"elementor-tab-content-1402\" aria-expanded=\"false\">Vision & Mission<\/div>\n\t\t\t\t\t\t\t\t\t<div id=\"elementor-tab-title-1403\" class=\"elementor-tab-title elementor-tab-desktop-title\" aria-selected=\"false\" data-tab=\"3\" role=\"tab\" tabindex=\"-1\" aria-controls=\"elementor-tab-content-1403\" aria-expanded=\"false\">Training<\/div>\n\t\t\t\t\t\t\t<\/div>\n\t\t\t<div class=\"elementor-tabs-content-wrapper\" role=\"tablist\" aria-orientation=\"vertical\">\n\t\t\t\t\t\t\t\t\t<div class=\"elementor-tab-title elementor-tab-mobile-title\" aria-selected=\"true\" data-tab=\"1\" role=\"tab\" tabindex=\"0\" aria-controls=\"elementor-tab-content-1401\" aria-expanded=\"false\">Human Resources Policy<\/div>\n\t\t\t\t\t<div id=\"elementor-tab-content-1401\" class=\"elementor-tab-content elementor-clearfix\" data-tab=\"1\" role=\"tabpanel\" aria-labelledby=\"elementor-tab-title-1401\" tabindex=\"0\" hidden=\"false\"><ul><li>Our fundamental and unwavering goals are as follows: Strive to ensure that we provide our colleagues the most effective and productive work environment that motivates them;<\/li><li>Find the most suitable candidates by taking into consideration not only today&#8217;s needs, but also the needs of the future;<\/li><li>Offer transparent recruitment processes;<\/li><li>Create and maintain a healthy, peaceful work environment in terms of occupational safety and health;<\/li><li>Build and operate systems that allow our employees to advance, perform well and improve their careers;<\/li><li>Develop and implement educational programs by pinpointing our employees&#8217; training needs;<\/li><li>Appoint employees to tasks that are in line with their knowledge and skills, and introduce regulations that improve work efficiency and productivity;<\/li><li>Recognize and reward high-performing employees as much as possible;<\/li><li>Introduce policies and procedures so that employees can perform their duties in a safe environment.<\/li><\/ul><\/div>\n\t\t\t\t\t\t\t\t\t<div class=\"elementor-tab-title elementor-tab-mobile-title\" aria-selected=\"false\" data-tab=\"2\" role=\"tab\" tabindex=\"-1\" aria-controls=\"elementor-tab-content-1402\" aria-expanded=\"false\">Vision & Mission<\/div>\n\t\t\t\t\t<div id=\"elementor-tab-content-1402\" class=\"elementor-tab-content elementor-clearfix\" data-tab=\"2\" role=\"tabpanel\" aria-labelledby=\"elementor-tab-title-1402\" tabindex=\"0\" hidden=\"hidden\"><h4>Vision<\/h4><p>Provide customer-centric, innovative and sustainable human resources that are responsible to society and employees with a non-compromising attitude while ensuring employee satisfaction, the highest contributor in the success of Hali\u00e7 Kongre Merkezi \u0130\u015fletmeleri A.\u015e.<\/p><h4>Mission<\/h4><p>Collaborate with internal and external customers in the planning and implementation of human resources functions, and act as a strategic business partner to our company.<\/p><p>\u00a0<\/p><\/div>\n\t\t\t\t\t\t\t\t\t<div class=\"elementor-tab-title elementor-tab-mobile-title\" aria-selected=\"false\" data-tab=\"3\" role=\"tab\" tabindex=\"-1\" aria-controls=\"elementor-tab-content-1403\" aria-expanded=\"false\">Training<\/div>\n\t\t\t\t\t<div id=\"elementor-tab-content-1403\" class=\"elementor-tab-content elementor-clearfix\" data-tab=\"3\" role=\"tabpanel\" aria-labelledby=\"elementor-tab-title-1403\" tabindex=\"0\" hidden=\"hidden\"><p>Hali\u00e7 Congress Center\u00a0provides career training opportunities to new and current employees for personal development as well as to improve their present skills.<\/p><\/div>\n\t\t\t\t\t\t\t<\/div>\n\t\t<\/div>\n\t\t\t\t<\/div>\n\t\t\t\t<\/div>\n\t\t\t\t\t<\/div>\n\t\t<\/div>\n\t\t\t\t\t\t\t<\/div>\n\t\t<\/section>\n\t\t\t\t<section class=\"elementor-section elementor-top-section elementor-element elementor-element-d5ec65a elementor-hidden-desktop elementor-hidden-laptop elementor-hidden-tablet elementor-hidden-mobile elementor-section-boxed elementor-section-height-default elementor-section-height-default\" data-id=\"d5ec65a\" data-element_type=\"section\">\n\t\t\t\t\t\t<div class=\"elementor-container elementor-column-gap-default\">\n\t\t\t\t\t<div class=\"elementor-column elementor-col-100 elementor-top-column elementor-element elementor-element-05e287d column-style-top\" data-id=\"05e287d\" data-element_type=\"column\">\n\t\t\t<div class=\"elementor-widget-wrap elementor-element-populated\">\n\t\t\t\t\t\t\t\t<div class=\"elementor-element elementor-element-8ba36e9 elementor-widget-divider--view-line elementor-widget elementor-widget-divider\" data-id=\"8ba36e9\" data-element_type=\"widget\" data-widget_type=\"divider.default\">\n\t\t\t\t<div class=\"elementor-widget-container\">\n\t\t\t\t\t<div class=\"elementor-divider\">\n\t\t\t<span class=\"elementor-divider-separator\">\n\t\t\t\t\t\t<\/span>\n\t\t<\/div>\n\t\t\t\t<\/div>\n\t\t\t\t<\/div>\n\t\t\t\t<div class=\"elementor-element elementor-element-90ad35f elementor-widget elementor-widget-heading\" data-id=\"90ad35f\" data-element_type=\"widget\" data-widget_type=\"heading.default\">\n\t\t\t\t<div class=\"elementor-widget-container\">\n\t\t\t<h3 class=\"elementor-heading-title elementor-size-default\">Vacancy<br> Announcements<\/h3>\t\t<\/div>\n\t\t\t\t<\/div>\n\t\t\t\t\t<\/div>\n\t\t<\/div>\n\t\t\t\t\t\t\t<\/div>\n\t\t<\/section>\n\t\t\t\t<section class=\"elementor-section elementor-top-section elementor-element elementor-element-3dc7cd8 elementor-hidden-desktop elementor-hidden-laptop elementor-hidden-tablet elementor-hidden-mobile elementor-section-boxed elementor-section-height-default elementor-section-height-default\" data-id=\"3dc7cd8\" data-element_type=\"section\">\n\t\t\t\t\t\t<div class=\"elementor-container elementor-column-gap-default\">\n\t\t\t\t\t<div class=\"elementor-column elementor-col-50 elementor-top-column elementor-element elementor-element-e4df3aa column-style-top\" data-id=\"e4df3aa\" data-element_type=\"column\">\n\t\t\t<div class=\"elementor-widget-wrap elementor-element-populated\">\n\t\t\t\t\t\t\t\t<div class=\"elementor-element elementor-element-975e607 elementor-widget elementor-widget-gva-career-block\" data-id=\"975e607\" data-element_type=\"widget\" data-widget_type=\"gva-career-block.default\">\n\t\t\t\t<div class=\"elementor-widget-container\">\n\t\t\t<div class=\"gva-element-gva-career-block gva-element\">   <div class=\"gsc-career\">\r\n               <div class=\"image-box\"><img src=\"http:\/\/halic.com\/en\/wp-content\/uploads\/2021\/09\/cropped-hcc-icon.png\" alt=\"B\u00fct\u00e7e ve Raporlama Uzman\u0131\"\/><\/div>\r\n      \r\n      <div class=\"box-content clearfix\">\r\n                     <span class=\"job-type\">Full Time<\/span>\r\n                              <h2 class=\"title\">\r\n              <a href=\"https:\/\/www.kariyer.net\/is-ilani\/halic-kongre-merkezi-isletmeleri-a-s-butce-ve-raporlama-uzmani-2832936\">B\u00fct\u00e7e ve Raporlama Uzman\u0131<\/a>            <\/h2>\r\n                  <div class=\"box-information clearfix\">\r\n            <ul>\r\n                                 <li class=\"job-company\">\r\n                     <i class=\"icon fa fa-suitcase\"><\/i>\r\n                     Halic Congress Center                  <\/li>\r\n                                                <li class=\"job-address\">\r\n                     <i class=\"icon fas fa-map-marker-alt\"><\/i>\r\n                     Istanbul                  <\/li>\r\n                           <\/ul>\r\n         <\/div>\r\n      <\/div>   \r\n   <\/div>\r\n<\/div>\t\t<\/div>\n\t\t\t\t<\/div>\n\t\t\t\t\t<\/div>\n\t\t<\/div>\n\t\t\t\t<div class=\"elementor-column elementor-col-50 elementor-top-column elementor-element elementor-element-8b68fe2 column-style-top\" data-id=\"8b68fe2\" data-element_type=\"column\">\n\t\t\t<div class=\"elementor-widget-wrap\">\n\t\t\t\t\t\t\t\t\t<\/div>\n\t\t<\/div>\n\t\t\t\t\t\t\t<\/div>\n\t\t<\/section>\n\t\t\t\t<section class=\"elementor-section elementor-top-section elementor-element elementor-element-7bd8c07 elementor-section-full_width elementor-section-content-middle elementor-section-stretched elementor-section-height-default elementor-section-height-default\" data-id=\"7bd8c07\" data-element_type=\"section\" data-settings=\"{&quot;stretch_section&quot;:&quot;section-stretched&quot;}\">\n\t\t\t\t\t\t<div class=\"elementor-container elementor-column-gap-no\">\n\t\t\t\t\t<div class=\"elementor-column elementor-col-50 elementor-top-column elementor-element elementor-element-b83e4ae column-style-top\" data-id=\"b83e4ae\" data-element_type=\"column\" data-settings=\"{&quot;background_background&quot;:&quot;classic&quot;}\">\n\t\t\t<div class=\"elementor-widget-wrap elementor-element-populated\">\n\t\t\t\t\t\t\t\t<section class=\"elementor-section elementor-inner-section elementor-element elementor-element-b80eb6f elementor-section-boxed elementor-section-height-default elementor-section-height-default\" data-id=\"b80eb6f\" data-element_type=\"section\">\n\t\t\t\t\t\t<div class=\"elementor-container elementor-column-gap-no\">\n\t\t\t\t\t<div class=\"elementor-column elementor-col-50 elementor-inner-column elementor-element elementor-element-72bd1ce column-style-top\" data-id=\"72bd1ce\" data-element_type=\"column\">\n\t\t\t<div class=\"elementor-widget-wrap\">\n\t\t\t\t\t\t\t\t\t<\/div>\n\t\t<\/div>\n\t\t\t\t<div class=\"elementor-column elementor-col-50 elementor-inner-column elementor-element elementor-element-e1ba445 column-style-top\" data-id=\"e1ba445\" data-element_type=\"column\">\n\t\t\t<div class=\"elementor-widget-wrap elementor-element-populated\">\n\t\t\t\t\t\t\t\t<div class=\"elementor-element elementor-element-ab49f07 elementor-widget elementor-widget-heading\" data-id=\"ab49f07\" data-element_type=\"widget\" data-widget_type=\"heading.default\">\n\t\t\t\t<div class=\"elementor-widget-container\">\n\t\t\t<h3 class=\"elementor-heading-title elementor-size-default\">General<br> Application Form<\/h3>\t\t<\/div>\n\t\t\t\t<\/div>\n\t\t\t\t<div class=\"elementor-element elementor-element-76dd114 elementor-widget elementor-widget-text-editor\" data-id=\"76dd114\" data-element_type=\"widget\" data-widget_type=\"text-editor.default\">\n\t\t\t\t<div class=\"elementor-widget-container\">\n\t\t\t\t\t\t\t<p>Halic Congress Center provides a variety of opportunities to shape your career. You may visit our career portal to check available vacancies or submit your resumes for general applications.<\/p>\t\t\t\t\t\t<\/div>\n\t\t\t\t<\/div>\n\t\t\t\t\t<\/div>\n\t\t<\/div>\n\t\t\t\t\t\t\t<\/div>\n\t\t<\/section>\n\t\t\t\t\t<\/div>\n\t\t<\/div>\n\t\t\t\t<div class=\"elementor-column elementor-col-50 elementor-top-column elementor-element elementor-element-4d218a8 column-style-top\" data-id=\"4d218a8\" data-element_type=\"column\" data-settings=\"{&quot;background_background&quot;:&quot;classic&quot;}\">\n\t\t\t<div class=\"elementor-widget-wrap elementor-element-populated\">\n\t\t\t\t\t\t\t\t<section class=\"elementor-section elementor-inner-section elementor-element elementor-element-a60c2b3 elementor-section-boxed elementor-section-height-default elementor-section-height-default\" data-id=\"a60c2b3\" data-element_type=\"section\">\n\t\t\t\t\t\t<div class=\"elementor-container elementor-column-gap-no\">\n\t\t\t\t\t<div class=\"elementor-column elementor-col-50 elementor-inner-column elementor-element elementor-element-d71ef87 column-style-top\" data-id=\"d71ef87\" data-element_type=\"column\">\n\t\t\t<div class=\"elementor-widget-wrap elementor-element-populated\">\n\t\t\t\t\t\t\t\t<div class=\"elementor-element elementor-element-5e730a5 elementor-button-align-stretch elementor-widget elementor-widget-form\" data-id=\"5e730a5\" data-element_type=\"widget\" data-settings=\"{&quot;button_width&quot;:&quot;50&quot;,&quot;step_next_label&quot;:&quot;Next&quot;,&quot;step_previous_label&quot;:&quot;Previous&quot;,&quot;step_type&quot;:&quot;number_text&quot;,&quot;step_icon_shape&quot;:&quot;circle&quot;}\" data-widget_type=\"form.default\">\n\t\t\t\t<div class=\"elementor-widget-container\">\n\t\t\t\t\t<form class=\"elementor-form\" method=\"post\" name=\"New Form\">\n\t\t\t<input type=\"hidden\" name=\"post_id\" value=\"5448\"\/>\n\t\t\t<input type=\"hidden\" name=\"form_id\" value=\"5e730a5\"\/>\n\t\t\t<input type=\"hidden\" name=\"referer_title\" value=\"Halic Congress Center\" \/>\n\n\t\t\t\n\t\t\t<div class=\"elementor-form-fields-wrapper elementor-labels-above\">\n\t\t\t\t\t\t\t\t<div class=\"elementor-field-type-text elementor-field-group elementor-column elementor-field-group-name elementor-col-50 elementor-field-required\">\n\t\t\t\t\t<label for=\"form-field-name\" class=\"elementor-field-label\">Full Name<\/label><input size=\"1\" type=\"text\" name=\"form_fields[name]\" id=\"form-field-name\" class=\"elementor-field elementor-size-sm  elementor-field-textual\" required=\"required\" aria-required=\"true\">\t\t\t\t<\/div>\n\t\t\t\t\t\t\t\t<div class=\"elementor-field-type-email elementor-field-group elementor-column elementor-field-group-email elementor-col-50 elementor-field-required\">\n\t\t\t\t\t<label for=\"form-field-email\" class=\"elementor-field-label\">Email<\/label><input size=\"1\" type=\"email\" name=\"form_fields[email]\" id=\"form-field-email\" class=\"elementor-field elementor-size-sm  elementor-field-textual\" required=\"required\" aria-required=\"true\">\t\t\t\t<\/div>\n\t\t\t\t\t\t\t\t<div class=\"elementor-field-type-tel elementor-field-group elementor-column elementor-field-group-field_96a9565 elementor-col-50 elementor-field-required\">\n\t\t\t\t\t<label for=\"form-field-field_96a9565\" class=\"elementor-field-label\">Phone Number<\/label><input size=\"1\" type=\"tel\" name=\"form_fields[field_96a9565]\" id=\"form-field-field_96a9565\" class=\"elementor-field elementor-size-sm  elementor-field-textual\" required=\"required\" aria-required=\"true\" pattern=\"[0-9()#&amp;+*-=.]+\" title=\"Only numbers and phone characters (#, -, *, etc) are accepted.\">\t\t\t\t<\/div>\n\t\t\t\t\t\t\t\t<div class=\"elementor-field-type-upload elementor-field-group elementor-column elementor-field-group-field_91170a0 elementor-col-50 elementor-field-required\">\n\t\t\t\t\t<label for=\"form-field-field_91170a0\" class=\"elementor-field-label\">Upload Your Resume<\/label><input type=\"file\" name=\"form_fields[field_91170a0][]\" id=\"form-field-field_91170a0\" class=\"elementor-field elementor-size-sm  elementor-upload-field\" required=\"required\" aria-required=\"true\" multiple=\"multiple\" data-maxsize=\"6\" data-maxsize-message=\"This file exceeds the maximum allowed size.\">\t\t\t\t<\/div>\n\t\t\t\t\t\t\t\t<div class=\"elementor-field-type-acceptance elementor-field-group elementor-column elementor-field-group-field_39e128c elementor-col-50\">\n\t\t\t\t\t<div class=\"elementor-field-subgroup\"><span class=\"elementor-field-option\"><input type=\"checkbox\" name=\"form_fields[field_39e128c]\" id=\"form-field-field_39e128c\" class=\"elementor-field elementor-size-sm  elementor-acceptance-field\"> <label for=\"form-field-field_39e128c\">I've read your Privacy Policy<\/label><\/span><\/div>\t\t\t\t<\/div>\n\t\t\t\t\t\t\t\t<div class=\"elementor-field-group elementor-column elementor-field-type-submit elementor-col-50 e-form__buttons\">\n\t\t\t\t\t<button type=\"submit\" class=\"elementor-button elementor-size-sm\">\n\t\t\t\t\t\t<span >\n\t\t\t\t\t\t\t\t\t\t\t\t\t\t\t<span class=\" elementor-button-icon\">\n\t\t\t\t\t\t\t\t\t\t\t\t\t\t\t\t\t\t\t\t\t\t\t\t\t\t<\/span>\n\t\t\t\t\t\t\t\t\t\t\t\t\t\t\t\t\t\t\t\t\t\t<span class=\"elementor-button-text\">Submit<\/span>\n\t\t\t\t\t\t\t\t\t\t\t\t\t<\/span>\n\t\t\t\t\t<\/button>\n\t\t\t\t<\/div>\n\t\t\t<\/div>\n\t\t<\/form>\n\t\t\t\t<\/div>\n\t\t\t\t<\/div>\n\t\t\t\t\t<\/div>\n\t\t<\/div>\n\t\t\t\t<div class=\"elementor-column elementor-col-50 elementor-inner-column elementor-element elementor-element-7f00fbe column-style-top\" data-id=\"7f00fbe\" data-element_type=\"column\">\n\t\t\t<div class=\"elementor-widget-wrap\">\n\t\t\t\t\t\t\t\t\t<\/div>\n\t\t<\/div>\n\t\t\t\t\t\t\t<\/div>\n\t\t<\/section>\n\t\t\t\t\t<\/div>\n\t\t<\/div>\n\t\t\t\t\t\t\t<\/div>\n\t\t<\/section>\n\t\t\t\t\t\t<\/div>\n\t\t\t\t\t<\/div>\n\t\t","protected":false},"excerpt":{"rendered":"<p>Human Resources Policy Vision &#038; Mission Training Human Resources Policy Our fundamental and unwavering goals are as follows: Strive to ensure that we provide our colleagues the most effective and [&hellip;]<\/p>\n","protected":false},"author":1,"featured_media":0,"parent":0,"menu_order":0,"comment_status":"closed","ping_status":"closed","template":"","meta":[],"yoast_head":"<!-- This site is optimized with the Yoast SEO plugin v18.9 - https:\/\/yoast.com\/wordpress\/plugins\/seo\/ -->\n<title>Careers - Halic Congress Center<\/title>\n<meta name=\"robots\" content=\"index, follow, max-snippet:-1, max-image-preview:large, max-video-preview:-1\" \/>\n<link rel=\"canonical\" href=\"https:\/\/halic.com\/en\/careers\/\" \/>\n<meta property=\"og:locale\" content=\"en_US\" \/>\n<meta property=\"og:type\" content=\"article\" \/>\n<meta property=\"og:title\" content=\"Careers - Halic Congress Center\" \/>\n<meta property=\"og:description\" content=\"Human Resources Policy Vision &#038; Mission Training Human Resources Policy Our fundamental and unwavering goals are as follows: Strive to ensure that we provide our colleagues the most effective and [&hellip;]\" \/>\n<meta property=\"og:url\" content=\"https:\/\/halic.com\/en\/careers\/\" \/>\n<meta property=\"og:site_name\" content=\"Halic Congress Center\" \/>\n<meta property=\"article:modified_time\" content=\"2023-09-19T12:30:19+00:00\" \/>\n<meta property=\"og:image\" content=\"http:\/\/halic.com\/en\/wp-content\/uploads\/2021\/09\/cropped-hcc-icon.png\" \/>\n<meta name=\"twitter:card\" content=\"summary_large_image\" \/>\n<meta name=\"twitter:label1\" content=\"Est. reading time\" \/>\n\t<meta name=\"twitter:data1\" content=\"2 minutes\" \/>\n<script type=\"application\/ld+json\" class=\"yoast-schema-graph\">{\"@context\":\"https:\/\/schema.org\",\"@graph\":[{\"@type\":\"WebSite\",\"@id\":\"https:\/\/halic.com\/en\/#website\",\"url\":\"https:\/\/halic.com\/en\/\",\"name\":\"Halic Congress Center\",\"description\":\"Happy Venue\",\"potentialAction\":[{\"@type\":\"SearchAction\",\"target\":{\"@type\":\"EntryPoint\",\"urlTemplate\":\"https:\/\/halic.com\/en\/?s={search_term_string}\"},\"query-input\":\"required name=search_term_string\"}],\"inLanguage\":\"en-US\"},{\"@type\":\"ImageObject\",\"inLanguage\":\"en-US\",\"@id\":\"https:\/\/halic.com\/en\/careers\/#primaryimage\",\"url\":\"http:\/\/halic.com\/en\/wp-content\/uploads\/2021\/09\/cropped-hcc-icon.png\",\"contentUrl\":\"http:\/\/halic.com\/en\/wp-content\/uploads\/2021\/09\/cropped-hcc-icon.png\"},{\"@type\":\"WebPage\",\"@id\":\"https:\/\/halic.com\/en\/careers\/#webpage\",\"url\":\"https:\/\/halic.com\/en\/careers\/\",\"name\":\"Careers - Halic Congress Center\",\"isPartOf\":{\"@id\":\"https:\/\/halic.com\/en\/#website\"},\"primaryImageOfPage\":{\"@id\":\"https:\/\/halic.com\/en\/careers\/#primaryimage\"},\"datePublished\":\"2019-06-13T07:25:24+00:00\",\"dateModified\":\"2023-09-19T12:30:19+00:00\",\"breadcrumb\":{\"@id\":\"https:\/\/halic.com\/en\/careers\/#breadcrumb\"},\"inLanguage\":\"en-US\",\"potentialAction\":[{\"@type\":\"ReadAction\",\"target\":[\"https:\/\/halic.com\/en\/careers\/\"]}]},{\"@type\":\"BreadcrumbList\",\"@id\":\"https:\/\/halic.com\/en\/careers\/#breadcrumb\",\"itemListElement\":[{\"@type\":\"ListItem\",\"position\":1,\"name\":\"Home\",\"item\":\"https:\/\/halic.com\/en\/\"},{\"@type\":\"ListItem\",\"position\":2,\"name\":\"Careers\"}]}]}<\/script>\n<!-- \/ Yoast SEO plugin. -->","yoast_head_json":{"title":"Careers - Halic Congress Center","robots":{"index":"index","follow":"follow","max-snippet":"max-snippet:-1","max-image-preview":"max-image-preview:large","max-video-preview":"max-video-preview:-1"},"canonical":"https:\/\/halic.com\/en\/careers\/","og_locale":"en_US","og_type":"article","og_title":"Careers - Halic Congress Center","og_description":"Human Resources Policy Vision &#038; Mission Training Human Resources Policy Our fundamental and unwavering goals are as follows: Strive to ensure that we provide our colleagues the most effective and [&hellip;]","og_url":"https:\/\/halic.com\/en\/careers\/","og_site_name":"Halic Congress Center","article_modified_time":"2023-09-19T12:30:19+00:00","og_image":[{"url":"http:\/\/halic.com\/en\/wp-content\/uploads\/2021\/09\/cropped-hcc-icon.png"}],"twitter_card":"summary_large_image","twitter_misc":{"Est. reading time":"2 minutes"},"schema":{"@context":"https:\/\/schema.org","@graph":[{"@type":"WebSite","@id":"https:\/\/halic.com\/en\/#website","url":"https:\/\/halic.com\/en\/","name":"Halic Congress Center","description":"Happy Venue","potentialAction":[{"@type":"SearchAction","target":{"@type":"EntryPoint","urlTemplate":"https:\/\/halic.com\/en\/?s={search_term_string}"},"query-input":"required name=search_term_string"}],"inLanguage":"en-US"},{"@type":"ImageObject","inLanguage":"en-US","@id":"https:\/\/halic.com\/en\/careers\/#primaryimage","url":"http:\/\/halic.com\/en\/wp-content\/uploads\/2021\/09\/cropped-hcc-icon.png","contentUrl":"http:\/\/halic.com\/en\/wp-content\/uploads\/2021\/09\/cropped-hcc-icon.png"},{"@type":"WebPage","@id":"https:\/\/halic.com\/en\/careers\/#webpage","url":"https:\/\/halic.com\/en\/careers\/","name":"Careers - Halic Congress Center","isPartOf":{"@id":"https:\/\/halic.com\/en\/#website"},"primaryImageOfPage":{"@id":"https:\/\/halic.com\/en\/careers\/#primaryimage"},"datePublished":"2019-06-13T07:25:24+00:00","dateModified":"2023-09-19T12:30:19+00:00","breadcrumb":{"@id":"https:\/\/halic.com\/en\/careers\/#breadcrumb"},"inLanguage":"en-US","potentialAction":[{"@type":"ReadAction","target":["https:\/\/halic.com\/en\/careers\/"]}]},{"@type":"BreadcrumbList","@id":"https:\/\/halic.com\/en\/careers\/#breadcrumb","itemListElement":[{"@type":"ListItem","position":1,"name":"Home","item":"https:\/\/halic.com\/en\/"},{"@type":"ListItem","position":2,"name":"Careers"}]}]}},"_links":{"self":[{"href":"https:\/\/halic.com\/en\/wp-json\/wp\/v2\/pages\/5448"}],"collection":[{"href":"https:\/\/halic.com\/en\/wp-json\/wp\/v2\/pages"}],"about":[{"href":"https:\/\/halic.com\/en\/wp-json\/wp\/v2\/types\/page"}],"author":[{"embeddable":true,"href":"https:\/\/halic.com\/en\/wp-json\/wp\/v2\/users\/1"}],"replies":[{"embeddable":true,"href":"https:\/\/halic.com\/en\/wp-json\/wp\/v2\/comments?post=5448"}],"version-history":[{"count":66,"href":"https:\/\/halic.com\/en\/wp-json\/wp\/v2\/pages\/5448\/revisions"}],"predecessor-version":[{"id":12939,"href":"https:\/\/halic.com\/en\/wp-json\/wp\/v2\/pages\/5448\/revisions\/12939"}],"wp:attachment":[{"href":"https:\/\/halic.com\/en\/wp-json\/wp\/v2\/media?parent=5448"}],"curies":[{"name":"wp","href":"https:\/\/api.w.org\/{rel}","templated":true}]}}