{"id":9663,"date":"2021-10-20T22:59:29","date_gmt":"2021-10-20T19:59:29","guid":{"rendered":"http:\/\/halic.com\/en\/?page_id=9663"},"modified":"2021-10-25T01:07:50","modified_gmt":"2021-10-24T22:07:50","slug":"istanbul-and-halic-region","status":"publish","type":"page","link":"https:\/\/halic.com\/en\/istanbul-and-halic-region\/","title":{"rendered":"\u0130stanbul and Halic Region"},"content":{"rendered":"\t\t<div data-elementor-type=\"wp-page\" data-elementor-id=\"9663\" class=\"elementor elementor-9663\" data-elementor-settings=\"[]\">\n\t\t\t\t\t\t\t<div class=\"elementor-section-wrap\">\n\t\t\t\t\t\t\t<section class=\"elementor-section elementor-top-section elementor-element elementor-element-20a1f96 elementor-section-stretched elementor-section-full_width elementor-section-content-middle elementor-section-height-default elementor-section-height-default\" data-id=\"20a1f96\" data-element_type=\"section\" data-settings=\"{&quot;stretch_section&quot;:&quot;section-stretched&quot;,&quot;background_background&quot;:&quot;classic&quot;,&quot;shape_divider_bottom&quot;:&quot;waves&quot;,&quot;shape_divider_bottom_negative&quot;:&quot;yes&quot;}\">\n\t\t\t\t\t<div class=\"elementor-shape elementor-shape-bottom\" data-negative=\"true\">\n\t\t\t<svg xmlns=\"http:\/\/www.w3.org\/2000\/svg\" viewBox=\"0 0 1000 100\" preserveAspectRatio=\"none\">\n\t<path class=\"elementor-shape-fill\" d=\"M790.5,93.1c-59.3-5.3-116.8-18-192.6-50c-29.6-12.7-76.9-31-100.5-35.9c-23.6-4.9-52.6-7.8-75.5-5.3\n\tc-10.2,1.1-22.6,1.4-50.1,7.4c-27.2,6.3-58.2,16.6-79.4,24.7c-41.3,15.9-94.9,21.9-134,22.6C72,58.2,0,25.8,0,25.8V100h1000V65.3\n\tc0,0-51.5,19.4-106.2,25.7C839.5,97,814.1,95.2,790.5,93.1z\"\/>\n<\/svg>\t\t<\/div>\n\t\t\t\t\t<div class=\"elementor-container elementor-column-gap-default\">\n\t\t\t\t\t<div class=\"elementor-column elementor-col-50 elementor-top-column elementor-element elementor-element-e3b8de6\" data-id=\"e3b8de6\" data-element_type=\"column\">\n\t\t\t<div class=\"elementor-widget-wrap elementor-element-populated\">\n\t\t\t\t\t\t\t\t<section class=\"elementor-section elementor-inner-section elementor-element elementor-element-a6879ef elementor-section-boxed elementor-section-height-default elementor-section-height-default\" data-id=\"a6879ef\" data-element_type=\"section\">\n\t\t\t\t\t\t<div class=\"elementor-container elementor-column-gap-default\">\n\t\t\t\t\t<div class=\"elementor-column elementor-col-33 elementor-inner-column elementor-element elementor-element-34ebfec column-style-top\" data-id=\"34ebfec\" data-element_type=\"column\">\n\t\t\t<div class=\"elementor-widget-wrap\">\n\t\t\t\t\t\t\t\t\t<\/div>\n\t\t<\/div>\n\t\t\t\t<div class=\"elementor-column elementor-col-33 elementor-inner-column elementor-element elementor-element-2551ad6 column-style-top\" data-id=\"2551ad6\" data-element_type=\"column\">\n\t\t\t<div class=\"elementor-widget-wrap elementor-element-populated\">\n\t\t\t\t\t\t\t\t<div class=\"elementor-element elementor-element-0898087 elementor-widget elementor-widget-image\" data-id=\"0898087\" data-element_type=\"widget\" data-widget_type=\"image.default\">\n\t\t\t\t<div class=\"elementor-widget-container\">\n\t\t\t\t\t\t\t\t\t\t\t\t\t\t\t<img width=\"900\" height=\"900\" src=\"https:\/\/halic.com\/en\/wp-content\/uploads\/sites\/3\/2021\/10\/2-istanbul-light.svg\" class=\"attachment-large size-large\" alt=\"\" loading=\"lazy\" \/>\t\t\t\t\t\t\t\t\t\t\t\t\t\t\t<\/div>\n\t\t\t\t<\/div>\n\t\t\t\t\t<\/div>\n\t\t<\/div>\n\t\t\t\t<div class=\"elementor-column elementor-col-33 elementor-inner-column elementor-element elementor-element-fee8eea column-style-top\" data-id=\"fee8eea\" data-element_type=\"column\">\n\t\t\t<div class=\"elementor-widget-wrap\">\n\t\t\t\t\t\t\t\t\t<\/div>\n\t\t<\/div>\n\t\t\t\t\t\t\t<\/div>\n\t\t<\/section>\n\t\t\t\t<section class=\"elementor-section elementor-inner-section elementor-element elementor-element-9690121 elementor-section-boxed elementor-section-height-default elementor-section-height-default\" data-id=\"9690121\" data-element_type=\"section\">\n\t\t\t\t\t\t<div class=\"elementor-container elementor-column-gap-default\">\n\t\t\t\t\t<div class=\"elementor-column elementor-col-33 elementor-inner-column elementor-element elementor-element-d00710b column-style-top\" data-id=\"d00710b\" data-element_type=\"column\">\n\t\t\t<div class=\"elementor-widget-wrap\">\n\t\t\t\t\t\t\t\t\t<\/div>\n\t\t<\/div>\n\t\t\t\t<div class=\"elementor-column elementor-col-33 elementor-inner-column elementor-element elementor-element-927bf3a column-style-top\" data-id=\"927bf3a\" data-element_type=\"column\">\n\t\t\t<div class=\"elementor-widget-wrap elementor-element-populated\">\n\t\t\t\t\t\t\t\t<div class=\"elementor-element elementor-element-a6b3bbc elementor-widget elementor-widget-image\" data-id=\"a6b3bbc\" data-element_type=\"widget\" data-widget_type=\"image.default\">\n\t\t\t\t<div class=\"elementor-widget-container\">\n\t\t\t\t\t\t\t\t\t\t\t\t\t\t\t<img width=\"900\" height=\"900\" src=\"https:\/\/halic.com\/en\/wp-content\/uploads\/sites\/3\/2021\/10\/iitnclogo.svg\" class=\"attachment-large size-large\" alt=\"\" loading=\"lazy\" \/>\t\t\t\t\t\t\t\t\t\t\t\t\t\t\t<\/div>\n\t\t\t\t<\/div>\n\t\t\t\t\t<\/div>\n\t\t<\/div>\n\t\t\t\t<div class=\"elementor-column elementor-col-33 elementor-inner-column elementor-element elementor-element-fc80459 column-style-top\" data-id=\"fc80459\" data-element_type=\"column\">\n\t\t\t<div class=\"elementor-widget-wrap\">\n\t\t\t\t\t\t\t\t\t<\/div>\n\t\t<\/div>\n\t\t\t\t\t\t\t<\/div>\n\t\t<\/section>\n\t\t\t\t<section class=\"elementor-section elementor-inner-section elementor-element elementor-element-f1a8181 elementor-section-boxed elementor-section-height-default elementor-section-height-default\" data-id=\"f1a8181\" data-element_type=\"section\">\n\t\t\t\t\t\t<div class=\"elementor-container elementor-column-gap-default\">\n\t\t\t\t\t<div class=\"elementor-column elementor-col-33 elementor-inner-column elementor-element elementor-element-8e80b50 column-style-top\" data-id=\"8e80b50\" data-element_type=\"column\">\n\t\t\t<div class=\"elementor-widget-wrap\">\n\t\t\t\t\t\t\t\t\t<\/div>\n\t\t<\/div>\n\t\t\t\t<div class=\"elementor-column elementor-col-33 elementor-inner-column elementor-element elementor-element-16e1e8d column-style-top\" data-id=\"16e1e8d\" data-element_type=\"column\">\n\t\t\t<div class=\"elementor-widget-wrap elementor-element-populated\">\n\t\t\t\t\t\t\t\t<div class=\"elementor-element elementor-element-55c8eb9 elementor-widget elementor-widget-heading\" data-id=\"55c8eb9\" data-element_type=\"widget\" data-widget_type=\"heading.default\">\n\t\t\t\t<div class=\"elementor-widget-container\">\n\t\t\t<h2 class=\"elementor-heading-title elementor-size-default\">\u0130stanbul is The New Cool<\/h2>\t\t<\/div>\n\t\t\t\t<\/div>\n\t\t\t\t<div class=\"elementor-element elementor-element-bacccdf elementor-widget elementor-widget-text-editor\" data-id=\"bacccdf\" data-element_type=\"widget\" data-widget_type=\"text-editor.default\">\n\t\t\t\t<div class=\"elementor-widget-container\">\n\t\t\t\t\t\t\t<p>\u0130stanbul defines the word cool. Being home to a very diverse crowd, and holding two continents together, being cool is inevitable.<\/p>\t\t\t\t\t\t<\/div>\n\t\t\t\t<\/div>\n\t\t\t\t<div class=\"elementor-element elementor-element-f7736c3 elementor-mobile-align-center elementor-widget elementor-widget-button\" data-id=\"f7736c3\" data-element_type=\"widget\" data-widget_type=\"button.default\">\n\t\t\t\t<div class=\"elementor-widget-container\">\n\t\t\t\t\t<div class=\"elementor-button-wrapper\">\n\t\t\t<a href=\"https:\/\/goistanbulturkiye.com\/homepage\" target=\"_blank\" class=\"elementor-button-link elementor-button elementor-size-md\" role=\"button\">\n\t\t\t\t\t\t<span class=\"elementor-button-content-wrapper\">\n\t\t\t\t\t\t<span class=\"elementor-button-text\">Go Istanbul<\/span>\n\t\t<\/span>\n\t\t\t\t\t<\/a>\n\t\t<\/div>\n\t\t\t\t<\/div>\n\t\t\t\t<\/div>\n\t\t\t\t\t<\/div>\n\t\t<\/div>\n\t\t\t\t<div class=\"elementor-column elementor-col-33 elementor-inner-column elementor-element elementor-element-5e73f02 column-style-top\" data-id=\"5e73f02\" data-element_type=\"column\">\n\t\t\t<div class=\"elementor-widget-wrap\">\n\t\t\t\t\t\t\t\t\t<\/div>\n\t\t<\/div>\n\t\t\t\t\t\t\t<\/div>\n\t\t<\/section>\n\t\t\t\t\t<\/div>\n\t\t<\/div>\n\t\t\t\t<div class=\"elementor-column elementor-col-50 elementor-top-column elementor-element elementor-element-19bf83b column-style-top\" data-id=\"19bf83b\" data-element_type=\"column\">\n\t\t\t<div class=\"elementor-widget-wrap elementor-element-populated\">\n\t\t\t\t\t\t\t\t<div class=\"elementor-element elementor-element-f1a649c elementor-aspect-ratio-169 elementor-widget elementor-widget-video\" data-id=\"f1a649c\" data-element_type=\"widget\" data-settings=\"{&quot;youtube_url&quot;:&quot;https:\\\/\\\/youtu.be\\\/PD_4zMJUu_A&quot;,&quot;autoplay&quot;:&quot;yes&quot;,&quot;mute&quot;:&quot;yes&quot;,&quot;modestbranding&quot;:&quot;yes&quot;,&quot;yt_privacy&quot;:&quot;yes&quot;,&quot;lazy_load&quot;:&quot;yes&quot;,&quot;video_type&quot;:&quot;youtube&quot;,&quot;controls&quot;:&quot;yes&quot;,&quot;aspect_ratio&quot;:&quot;169&quot;}\" data-widget_type=\"video.default\">\n\t\t\t\t<div class=\"elementor-widget-container\">\n\t\t\t\t\t<div class=\"elementor-wrapper elementor-fit-aspect-ratio elementor-open-inline\">\n\t\t\t<div class=\"elementor-video\"><\/div>\t\t<\/div>\n\t\t\t\t<\/div>\n\t\t\t\t<\/div>\n\t\t\t\t\t<\/div>\n\t\t<\/div>\n\t\t\t\t\t\t\t<\/div>\n\t\t<\/section>\n\t\t\t\t<section class=\"elementor-section elementor-top-section elementor-element elementor-element-0de9ea8 elementor-section-stretched elementor-section-boxed elementor-section-height-default elementor-section-height-default\" data-id=\"0de9ea8\" data-element_type=\"section\" data-settings=\"{&quot;stretch_section&quot;:&quot;section-stretched&quot;}\">\n\t\t\t\t\t\t<div class=\"elementor-container elementor-column-gap-default\">\n\t\t\t\t\t<div class=\"elementor-column elementor-col-100 elementor-top-column elementor-element elementor-element-f10436a column-style-top\" data-id=\"f10436a\" data-element_type=\"column\">\n\t\t\t<div class=\"elementor-widget-wrap elementor-element-populated\">\n\t\t\t\t\t\t\t\t<div class=\"elementor-element elementor-element-d50125e elementor-widget elementor-widget-text-editor\" data-id=\"d50125e\" data-element_type=\"widget\" data-widget_type=\"text-editor.default\">\n\t\t\t\t<div class=\"elementor-widget-container\">\n\t\t\t\t\t\t\t<p>Istanbul is one of the world&#8217;s biggest metropolises, dating back 8,500 years as a host to the greatest civilizations and magnificent culture heritages of the world.<\/p><p>Hali\u00e7 has shaped the historic Istanbul peninsula and has functioned as a natural port for 2,000 years for the city that was named Byzantion, Constantinople, and Istanbul, respectively. It gave its name to the bay as well as to the surrounding region on the coastline, serving as a settlement for Greeks, Jews, Genovese, and other minorities throughout the Ottoman era.<\/p><p>Meaning <strong>&#8220;happy place,&#8221;<\/strong> or <strong>&#8220;Sadabad,&#8221;<\/strong> Hali\u00e7 was a leisurely area filled with upper class mansions and tulip gardens during the 18th century. Today, both shores of Hali\u00e7 have become areas to watch sunsets worthy of paintings and to enjoy its appealing parks. Fener and Balat stand out with their traditional wooden Istanbul homes, old neighborhoods, and Byzantine-era churches and temples. They are also home to the Fener Greek Patriarchate, the spiritual center of Orthodox Christians. Ey\u00fcp, another historic region, is the location of the &#8220;Ey\u00fcp Sultan Shrine and Mosque,&#8221; which gives the district its name and is regarded as the holiest site in Istanbul. And Pierre Loti Hill is the right place to take in the magnificent view of Hali\u00e7.<\/p><p>Nowadays, the Hali\u00e7 region is regarded as an center of education, culture and a fine arts, hosting venues with the likes of Miniat\u00fcrk, the first miniature park of Istanbul, Rahmi M. Ko\u00e7 Museum, Hali\u00e7 University, Kadir Has University, Bilgi University, Medipol University, and the Santral Istanbul, the first modern art museum of the city. The Hali\u00e7 Congress Center is the up-and-coming venue of the congress, meeting and event industry not only in Turkey but in the world, thanks to its surrounding universities, hotels within walking distance, projected new accommodation investments, and land and sea transportation.<\/p><p>It is seven minutes from Taksim and Emin\u00f6n\u00fc, 20 minutes from Atat\u00fcrk Airport, and only 45 minutes from Sabiha G\u00f6k\u00e7en Airport. The Center is a few minutes away from the E5 and TEM connections, and it offers guests access to the sea from S\u00fctl\u00fcce Port, either by event boats or city line ferries. It is the only congress center located by the sea.<\/p><p>Hali\u00e7 Congress Center is surrounded by nine 5-star hotels, four 4-star hotels and boutique hotels, totaling 2,757 rooms on a 5-square kilometer area.<\/p>\t\t\t\t\t\t<\/div>\n\t\t\t\t<\/div>\n\t\t\t\t\t<\/div>\n\t\t<\/div>\n\t\t\t\t\t\t\t<\/div>\n\t\t<\/section>\n\t\t\t\t<section class=\"elementor-section elementor-top-section elementor-element elementor-element-39a5842 elementor-section-stretched elementor-section-boxed elementor-section-height-default elementor-section-height-default\" data-id=\"39a5842\" data-element_type=\"section\" data-settings=\"{&quot;stretch_section&quot;:&quot;section-stretched&quot;}\">\n\t\t\t\t\t\t<div class=\"elementor-container elementor-column-gap-default\">\n\t\t\t\t\t<div class=\"elementor-column elementor-col-100 elementor-top-column elementor-element elementor-element-6697cf0 column-style-top\" data-id=\"6697cf0\" data-element_type=\"column\">\n\t\t\t<div class=\"elementor-widget-wrap elementor-element-populated\">\n\t\t\t\t\t\t\t\t<section class=\"elementor-section elementor-inner-section elementor-element elementor-element-556a27d elementor-section-full_width elementor-section-height-default elementor-section-height-default\" data-id=\"556a27d\" data-element_type=\"section\">\n\t\t\t\t\t\t<div class=\"elementor-container elementor-column-gap-default\">\n\t\t\t\t\t<div class=\"elementor-column elementor-col-50 elementor-inner-column elementor-element elementor-element-a96a0a1 column-style-top\" data-id=\"a96a0a1\" data-element_type=\"column\">\n\t\t\t<div class=\"elementor-widget-wrap elementor-element-populated\">\n\t\t\t\t\t\t\t\t<div class=\"elementor-element elementor-element-c779ae8 elementor-position-left elementor-vertical-align-middle elementor-widget elementor-widget-image-box\" data-id=\"c779ae8\" data-element_type=\"widget\" data-widget_type=\"image-box.default\">\n\t\t\t\t<div class=\"elementor-widget-container\">\n\t\t\t<div class=\"elementor-image-box-wrapper\"><figure class=\"elementor-image-box-img\"><a href=\"http:\/\/halic.com\/en\/getting-here\/\"><img width=\"750\" height=\"510\" src=\"https:\/\/halic.com\/en\/wp-content\/uploads\/sites\/3\/2021\/10\/kule-750x510.jpg\" class=\"elementor-animation-grow attachment-medium size-medium\" alt=\"\" loading=\"lazy\" \/><\/a><\/figure><div class=\"elementor-image-box-content\"><h3 class=\"elementor-image-box-title\"><a href=\"http:\/\/halic.com\/en\/getting-here\/\">Getting Here<\/a><\/h3><\/div><\/div>\t\t<\/div>\n\t\t\t\t<\/div>\n\t\t\t\t\t<\/div>\n\t\t<\/div>\n\t\t\t\t<div class=\"elementor-column elementor-col-50 elementor-inner-column elementor-element elementor-element-b692c89 column-style-top\" data-id=\"b692c89\" data-element_type=\"column\">\n\t\t\t<div class=\"elementor-widget-wrap elementor-element-populated\">\n\t\t\t\t\t\t\t\t<div class=\"elementor-element elementor-element-c087b1c elementor-position-left elementor-vertical-align-middle elementor-widget elementor-widget-image-box\" data-id=\"c087b1c\" data-element_type=\"widget\" data-widget_type=\"image-box.default\">\n\t\t\t\t<div class=\"elementor-widget-container\">\n\t\t\t<div class=\"elementor-image-box-wrapper\"><figure class=\"elementor-image-box-img\"><a href=\"http:\/\/halic.com\/en\/accommodation\/\"><img width=\"750\" height=\"510\" src=\"https:\/\/halic.com\/en\/wp-content\/uploads\/sites\/3\/2021\/10\/lazzoni-750x510.jpg\" class=\"elementor-animation-grow attachment-medium size-medium\" alt=\"\" loading=\"lazy\" \/><\/a><\/figure><div class=\"elementor-image-box-content\"><h3 class=\"elementor-image-box-title\"><a href=\"http:\/\/halic.com\/en\/accommodation\/\">Accommodation<\/a><\/h3><\/div><\/div>\t\t<\/div>\n\t\t\t\t<\/div>\n\t\t\t\t\t<\/div>\n\t\t<\/div>\n\t\t\t\t\t\t\t<\/div>\n\t\t<\/section>\n\t\t\t\t\t<\/div>\n\t\t<\/div>\n\t\t\t\t\t\t\t<\/div>\n\t\t<\/section>\n\t\t\t\t\t\t<\/div>\n\t\t\t\t\t<\/div>\n\t\t","protected":false},"excerpt":{"rendered":"<p>\u0130stanbul is The New Cool \u0130stanbul defines the word cool. Being home to a very diverse crowd, and holding two continents together, being cool is inevitable. Go Istanbul https:\/\/youtu.be\/PD_4zMJUu_A Istanbul [&hellip;]<\/p>\n","protected":false},"author":1,"featured_media":0,"parent":0,"menu_order":0,"comment_status":"closed","ping_status":"closed","template":"","meta":[],"yoast_head":"<!-- This site is optimized with the Yoast SEO plugin v18.9 - https:\/\/yoast.com\/wordpress\/plugins\/seo\/ -->\n<title>\u0130stanbul and Halic Region - Halic Congress Center<\/title>\n<meta name=\"robots\" content=\"index, follow, max-snippet:-1, max-image-preview:large, max-video-preview:-1\" \/>\n<link rel=\"canonical\" href=\"https:\/\/halic.com\/en\/istanbul-and-halic-region\/\" \/>\n<meta property=\"og:locale\" content=\"en_US\" \/>\n<meta property=\"og:type\" content=\"article\" \/>\n<meta property=\"og:title\" content=\"\u0130stanbul and Halic Region - Halic Congress Center\" \/>\n<meta property=\"og:description\" content=\"\u0130stanbul is The New Cool \u0130stanbul defines the word cool. Being home to a very diverse crowd, and holding two continents together, being cool is inevitable. Go Istanbul https:\/\/youtu.be\/PD_4zMJUu_A Istanbul [&hellip;]\" \/>\n<meta property=\"og:url\" content=\"https:\/\/halic.com\/en\/istanbul-and-halic-region\/\" \/>\n<meta property=\"og:site_name\" content=\"Halic Congress Center\" \/>\n<meta property=\"article:modified_time\" content=\"2021-10-24T22:07:50+00:00\" \/>\n<meta property=\"og:image\" content=\"http:\/\/halic.com\/en\/wp-content\/uploads\/sites\/3\/2021\/10\/2-istanbul-light.svg\" \/>\n<meta name=\"twitter:card\" content=\"summary_large_image\" \/>\n<meta name=\"twitter:label1\" content=\"Est. reading time\" \/>\n\t<meta name=\"twitter:data1\" content=\"2 minutes\" \/>\n<script type=\"application\/ld+json\" class=\"yoast-schema-graph\">{\"@context\":\"https:\/\/schema.org\",\"@graph\":[{\"@type\":\"WebSite\",\"@id\":\"https:\/\/halic.com\/en\/#website\",\"url\":\"https:\/\/halic.com\/en\/\",\"name\":\"Halic Congress Center\",\"description\":\"Happy Venue\",\"potentialAction\":[{\"@type\":\"SearchAction\",\"target\":{\"@type\":\"EntryPoint\",\"urlTemplate\":\"https:\/\/halic.com\/en\/?s={search_term_string}\"},\"query-input\":\"required name=search_term_string\"}],\"inLanguage\":\"en-US\"},{\"@type\":\"ImageObject\",\"inLanguage\":\"en-US\",\"@id\":\"https:\/\/halic.com\/en\/istanbul-and-halic-region\/#primaryimage\",\"url\":\"http:\/\/halic.com\/en\/wp-content\/uploads\/sites\/3\/2021\/10\/2-istanbul-light.svg\",\"contentUrl\":\"http:\/\/halic.com\/en\/wp-content\/uploads\/sites\/3\/2021\/10\/2-istanbul-light.svg\"},{\"@type\":\"WebPage\",\"@id\":\"https:\/\/halic.com\/en\/istanbul-and-halic-region\/#webpage\",\"url\":\"https:\/\/halic.com\/en\/istanbul-and-halic-region\/\",\"name\":\"\u0130stanbul and Halic Region - Halic Congress Center\",\"isPartOf\":{\"@id\":\"https:\/\/halic.com\/en\/#website\"},\"primaryImageOfPage\":{\"@id\":\"https:\/\/halic.com\/en\/istanbul-and-halic-region\/#primaryimage\"},\"datePublished\":\"2021-10-20T19:59:29+00:00\",\"dateModified\":\"2021-10-24T22:07:50+00:00\",\"breadcrumb\":{\"@id\":\"https:\/\/halic.com\/en\/istanbul-and-halic-region\/#breadcrumb\"},\"inLanguage\":\"en-US\",\"potentialAction\":[{\"@type\":\"ReadAction\",\"target\":[\"https:\/\/halic.com\/en\/istanbul-and-halic-region\/\"]}]},{\"@type\":\"BreadcrumbList\",\"@id\":\"https:\/\/halic.com\/en\/istanbul-and-halic-region\/#breadcrumb\",\"itemListElement\":[{\"@type\":\"ListItem\",\"position\":1,\"name\":\"Home\",\"item\":\"https:\/\/halic.com\/en\/\"},{\"@type\":\"ListItem\",\"position\":2,\"name\":\"\u0130stanbul and Halic Region\"}]}]}<\/script>\n<!-- \/ Yoast SEO plugin. -->","yoast_head_json":{"title":"\u0130stanbul and Halic Region - Halic Congress Center","robots":{"index":"index","follow":"follow","max-snippet":"max-snippet:-1","max-image-preview":"max-image-preview:large","max-video-preview":"max-video-preview:-1"},"canonical":"https:\/\/halic.com\/en\/istanbul-and-halic-region\/","og_locale":"en_US","og_type":"article","og_title":"\u0130stanbul and Halic Region - Halic Congress Center","og_description":"\u0130stanbul is The New Cool \u0130stanbul defines the word cool. Being home to a very diverse crowd, and holding two continents together, being cool is inevitable. Go Istanbul https:\/\/youtu.be\/PD_4zMJUu_A Istanbul [&hellip;]","og_url":"https:\/\/halic.com\/en\/istanbul-and-halic-region\/","og_site_name":"Halic Congress Center","article_modified_time":"2021-10-24T22:07:50+00:00","og_image":[{"url":"http:\/\/halic.com\/en\/wp-content\/uploads\/sites\/3\/2021\/10\/2-istanbul-light.svg"}],"twitter_card":"summary_large_image","twitter_misc":{"Est. reading time":"2 minutes"},"schema":{"@context":"https:\/\/schema.org","@graph":[{"@type":"WebSite","@id":"https:\/\/halic.com\/en\/#website","url":"https:\/\/halic.com\/en\/","name":"Halic Congress Center","description":"Happy Venue","potentialAction":[{"@type":"SearchAction","target":{"@type":"EntryPoint","urlTemplate":"https:\/\/halic.com\/en\/?s={search_term_string}"},"query-input":"required name=search_term_string"}],"inLanguage":"en-US"},{"@type":"ImageObject","inLanguage":"en-US","@id":"https:\/\/halic.com\/en\/istanbul-and-halic-region\/#primaryimage","url":"http:\/\/halic.com\/en\/wp-content\/uploads\/sites\/3\/2021\/10\/2-istanbul-light.svg","contentUrl":"http:\/\/halic.com\/en\/wp-content\/uploads\/sites\/3\/2021\/10\/2-istanbul-light.svg"},{"@type":"WebPage","@id":"https:\/\/halic.com\/en\/istanbul-and-halic-region\/#webpage","url":"https:\/\/halic.com\/en\/istanbul-and-halic-region\/","name":"\u0130stanbul and Halic Region - Halic Congress Center","isPartOf":{"@id":"https:\/\/halic.com\/en\/#website"},"primaryImageOfPage":{"@id":"https:\/\/halic.com\/en\/istanbul-and-halic-region\/#primaryimage"},"datePublished":"2021-10-20T19:59:29+00:00","dateModified":"2021-10-24T22:07:50+00:00","breadcrumb":{"@id":"https:\/\/halic.com\/en\/istanbul-and-halic-region\/#breadcrumb"},"inLanguage":"en-US","potentialAction":[{"@type":"ReadAction","target":["https:\/\/halic.com\/en\/istanbul-and-halic-region\/"]}]},{"@type":"BreadcrumbList","@id":"https:\/\/halic.com\/en\/istanbul-and-halic-region\/#breadcrumb","itemListElement":[{"@type":"ListItem","position":1,"name":"Home","item":"https:\/\/halic.com\/en\/"},{"@type":"ListItem","position":2,"name":"\u0130stanbul and Halic Region"}]}]}},"_links":{"self":[{"href":"https:\/\/halic.com\/en\/wp-json\/wp\/v2\/pages\/9663"}],"collection":[{"href":"https:\/\/halic.com\/en\/wp-json\/wp\/v2\/pages"}],"about":[{"href":"https:\/\/halic.com\/en\/wp-json\/wp\/v2\/types\/page"}],"author":[{"embeddable":true,"href":"https:\/\/halic.com\/en\/wp-json\/wp\/v2\/users\/1"}],"replies":[{"embeddable":true,"href":"https:\/\/halic.com\/en\/wp-json\/wp\/v2\/comments?post=9663"}],"version-history":[{"count":80,"href":"https:\/\/halic.com\/en\/wp-json\/wp\/v2\/pages\/9663\/revisions"}],"predecessor-version":[{"id":11066,"href":"https:\/\/halic.com\/en\/wp-json\/wp\/v2\/pages\/9663\/revisions\/11066"}],"wp:attachment":[{"href":"https:\/\/halic.com\/en\/wp-json\/wp\/v2\/media?parent=9663"}],"curies":[{"name":"wp","href":"https:\/\/api.w.org\/{rel}","templated":true}]}}