{"id":9842,"date":"2021-10-21T06:56:00","date_gmt":"2021-10-21T03:56:00","guid":{"rendered":"http:\/\/halic.com\/en\/?page_id=9842"},"modified":"2022-01-03T11:45:53","modified_gmt":"2022-01-03T08:45:53","slug":"stage-technologies","status":"publish","type":"page","link":"https:\/\/halic.com\/en\/stage-technologies\/","title":{"rendered":"Stage Technologies"},"content":{"rendered":"\t\t<div data-elementor-type=\"wp-page\" data-elementor-id=\"9842\" class=\"elementor elementor-9842\" data-elementor-settings=\"[]\">\n\t\t\t\t\t\t\t<div class=\"elementor-section-wrap\">\n\t\t\t\t\t\t\t<section class=\"elementor-section elementor-top-section elementor-element elementor-element-f37c739 elementor-section-stretched elementor-section-boxed elementor-section-height-default elementor-section-height-default\" data-id=\"f37c739\" data-element_type=\"section\" data-settings=\"{&quot;stretch_section&quot;:&quot;section-stretched&quot;}\">\n\t\t\t\t\t\t<div class=\"elementor-container elementor-column-gap-default\">\n\t\t\t\t\t<div class=\"elementor-column elementor-col-50 elementor-top-column elementor-element elementor-element-01ec822 column-style-top\" data-id=\"01ec822\" data-element_type=\"column\" data-settings=\"{&quot;background_background&quot;:&quot;classic&quot;}\">\n\t\t\t<div class=\"elementor-widget-wrap elementor-element-populated\">\n\t\t\t\t\t\t\t\t<div class=\"elementor-element elementor-element-f9459f7 elementor-widget elementor-widget-image\" data-id=\"f9459f7\" data-element_type=\"widget\" data-widget_type=\"image.default\">\n\t\t\t\t<div class=\"elementor-widget-container\">\n\t\t\t\t\t\t\t\t\t\t\t\t\t\t\t<img width=\"300\" height=\"197\" src=\"https:\/\/halic.com\/en\/wp-content\/uploads\/sites\/3\/2021\/10\/pia-logo.jpeg\" class=\"attachment-large size-large\" alt=\"\" loading=\"lazy\" \/>\t\t\t\t\t\t\t\t\t\t\t\t\t\t\t<\/div>\n\t\t\t\t<\/div>\n\t\t\t\t\t<\/div>\n\t\t<\/div>\n\t\t\t\t<div class=\"elementor-column elementor-col-50 elementor-top-column elementor-element elementor-element-1403be7 column-style-top\" data-id=\"1403be7\" data-element_type=\"column\">\n\t\t\t<div class=\"elementor-widget-wrap elementor-element-populated\">\n\t\t\t\t\t\t\t\t<div class=\"elementor-element elementor-element-22847c4 elementor-widget elementor-widget-image-carousel\" data-id=\"22847c4\" data-element_type=\"widget\" data-settings=\"{&quot;slides_to_show&quot;:&quot;3&quot;,&quot;navigation&quot;:&quot;none&quot;,&quot;autoplay_speed&quot;:2000,&quot;speed&quot;:400,&quot;image_spacing_custom&quot;:{&quot;unit&quot;:&quot;px&quot;,&quot;size&quot;:10,&quot;sizes&quot;:[]},&quot;autoplay&quot;:&quot;yes&quot;,&quot;pause_on_hover&quot;:&quot;yes&quot;,&quot;pause_on_interaction&quot;:&quot;yes&quot;,&quot;infinite&quot;:&quot;yes&quot;}\" data-widget_type=\"image-carousel.default\">\n\t\t\t\t<div class=\"elementor-widget-container\">\n\t\t\t\t\t<div class=\"elementor-image-carousel-wrapper swiper-container\" dir=\"ltr\">\n\t\t\t<div class=\"elementor-image-carousel swiper-wrapper\">\n\t\t\t\t\t\t\t\t<div class=\"swiper-slide\"><a data-elementor-open-lightbox=\"yes\" data-elementor-lightbox-slideshow=\"22847c4\" data-elementor-lightbox-title=\"PIA-Stage-Technologies\" href=\"https:\/\/halic.com\/en\/wp-content\/uploads\/sites\/3\/2021\/10\/PIA-Stage-Technologies.jpg\"><figure class=\"swiper-slide-inner\"><img class=\"swiper-slide-image\" src=\"https:\/\/halic.com\/en\/wp-content\/uploads\/sites\/3\/2021\/10\/PIA-Stage-Technologies.jpg\" alt=\"PIA-Stage-Technologies\" \/><\/figure><\/a><\/div><div class=\"swiper-slide\"><a data-elementor-open-lightbox=\"yes\" data-elementor-lightbox-slideshow=\"22847c4\" data-elementor-lightbox-title=\"PIA-Stage-Technologies2\" href=\"https:\/\/halic.com\/en\/wp-content\/uploads\/sites\/3\/2021\/10\/PIA-Stage-Technologies2.jpg\"><figure class=\"swiper-slide-inner\"><img class=\"swiper-slide-image\" src=\"https:\/\/halic.com\/en\/wp-content\/uploads\/sites\/3\/2021\/10\/PIA-Stage-Technologies2.jpg\" alt=\"PIA-Stage-Technologies2\" \/><\/figure><\/a><\/div><div class=\"swiper-slide\"><a data-elementor-open-lightbox=\"yes\" data-elementor-lightbox-slideshow=\"22847c4\" data-elementor-lightbox-title=\"PIA-Stage-Technologies3\" href=\"https:\/\/halic.com\/en\/wp-content\/uploads\/sites\/3\/2021\/10\/PIA-Stage-Technologies3.jpg\"><figure class=\"swiper-slide-inner\"><img class=\"swiper-slide-image\" src=\"https:\/\/halic.com\/en\/wp-content\/uploads\/sites\/3\/2021\/10\/PIA-Stage-Technologies3.jpg\" alt=\"PIA-Stage-Technologies3\" \/><\/figure><\/a><\/div><div class=\"swiper-slide\"><a data-elementor-open-lightbox=\"yes\" data-elementor-lightbox-slideshow=\"22847c4\" data-elementor-lightbox-title=\"PIA-Stage-Technologies4\" href=\"https:\/\/halic.com\/en\/wp-content\/uploads\/sites\/3\/2021\/10\/PIA-Stage-Technologies4.jpg\"><figure class=\"swiper-slide-inner\"><img class=\"swiper-slide-image\" src=\"https:\/\/halic.com\/en\/wp-content\/uploads\/sites\/3\/2021\/10\/PIA-Stage-Technologies4.jpg\" alt=\"PIA-Stage-Technologies4\" \/><\/figure><\/a><\/div>\t\t\t<\/div>\n\t\t\t\t\t\t\t\t\t\t\t\t\t\t\t\t<\/div>\n\t\t\t\t<\/div>\n\t\t\t\t<\/div>\n\t\t\t\t\t<\/div>\n\t\t<\/div>\n\t\t\t\t\t\t\t<\/div>\n\t\t<\/section>\n\t\t\t\t<section class=\"elementor-section elementor-top-section elementor-element elementor-element-0c02458 elementor-section-stretched elementor-section-boxed elementor-section-height-default elementor-section-height-default\" data-id=\"0c02458\" data-element_type=\"section\" data-settings=\"{&quot;stretch_section&quot;:&quot;section-stretched&quot;}\">\n\t\t\t\t\t\t<div class=\"elementor-container elementor-column-gap-default\">\n\t\t\t\t\t<div class=\"elementor-column elementor-col-50 elementor-top-column elementor-element elementor-element-b24c234 column-style-top\" data-id=\"b24c234\" data-element_type=\"column\">\n\t\t\t<div class=\"elementor-widget-wrap elementor-element-populated\">\n\t\t\t\t\t\t\t\t<div class=\"elementor-element elementor-element-19acfa0 elementor-widget elementor-widget-text-editor\" data-id=\"19acfa0\" data-element_type=\"widget\" data-widget_type=\"text-editor.default\">\n\t\t\t\t<div class=\"elementor-widget-container\">\n\t\t\t\t\t\t\t\t\t\t\t\t\t<\/div>\n\t\t\t\t<\/div>\n\t\t\t\t\t<\/div>\n\t\t<\/div>\n\t\t\t\t<div class=\"elementor-column elementor-col-50 elementor-top-column elementor-element elementor-element-40ee1c6 column-style-top\" data-id=\"40ee1c6\" data-element_type=\"column\">\n\t\t\t<div class=\"elementor-widget-wrap elementor-element-populated\">\n\t\t\t\t\t\t\t\t<div class=\"elementor-element elementor-element-ac612ca elementor-widget elementor-widget-text-editor\" data-id=\"ac612ca\" data-element_type=\"widget\" data-widget_type=\"text-editor.default\">\n\t\t\t\t<div class=\"elementor-widget-container\">\n\t\t\t\t\t\t\t<p>P\u0130A Sahne Teknolojileri A.\u015e., the solution partner of Hali\u00e7 Congress Center, designs, produces and installs electro-acoustic systems, handling your events successfully with state-of-the-art technology products and a professional team.<\/p><p>Hali\u00e7 Congress Center possesses a complete technical infrastructure that fit the needs of any event: Built-in Line Array sound systems in the halls and auditoriums, computer-equipped lighting and mechanical stage systems, full HD broadcasting systems, Dolby Digital cinema systems, architectural and electro-acoustic systems, theater and opera stage truss systems, simultaneous translation, delegation and video-conference equipment, and wireless internet connection and video\/audio sound transfer.<\/p>\t\t\t\t\t\t<\/div>\n\t\t\t\t<\/div>\n\t\t\t\t<div class=\"elementor-element elementor-element-4a4cd8b elementor-widget elementor-widget-tme-button\" data-id=\"4a4cd8b\" data-element_type=\"widget\" data-widget_type=\"tme-button.default\">\n\t\t\t\t<div class=\"elementor-widget-container\">\n\t\t\t                <div class=\"tme-btn-wrapper\">\n            <a id=\"\" class=\"tme-btn-md tme-btn-5\" href=\"https:\/\/pst.com.tr\/\"  target=\"_blank\"  rel=\"nofollow\">\n\t\t\t\tDiscover More at &quot;pst.com.tr&quot;            <\/a>\n        <\/div>\n        \t\t<\/div>\n\t\t\t\t<\/div>\n\t\t\t\t\t<\/div>\n\t\t<\/div>\n\t\t\t\t\t\t\t<\/div>\n\t\t<\/section>\n\t\t\t\t<section class=\"elementor-section elementor-top-section elementor-element elementor-element-2cd76c7 elementor-section-full_width elementor-section-content-middle elementor-section-stretched elementor-section-height-default elementor-section-height-default\" data-id=\"2cd76c7\" data-element_type=\"section\" data-settings=\"{&quot;stretch_section&quot;:&quot;section-stretched&quot;}\">\n\t\t\t\t\t\t<div class=\"elementor-container elementor-column-gap-no\">\n\t\t\t\t\t<div class=\"elementor-column elementor-col-50 elementor-top-column elementor-element elementor-element-b748fb2 column-style-top\" data-id=\"b748fb2\" data-element_type=\"column\" data-settings=\"{&quot;background_background&quot;:&quot;classic&quot;}\">\n\t\t\t<div class=\"elementor-widget-wrap elementor-element-populated\">\n\t\t\t\t\t\t\t\t<section class=\"elementor-section elementor-inner-section elementor-element elementor-element-5a712b8 elementor-section-boxed elementor-section-height-default elementor-section-height-default\" data-id=\"5a712b8\" data-element_type=\"section\">\n\t\t\t\t\t\t<div class=\"elementor-container elementor-column-gap-no\">\n\t\t\t\t\t<div class=\"elementor-column elementor-col-50 elementor-inner-column elementor-element elementor-element-df7b346 column-style-top\" data-id=\"df7b346\" data-element_type=\"column\">\n\t\t\t<div class=\"elementor-widget-wrap\">\n\t\t\t\t\t\t\t\t\t<\/div>\n\t\t<\/div>\n\t\t\t\t<div class=\"elementor-column elementor-col-50 elementor-inner-column elementor-element elementor-element-65e6cdc column-style-top\" data-id=\"65e6cdc\" data-element_type=\"column\">\n\t\t\t<div class=\"elementor-widget-wrap elementor-element-populated\">\n\t\t\t\t\t\t\t\t<div class=\"elementor-element elementor-element-5de13fa elementor-widget elementor-widget-heading\" data-id=\"5de13fa\" data-element_type=\"widget\" data-widget_type=\"heading.default\">\n\t\t\t\t<div class=\"elementor-widget-container\">\n\t\t\t<h3 class=\"elementor-heading-title elementor-size-default\">State-of-the-Art Technology<\/h3>\t\t<\/div>\n\t\t\t\t<\/div>\n\t\t\t\t<div class=\"elementor-element elementor-element-e896522 elementor-icon-list--layout-traditional elementor-list-item-link-full_width elementor-widget elementor-widget-icon-list\" data-id=\"e896522\" data-element_type=\"widget\" data-widget_type=\"icon-list.default\">\n\t\t\t\t<div class=\"elementor-widget-container\">\n\t\t\t\t\t<ul class=\"elementor-icon-list-items\">\n\t\t\t\t\t\t\t<li class=\"elementor-icon-list-item\">\n\t\t\t\t\t\t\t\t\t\t\t<span class=\"elementor-icon-list-icon\">\n\t\t\t\t\t\t\t<i aria-hidden=\"true\" class=\"fas fa-check\"><\/i>\t\t\t\t\t\t<\/span>\n\t\t\t\t\t\t\t\t\t\t<span class=\"elementor-icon-list-text\">Built-in Line Array Sound Systems<\/span>\n\t\t\t\t\t\t\t\t\t<\/li>\n\t\t\t\t\t\t\t\t<li class=\"elementor-icon-list-item\">\n\t\t\t\t\t\t\t\t\t\t\t<span class=\"elementor-icon-list-icon\">\n\t\t\t\t\t\t\t<i aria-hidden=\"true\" class=\"fas fa-check\"><\/i>\t\t\t\t\t\t<\/span>\n\t\t\t\t\t\t\t\t\t\t<span class=\"elementor-icon-list-text\">Computer-Equipped Lighting & Mechanical Stage Systems<\/span>\n\t\t\t\t\t\t\t\t\t<\/li>\n\t\t\t\t\t\t\t\t<li class=\"elementor-icon-list-item\">\n\t\t\t\t\t\t\t\t\t\t\t<span class=\"elementor-icon-list-icon\">\n\t\t\t\t\t\t\t<i aria-hidden=\"true\" class=\"fas fa-check\"><\/i>\t\t\t\t\t\t<\/span>\n\t\t\t\t\t\t\t\t\t\t<span class=\"elementor-icon-list-text\">Dolby Digital Cinema Systems<\/span>\n\t\t\t\t\t\t\t\t\t<\/li>\n\t\t\t\t\t\t\t\t<li class=\"elementor-icon-list-item\">\n\t\t\t\t\t\t\t\t\t\t\t<span class=\"elementor-icon-list-icon\">\n\t\t\t\t\t\t\t<i aria-hidden=\"true\" class=\"fas fa-check\"><\/i>\t\t\t\t\t\t<\/span>\n\t\t\t\t\t\t\t\t\t\t<span class=\"elementor-icon-list-text\">HD Broadcasting Systems<\/span>\n\t\t\t\t\t\t\t\t\t<\/li>\n\t\t\t\t\t\t\t\t<li class=\"elementor-icon-list-item\">\n\t\t\t\t\t\t\t\t\t\t\t<span class=\"elementor-icon-list-icon\">\n\t\t\t\t\t\t\t<i aria-hidden=\"true\" class=\"fas fa-check\"><\/i>\t\t\t\t\t\t<\/span>\n\t\t\t\t\t\t\t\t\t\t<span class=\"elementor-icon-list-text\">Stage Truss Systems<\/span>\n\t\t\t\t\t\t\t\t\t<\/li>\n\t\t\t\t\t\t\t\t<li class=\"elementor-icon-list-item\">\n\t\t\t\t\t\t\t\t\t\t\t<span class=\"elementor-icon-list-icon\">\n\t\t\t\t\t\t\t<i aria-hidden=\"true\" class=\"fas fa-check\"><\/i>\t\t\t\t\t\t<\/span>\n\t\t\t\t\t\t\t\t\t\t<span class=\"elementor-icon-list-text\">Simultaneous Translation<\/span>\n\t\t\t\t\t\t\t\t\t<\/li>\n\t\t\t\t\t\t\t\t<li class=\"elementor-icon-list-item\">\n\t\t\t\t\t\t\t\t\t\t\t<span class=\"elementor-icon-list-icon\">\n\t\t\t\t\t\t\t<i aria-hidden=\"true\" class=\"fas fa-check\"><\/i>\t\t\t\t\t\t<\/span>\n\t\t\t\t\t\t\t\t\t\t<span class=\"elementor-icon-list-text\"> Video-Conference Equipment<\/span>\n\t\t\t\t\t\t\t\t\t<\/li>\n\t\t\t\t\t\t\t\t<li class=\"elementor-icon-list-item\">\n\t\t\t\t\t\t\t\t\t\t\t<span class=\"elementor-icon-list-icon\">\n\t\t\t\t\t\t\t<i aria-hidden=\"true\" class=\"fas fa-check\"><\/i>\t\t\t\t\t\t<\/span>\n\t\t\t\t\t\t\t\t\t\t<span class=\"elementor-icon-list-text\">Wireless Internet Connection<\/span>\n\t\t\t\t\t\t\t\t\t<\/li>\n\t\t\t\t\t\t<\/ul>\n\t\t\t\t<\/div>\n\t\t\t\t<\/div>\n\t\t\t\t<div class=\"elementor-element elementor-element-a52d700 elementor-widget elementor-widget-text-editor\" data-id=\"a52d700\" data-element_type=\"widget\" data-widget_type=\"text-editor.default\">\n\t\t\t\t<div class=\"elementor-widget-container\">\n\t\t\t\t\t\t\t<p><strong>Please fill the to reach PIA team<\/strong><\/p>\t\t\t\t\t\t<\/div>\n\t\t\t\t<\/div>\n\t\t\t\t\t<\/div>\n\t\t<\/div>\n\t\t\t\t\t\t\t<\/div>\n\t\t<\/section>\n\t\t\t\t\t<\/div>\n\t\t<\/div>\n\t\t\t\t<div class=\"elementor-column elementor-col-50 elementor-top-column elementor-element elementor-element-9b63b63 column-style-top\" data-id=\"9b63b63\" data-element_type=\"column\" data-settings=\"{&quot;background_background&quot;:&quot;classic&quot;}\">\n\t\t\t<div class=\"elementor-widget-wrap elementor-element-populated\">\n\t\t\t\t\t\t\t\t<section class=\"elementor-section elementor-inner-section elementor-element elementor-element-920c1f4 elementor-section-boxed elementor-section-height-default elementor-section-height-default\" data-id=\"920c1f4\" data-element_type=\"section\">\n\t\t\t\t\t\t<div class=\"elementor-container elementor-column-gap-no\">\n\t\t\t\t\t<div class=\"elementor-column elementor-col-50 elementor-inner-column elementor-element elementor-element-08ac120 column-style-top\" data-id=\"08ac120\" data-element_type=\"column\">\n\t\t\t<div class=\"elementor-widget-wrap elementor-element-populated\">\n\t\t\t\t\t\t\t\t<div class=\"elementor-element elementor-element-dc34075 elementor-button-align-stretch elementor-widget elementor-widget-form\" data-id=\"dc34075\" data-element_type=\"widget\" data-settings=\"{&quot;button_width&quot;:&quot;50&quot;,&quot;step_next_label&quot;:&quot;Next&quot;,&quot;step_previous_label&quot;:&quot;Previous&quot;,&quot;step_type&quot;:&quot;number_text&quot;,&quot;step_icon_shape&quot;:&quot;circle&quot;}\" data-widget_type=\"form.default\">\n\t\t\t\t<div class=\"elementor-widget-container\">\n\t\t\t\t\t<form class=\"elementor-form\" method=\"post\" name=\"New Form\">\n\t\t\t<input type=\"hidden\" name=\"post_id\" value=\"9842\"\/>\n\t\t\t<input type=\"hidden\" name=\"form_id\" value=\"dc34075\"\/>\n\t\t\t<input type=\"hidden\" name=\"referer_title\" value=\"Halic Congress Center\" \/>\n\n\t\t\t\n\t\t\t<div class=\"elementor-form-fields-wrapper elementor-labels-above\">\n\t\t\t\t\t\t\t\t<div class=\"elementor-field-type-text elementor-field-group elementor-column elementor-field-group-name elementor-col-50 elementor-field-required\">\n\t\t\t\t\t<label for=\"form-field-name\" class=\"elementor-field-label\">Name<\/label><input size=\"1\" type=\"text\" name=\"form_fields[name]\" id=\"form-field-name\" class=\"elementor-field elementor-size-sm  elementor-field-textual\" required=\"required\" aria-required=\"true\">\t\t\t\t<\/div>\n\t\t\t\t\t\t\t\t<div class=\"elementor-field-type-email elementor-field-group elementor-column elementor-field-group-email elementor-col-50 elementor-field-required\">\n\t\t\t\t\t<label for=\"form-field-email\" class=\"elementor-field-label\">Email<\/label><input size=\"1\" type=\"email\" name=\"form_fields[email]\" id=\"form-field-email\" class=\"elementor-field elementor-size-sm  elementor-field-textual\" required=\"required\" aria-required=\"true\">\t\t\t\t<\/div>\n\t\t\t\t\t\t\t\t<div class=\"elementor-field-type-tel elementor-field-group elementor-column elementor-field-group-field_96a9565 elementor-col-50 elementor-field-required\">\n\t\t\t\t\t<label for=\"form-field-field_96a9565\" class=\"elementor-field-label\">Phone Number<\/label><input size=\"1\" type=\"tel\" name=\"form_fields[field_96a9565]\" id=\"form-field-field_96a9565\" class=\"elementor-field elementor-size-sm  elementor-field-textual\" required=\"required\" aria-required=\"true\" pattern=\"[0-9()#&amp;+*-=.]+\" title=\"Only numbers and phone characters (#, -, *, etc) are accepted.\">\t\t\t\t<\/div>\n\t\t\t\t\t\t\t\t<div class=\"elementor-field-type-radio elementor-field-group elementor-column elementor-field-group-field_a4c6459 elementor-col-50 elementor-field-required\">\n\t\t\t\t\t<label for=\"form-field-field_a4c6459\" class=\"elementor-field-label\">Reply Me Via<\/label><div class=\"elementor-field-subgroup  elementor-subgroup-inline\"><span class=\"elementor-field-option\"><input type=\"radio\" value=\"E-Mail\" id=\"form-field-field_a4c6459-0\" name=\"form_fields[field_a4c6459]\" required=\"required\" aria-required=\"true\"> <label for=\"form-field-field_a4c6459-0\">E-Mail<\/label><\/span><span class=\"elementor-field-option\"><input type=\"radio\" value=\"Phone\" id=\"form-field-field_a4c6459-1\" name=\"form_fields[field_a4c6459]\" required=\"required\" aria-required=\"true\"> <label for=\"form-field-field_a4c6459-1\">Phone<\/label><\/span><span class=\"elementor-field-option\"><input type=\"radio\" value=\"Both\" id=\"form-field-field_a4c6459-2\" name=\"form_fields[field_a4c6459]\" required=\"required\" aria-required=\"true\"> <label for=\"form-field-field_a4c6459-2\">Both<\/label><\/span><\/div>\t\t\t\t<\/div>\n\t\t\t\t\t\t\t\t<div class=\"elementor-field-type-textarea elementor-field-group elementor-column elementor-field-group-message elementor-col-100\">\n\t\t\t\t\t<label for=\"form-field-message\" class=\"elementor-field-label\">Message<\/label><textarea class=\"elementor-field-textual elementor-field  elementor-size-sm\" name=\"form_fields[message]\" id=\"form-field-message\" rows=\"4\" placeholder=\"Message\"><\/textarea>\t\t\t\t<\/div>\n\t\t\t\t\t\t\t\t<div class=\"elementor-field-type-acceptance elementor-field-group elementor-column elementor-field-group-field_39e128c elementor-col-50\">\n\t\t\t\t\t<div class=\"elementor-field-subgroup\"><span class=\"elementor-field-option\"><input type=\"checkbox\" name=\"form_fields[field_39e128c]\" id=\"form-field-field_39e128c\" class=\"elementor-field elementor-size-sm  elementor-acceptance-field\"> <label for=\"form-field-field_39e128c\">I've read your Privacy Policy<\/label><\/span><\/div>\t\t\t\t<\/div>\n\t\t\t\t\t\t\t\t<div class=\"elementor-field-group elementor-column elementor-field-type-submit elementor-col-50 e-form__buttons\">\n\t\t\t\t\t<button type=\"submit\" class=\"elementor-button elementor-size-sm\">\n\t\t\t\t\t\t<span >\n\t\t\t\t\t\t\t\t\t\t\t\t\t\t\t<span class=\" elementor-button-icon\">\n\t\t\t\t\t\t\t\t\t\t\t\t\t\t\t\t\t\t\t\t\t\t\t\t\t\t<\/span>\n\t\t\t\t\t\t\t\t\t\t\t\t\t\t\t\t\t\t\t\t\t\t<span class=\"elementor-button-text\">Submit<\/span>\n\t\t\t\t\t\t\t\t\t\t\t\t\t<\/span>\n\t\t\t\t\t<\/button>\n\t\t\t\t<\/div>\n\t\t\t<\/div>\n\t\t<\/form>\n\t\t\t\t<\/div>\n\t\t\t\t<\/div>\n\t\t\t\t\t<\/div>\n\t\t<\/div>\n\t\t\t\t<div class=\"elementor-column elementor-col-50 elementor-inner-column elementor-element elementor-element-cfd37a2 column-style-top\" data-id=\"cfd37a2\" data-element_type=\"column\">\n\t\t\t<div class=\"elementor-widget-wrap\">\n\t\t\t\t\t\t\t\t\t<\/div>\n\t\t<\/div>\n\t\t\t\t\t\t\t<\/div>\n\t\t<\/section>\n\t\t\t\t\t<\/div>\n\t\t<\/div>\n\t\t\t\t\t\t\t<\/div>\n\t\t<\/section>\n\t\t\t\t\t\t<\/div>\n\t\t\t\t\t<\/div>\n\t\t","protected":false},"excerpt":{"rendered":"<p>P\u0130A Sahne Teknolojileri A.\u015e., the solution partner of Hali\u00e7 Congress Center, designs, produces and installs electro-acoustic systems, handling your events successfully with state-of-the-art technology products and a professional team. Hali\u00e7 [&hellip;]<\/p>\n","protected":false},"author":1,"featured_media":0,"parent":0,"menu_order":0,"comment_status":"closed","ping_status":"closed","template":"","meta":[],"yoast_head":"<!-- This site is optimized with the Yoast SEO plugin v18.9 - https:\/\/yoast.com\/wordpress\/plugins\/seo\/ -->\n<title>Stage Technologies - Halic Congress Center<\/title>\n<meta name=\"robots\" content=\"index, follow, max-snippet:-1, max-image-preview:large, max-video-preview:-1\" \/>\n<link rel=\"canonical\" href=\"https:\/\/halic.com\/en\/stage-technologies\/\" \/>\n<meta property=\"og:locale\" content=\"en_US\" \/>\n<meta property=\"og:type\" content=\"article\" \/>\n<meta property=\"og:title\" content=\"Stage Technologies - Halic Congress Center\" \/>\n<meta property=\"og:description\" content=\"P\u0130A Sahne Teknolojileri A.\u015e., the solution partner of Hali\u00e7 Congress Center, designs, produces and installs electro-acoustic systems, handling your events successfully with state-of-the-art technology products and a professional team. Hali\u00e7 [&hellip;]\" \/>\n<meta property=\"og:url\" content=\"https:\/\/halic.com\/en\/stage-technologies\/\" \/>\n<meta property=\"og:site_name\" content=\"Halic Congress Center\" \/>\n<meta property=\"article:modified_time\" content=\"2022-01-03T08:45:53+00:00\" \/>\n<meta property=\"og:image\" content=\"https:\/\/halic.com\/en\/wp-content\/uploads\/sites\/3\/2021\/10\/pia-logo.jpeg\" \/>\n<meta name=\"twitter:card\" content=\"summary_large_image\" \/>\n<meta name=\"twitter:label1\" content=\"Est. reading time\" \/>\n\t<meta name=\"twitter:data1\" content=\"1 minute\" \/>\n<script type=\"application\/ld+json\" class=\"yoast-schema-graph\">{\"@context\":\"https:\/\/schema.org\",\"@graph\":[{\"@type\":\"WebSite\",\"@id\":\"https:\/\/halic.com\/en\/#website\",\"url\":\"https:\/\/halic.com\/en\/\",\"name\":\"Halic Congress Center\",\"description\":\"Happy Venue\",\"potentialAction\":[{\"@type\":\"SearchAction\",\"target\":{\"@type\":\"EntryPoint\",\"urlTemplate\":\"https:\/\/halic.com\/en\/?s={search_term_string}\"},\"query-input\":\"required name=search_term_string\"}],\"inLanguage\":\"en-US\"},{\"@type\":\"ImageObject\",\"inLanguage\":\"en-US\",\"@id\":\"https:\/\/halic.com\/en\/stage-technologies\/#primaryimage\",\"url\":\"https:\/\/halic.com\/en\/wp-content\/uploads\/sites\/3\/2021\/10\/pia-logo.jpeg\",\"contentUrl\":\"https:\/\/halic.com\/en\/wp-content\/uploads\/sites\/3\/2021\/10\/pia-logo.jpeg\",\"width\":300,\"height\":197},{\"@type\":\"WebPage\",\"@id\":\"https:\/\/halic.com\/en\/stage-technologies\/#webpage\",\"url\":\"https:\/\/halic.com\/en\/stage-technologies\/\",\"name\":\"Stage Technologies - Halic Congress Center\",\"isPartOf\":{\"@id\":\"https:\/\/halic.com\/en\/#website\"},\"primaryImageOfPage\":{\"@id\":\"https:\/\/halic.com\/en\/stage-technologies\/#primaryimage\"},\"datePublished\":\"2021-10-21T03:56:00+00:00\",\"dateModified\":\"2022-01-03T08:45:53+00:00\",\"breadcrumb\":{\"@id\":\"https:\/\/halic.com\/en\/stage-technologies\/#breadcrumb\"},\"inLanguage\":\"en-US\",\"potentialAction\":[{\"@type\":\"ReadAction\",\"target\":[\"https:\/\/halic.com\/en\/stage-technologies\/\"]}]},{\"@type\":\"BreadcrumbList\",\"@id\":\"https:\/\/halic.com\/en\/stage-technologies\/#breadcrumb\",\"itemListElement\":[{\"@type\":\"ListItem\",\"position\":1,\"name\":\"Home\",\"item\":\"https:\/\/halic.com\/en\/\"},{\"@type\":\"ListItem\",\"position\":2,\"name\":\"Stage Technologies\"}]}]}<\/script>\n<!-- \/ Yoast SEO plugin. -->","yoast_head_json":{"title":"Stage Technologies - Halic Congress Center","robots":{"index":"index","follow":"follow","max-snippet":"max-snippet:-1","max-image-preview":"max-image-preview:large","max-video-preview":"max-video-preview:-1"},"canonical":"https:\/\/halic.com\/en\/stage-technologies\/","og_locale":"en_US","og_type":"article","og_title":"Stage Technologies - Halic Congress Center","og_description":"P\u0130A Sahne Teknolojileri A.\u015e., the solution partner of Hali\u00e7 Congress Center, designs, produces and installs electro-acoustic systems, handling your events successfully with state-of-the-art technology products and a professional team. Hali\u00e7 [&hellip;]","og_url":"https:\/\/halic.com\/en\/stage-technologies\/","og_site_name":"Halic Congress Center","article_modified_time":"2022-01-03T08:45:53+00:00","og_image":[{"url":"https:\/\/halic.com\/en\/wp-content\/uploads\/sites\/3\/2021\/10\/pia-logo.jpeg"}],"twitter_card":"summary_large_image","twitter_misc":{"Est. reading time":"1 minute"},"schema":{"@context":"https:\/\/schema.org","@graph":[{"@type":"WebSite","@id":"https:\/\/halic.com\/en\/#website","url":"https:\/\/halic.com\/en\/","name":"Halic Congress Center","description":"Happy Venue","potentialAction":[{"@type":"SearchAction","target":{"@type":"EntryPoint","urlTemplate":"https:\/\/halic.com\/en\/?s={search_term_string}"},"query-input":"required name=search_term_string"}],"inLanguage":"en-US"},{"@type":"ImageObject","inLanguage":"en-US","@id":"https:\/\/halic.com\/en\/stage-technologies\/#primaryimage","url":"https:\/\/halic.com\/en\/wp-content\/uploads\/sites\/3\/2021\/10\/pia-logo.jpeg","contentUrl":"https:\/\/halic.com\/en\/wp-content\/uploads\/sites\/3\/2021\/10\/pia-logo.jpeg","width":300,"height":197},{"@type":"WebPage","@id":"https:\/\/halic.com\/en\/stage-technologies\/#webpage","url":"https:\/\/halic.com\/en\/stage-technologies\/","name":"Stage Technologies - Halic Congress Center","isPartOf":{"@id":"https:\/\/halic.com\/en\/#website"},"primaryImageOfPage":{"@id":"https:\/\/halic.com\/en\/stage-technologies\/#primaryimage"},"datePublished":"2021-10-21T03:56:00+00:00","dateModified":"2022-01-03T08:45:53+00:00","breadcrumb":{"@id":"https:\/\/halic.com\/en\/stage-technologies\/#breadcrumb"},"inLanguage":"en-US","potentialAction":[{"@type":"ReadAction","target":["https:\/\/halic.com\/en\/stage-technologies\/"]}]},{"@type":"BreadcrumbList","@id":"https:\/\/halic.com\/en\/stage-technologies\/#breadcrumb","itemListElement":[{"@type":"ListItem","position":1,"name":"Home","item":"https:\/\/halic.com\/en\/"},{"@type":"ListItem","position":2,"name":"Stage Technologies"}]}]}},"_links":{"self":[{"href":"https:\/\/halic.com\/en\/wp-json\/wp\/v2\/pages\/9842"}],"collection":[{"href":"https:\/\/halic.com\/en\/wp-json\/wp\/v2\/pages"}],"about":[{"href":"https:\/\/halic.com\/en\/wp-json\/wp\/v2\/types\/page"}],"author":[{"embeddable":true,"href":"https:\/\/halic.com\/en\/wp-json\/wp\/v2\/users\/1"}],"replies":[{"embeddable":true,"href":"https:\/\/halic.com\/en\/wp-json\/wp\/v2\/comments?post=9842"}],"version-history":[{"count":61,"href":"https:\/\/halic.com\/en\/wp-json\/wp\/v2\/pages\/9842\/revisions"}],"predecessor-version":[{"id":12862,"href":"https:\/\/halic.com\/en\/wp-json\/wp\/v2\/pages\/9842\/revisions\/12862"}],"wp:attachment":[{"href":"https:\/\/halic.com\/en\/wp-json\/wp\/v2\/media?parent=9842"}],"curies":[{"name":"wp","href":"https:\/\/api.w.org\/{rel}","templated":true}]}}