{"id":10604,"date":"2021-10-24T03:51:16","date_gmt":"2021-10-24T00:51:16","guid":{"rendered":"http:\/\/halic.com\/tr\/?page_id=10604"},"modified":"2021-12-15T13:20:37","modified_gmt":"2021-12-15T10:20:37","slug":"uyelikler-ve-destekler","status":"publish","type":"page","link":"https:\/\/halic.com\/tr\/uyelikler-ve-destekler\/","title":{"rendered":"\u00dcyelikler &#038; Destekler"},"content":{"rendered":"\t\t<div data-elementor-type=\"wp-page\" data-elementor-id=\"10604\" class=\"elementor elementor-10604\" data-elementor-settings=\"[]\">\n\t\t\t\t\t\t\t<div class=\"elementor-section-wrap\">\n\t\t\t\t\t\t\t<section class=\"elementor-section elementor-top-section elementor-element elementor-element-51f1665 elementor-section-boxed elementor-section-height-default elementor-section-height-default\" data-id=\"51f1665\" data-element_type=\"section\">\n\t\t\t\t\t\t<div class=\"elementor-container elementor-column-gap-default\">\n\t\t\t\t\t<div class=\"elementor-column elementor-col-100 elementor-top-column elementor-element elementor-element-6ab4839 column-style-top\" data-id=\"6ab4839\" data-element_type=\"column\">\n\t\t\t<div class=\"elementor-widget-wrap elementor-element-populated\">\n\t\t\t\t\t\t\t\t<div class=\"elementor-element elementor-element-82f947a elementor-widget elementor-widget-heading\" data-id=\"82f947a\" data-element_type=\"widget\" data-widget_type=\"heading.default\">\n\t\t\t\t<div class=\"elementor-widget-container\">\n\t\t\t<h2 class=\"elementor-heading-title elementor-size-default\">\u00dcyeliklerimiz<\/h2>\t\t<\/div>\n\t\t\t\t<\/div>\n\t\t\t\t<div class=\"elementor-element elementor-element-1e21dc0 elementor-widget-divider--view-line elementor-widget elementor-widget-divider\" data-id=\"1e21dc0\" data-element_type=\"widget\" data-widget_type=\"divider.default\">\n\t\t\t\t<div class=\"elementor-widget-container\">\n\t\t\t\t\t<div class=\"elementor-divider\">\n\t\t\t<span class=\"elementor-divider-separator\">\n\t\t\t\t\t\t<\/span>\n\t\t<\/div>\n\t\t\t\t<\/div>\n\t\t\t\t<\/div>\n\t\t\t\t<section class=\"elementor-section elementor-inner-section elementor-element elementor-element-b589c91 elementor-section-boxed elementor-section-height-default elementor-section-height-default\" data-id=\"b589c91\" data-element_type=\"section\">\n\t\t\t\t\t\t<div class=\"elementor-container elementor-column-gap-default\">\n\t\t\t\t\t<div class=\"elementor-column elementor-col-25 elementor-inner-column elementor-element elementor-element-f5368c5 column-style-top\" data-id=\"f5368c5\" data-element_type=\"column\">\n\t\t\t<div class=\"elementor-widget-wrap elementor-element-populated\">\n\t\t\t\t\t\t\t\t<div class=\"elementor-element elementor-element-7ce5e67 elementor-widget elementor-widget-image\" data-id=\"7ce5e67\" data-element_type=\"widget\" data-widget_type=\"image.default\">\n\t\t\t\t<div class=\"elementor-widget-container\">\n\t\t\t\t\t\t\t\t\t\t\t\t\t\t\t<img width=\"900\" height=\"900\" src=\"https:\/\/halic.com\/tr\/wp-content\/uploads\/sites\/2\/2021\/09\/hkm_aipc-logo.svg\" class=\"attachment-large size-large\" alt=\"\" loading=\"lazy\" \/>\t\t\t\t\t\t\t\t\t\t\t\t\t\t\t<\/div>\n\t\t\t\t<\/div>\n\t\t\t\t<div class=\"elementor-element elementor-element-3341630 elementor-widget elementor-widget-heading\" data-id=\"3341630\" data-element_type=\"widget\" data-widget_type=\"heading.default\">\n\t\t\t\t<div class=\"elementor-widget-container\">\n\t\t\t<h2 class=\"elementor-heading-title elementor-size-default\"><a href=\"https:\/\/aipc.org\/\">Uluslararas\u0131 Kongre Merkezleri Birli\u011fi<\/a><\/h2>\t\t<\/div>\n\t\t\t\t<\/div>\n\t\t\t\t\t<\/div>\n\t\t<\/div>\n\t\t\t\t<div class=\"elementor-column elementor-col-25 elementor-inner-column elementor-element elementor-element-eb232e0 column-style-top\" data-id=\"eb232e0\" data-element_type=\"column\">\n\t\t\t<div class=\"elementor-widget-wrap elementor-element-populated\">\n\t\t\t\t\t\t\t\t<div class=\"elementor-element elementor-element-4c4f550 elementor-widget elementor-widget-image\" data-id=\"4c4f550\" data-element_type=\"widget\" data-widget_type=\"image.default\">\n\t\t\t\t<div class=\"elementor-widget-container\">\n\t\t\t\t\t\t\t\t\t\t\t\t\t\t\t<img width=\"900\" height=\"900\" src=\"https:\/\/halic.com\/tr\/wp-content\/uploads\/sites\/2\/2021\/09\/hkm_mpi-logo.svg\" class=\"attachment-large size-large\" alt=\"\" loading=\"lazy\" \/>\t\t\t\t\t\t\t\t\t\t\t\t\t\t\t<\/div>\n\t\t\t\t<\/div>\n\t\t\t\t<div class=\"elementor-element elementor-element-716ff1a elementor-widget elementor-widget-heading\" data-id=\"716ff1a\" data-element_type=\"widget\" data-widget_type=\"heading.default\">\n\t\t\t\t<div class=\"elementor-widget-container\">\n\t\t\t<h2 class=\"elementor-heading-title elementor-size-default\"><a href=\"https:\/\/www.mpi.org\/\">Uluslararas\u0131 Toplant\u0131 Profesyonelleri Birli\u011fi<\/a><\/h2>\t\t<\/div>\n\t\t\t\t<\/div>\n\t\t\t\t\t<\/div>\n\t\t<\/div>\n\t\t\t\t<div class=\"elementor-column elementor-col-25 elementor-inner-column elementor-element elementor-element-cd53603 column-style-top\" data-id=\"cd53603\" data-element_type=\"column\">\n\t\t\t<div class=\"elementor-widget-wrap elementor-element-populated\">\n\t\t\t\t\t\t\t\t<div class=\"elementor-element elementor-element-575bce7 elementor-widget elementor-widget-image\" data-id=\"575bce7\" data-element_type=\"widget\" data-widget_type=\"image.default\">\n\t\t\t\t<div class=\"elementor-widget-container\">\n\t\t\t\t\t\t\t\t\t\t\t\t\t\t\t<img width=\"900\" height=\"900\" src=\"https:\/\/halic.com\/tr\/wp-content\/uploads\/sites\/2\/2021\/09\/hkm_icca-member-logo_icc-member-logo.svg\" class=\"attachment-large size-large\" alt=\"\" loading=\"lazy\" \/>\t\t\t\t\t\t\t\t\t\t\t\t\t\t\t<\/div>\n\t\t\t\t<\/div>\n\t\t\t\t<div class=\"elementor-element elementor-element-81f8ec3 elementor-widget elementor-widget-heading\" data-id=\"81f8ec3\" data-element_type=\"widget\" data-widget_type=\"heading.default\">\n\t\t\t\t<div class=\"elementor-widget-container\">\n\t\t\t<h2 class=\"elementor-heading-title elementor-size-default\"><a href=\"https:\/\/www.iccaworld.org\/\">Uluslararas\u0131 Toplant\u0131lar ve Kongreler Derne\u011fi<\/a><\/h2>\t\t<\/div>\n\t\t\t\t<\/div>\n\t\t\t\t\t<\/div>\n\t\t<\/div>\n\t\t\t\t<div class=\"elementor-column elementor-col-25 elementor-inner-column elementor-element elementor-element-065bb05 column-style-top\" data-id=\"065bb05\" data-element_type=\"column\">\n\t\t\t<div class=\"elementor-widget-wrap elementor-element-populated\">\n\t\t\t\t\t\t\t\t<div class=\"elementor-element elementor-element-27c1426 elementor-widget elementor-widget-image\" data-id=\"27c1426\" data-element_type=\"widget\" data-widget_type=\"image.default\">\n\t\t\t\t<div class=\"elementor-widget-container\">\n\t\t\t\t\t\t\t\t\t\t\t\t\t\t\t<img width=\"900\" height=\"900\" src=\"https:\/\/halic.com\/tr\/wp-content\/uploads\/sites\/2\/2021\/09\/hkm_istanbul-logo.svg\" class=\"attachment-large size-large\" alt=\"\" loading=\"lazy\" \/>\t\t\t\t\t\t\t\t\t\t\t\t\t\t\t<\/div>\n\t\t\t\t<\/div>\n\t\t\t\t<div class=\"elementor-element elementor-element-ca7bb3f elementor-widget elementor-widget-heading\" data-id=\"ca7bb3f\" data-element_type=\"widget\" data-widget_type=\"heading.default\">\n\t\t\t\t<div class=\"elementor-widget-container\">\n\t\t\t<h2 class=\"elementor-heading-title elementor-size-default\"><a href=\"http:\/\/tr.icvb.org.tr\/\">\u0130stanbul Kongre ve Ziyaret\u00e7i B\u00fcrosu<\/a><\/h2>\t\t<\/div>\n\t\t\t\t<\/div>\n\t\t\t\t\t<\/div>\n\t\t<\/div>\n\t\t\t\t\t\t\t<\/div>\n\t\t<\/section>\n\t\t\t\t\t<\/div>\n\t\t<\/div>\n\t\t\t\t\t\t\t<\/div>\n\t\t<\/section>\n\t\t\t\t<section class=\"elementor-section elementor-top-section elementor-element elementor-element-14aec40 elementor-section-boxed elementor-section-height-default elementor-section-height-default\" data-id=\"14aec40\" data-element_type=\"section\">\n\t\t\t\t\t\t<div class=\"elementor-container elementor-column-gap-default\">\n\t\t\t\t\t<div class=\"elementor-column elementor-col-100 elementor-top-column elementor-element elementor-element-0eee142 column-style-top\" data-id=\"0eee142\" data-element_type=\"column\">\n\t\t\t<div class=\"elementor-widget-wrap elementor-element-populated\">\n\t\t\t\t\t\t\t\t<div class=\"elementor-element elementor-element-205bd27 elementor-widget elementor-widget-heading\" data-id=\"205bd27\" data-element_type=\"widget\" data-widget_type=\"heading.default\">\n\t\t\t\t<div class=\"elementor-widget-container\">\n\t\t\t<h2 class=\"elementor-heading-title elementor-size-default\">Desteklerimiz<\/h2>\t\t<\/div>\n\t\t\t\t<\/div>\n\t\t\t\t<div class=\"elementor-element elementor-element-d7e62ff elementor-widget-divider--view-line elementor-widget elementor-widget-divider\" data-id=\"d7e62ff\" data-element_type=\"widget\" data-widget_type=\"divider.default\">\n\t\t\t\t<div class=\"elementor-widget-container\">\n\t\t\t\t\t<div class=\"elementor-divider\">\n\t\t\t<span class=\"elementor-divider-separator\">\n\t\t\t\t\t\t<\/span>\n\t\t<\/div>\n\t\t\t\t<\/div>\n\t\t\t\t<\/div>\n\t\t\t\t<section class=\"elementor-section elementor-inner-section elementor-element elementor-element-4c35297 elementor-section-boxed elementor-section-height-default elementor-section-height-default\" data-id=\"4c35297\" data-element_type=\"section\">\n\t\t\t\t\t\t<div class=\"elementor-container elementor-column-gap-default\">\n\t\t\t\t\t<div class=\"elementor-column elementor-col-25 elementor-inner-column elementor-element elementor-element-a198607 column-style-top\" data-id=\"a198607\" data-element_type=\"column\">\n\t\t\t<div class=\"elementor-widget-wrap elementor-element-populated\">\n\t\t\t\t\t\t\t\t<div class=\"elementor-element elementor-element-b31fc8b elementor-widget elementor-widget-image\" data-id=\"b31fc8b\" data-element_type=\"widget\" data-widget_type=\"image.default\">\n\t\t\t\t<div class=\"elementor-widget-container\">\n\t\t\t\t\t\t\t\t\t\t\t\t\t\t\t<img width=\"900\" height=\"900\" src=\"https:\/\/halic.com\/tr\/wp-content\/uploads\/sites\/2\/2021\/09\/hkm_sstd-logo.svg\" class=\"attachment-large size-large\" alt=\"\" loading=\"lazy\" \/>\t\t\t\t\t\t\t\t\t\t\t\t\t\t\t<\/div>\n\t\t\t\t<\/div>\n\t\t\t\t<div class=\"elementor-element elementor-element-b3792d4 elementor-widget elementor-widget-heading\" data-id=\"b3792d4\" data-element_type=\"widget\" data-widget_type=\"heading.default\">\n\t\t\t\t<div class=\"elementor-widget-container\">\n\t\t\t<h2 class=\"elementor-heading-title elementor-size-default\"><a href=\"http:\/\/www.sstd.org.tr\/\">Sergileme ve Stand Tasar\u0131mc\u0131lar\u0131 Derne\u011fi<\/a><\/h2>\t\t<\/div>\n\t\t\t\t<\/div>\n\t\t\t\t\t<\/div>\n\t\t<\/div>\n\t\t\t\t<div class=\"elementor-column elementor-col-25 elementor-inner-column elementor-element elementor-element-d0cbc3a column-style-top\" data-id=\"d0cbc3a\" data-element_type=\"column\">\n\t\t\t<div class=\"elementor-widget-wrap elementor-element-populated\">\n\t\t\t\t\t\t\t\t<div class=\"elementor-element elementor-element-73a5ce2 elementor-widget elementor-widget-image\" data-id=\"73a5ce2\" data-element_type=\"widget\" data-widget_type=\"image.default\">\n\t\t\t\t<div class=\"elementor-widget-container\">\n\t\t\t\t\t\t\t\t\t\t\t\t\t\t\t<img width=\"900\" height=\"900\" src=\"https:\/\/halic.com\/tr\/wp-content\/uploads\/sites\/2\/2021\/09\/hkm_unwto-logo.svg\" class=\"attachment-large size-large\" alt=\"\" loading=\"lazy\" \/>\t\t\t\t\t\t\t\t\t\t\t\t\t\t\t<\/div>\n\t\t\t\t<\/div>\n\t\t\t\t<div class=\"elementor-element elementor-element-b589182 elementor-widget elementor-widget-heading\" data-id=\"b589182\" data-element_type=\"widget\" data-widget_type=\"heading.default\">\n\t\t\t\t<div class=\"elementor-widget-container\">\n\t\t\t<h2 class=\"elementor-heading-title elementor-size-default\"><a href=\"https:\/\/www.unwto.org\/\">Birle\u015fmi\u015f Milletler D\u00fcnya Turizm \u00d6rg\u00fct\u00fc<\/a><\/h2>\t\t<\/div>\n\t\t\t\t<\/div>\n\t\t\t\t\t<\/div>\n\t\t<\/div>\n\t\t\t\t<div class=\"elementor-column elementor-col-25 elementor-inner-column elementor-element elementor-element-b45f26d column-style-top\" data-id=\"b45f26d\" data-element_type=\"column\">\n\t\t\t<div class=\"elementor-widget-wrap\">\n\t\t\t\t\t\t\t\t\t<\/div>\n\t\t<\/div>\n\t\t\t\t<div class=\"elementor-column elementor-col-25 elementor-inner-column elementor-element elementor-element-75a4305 column-style-top\" data-id=\"75a4305\" data-element_type=\"column\">\n\t\t\t<div class=\"elementor-widget-wrap\">\n\t\t\t\t\t\t\t\t\t<\/div>\n\t\t<\/div>\n\t\t\t\t\t\t\t<\/div>\n\t\t<\/section>\n\t\t\t\t\t<\/div>\n\t\t<\/div>\n\t\t\t\t\t\t\t<\/div>\n\t\t<\/section>\n\t\t\t\t\t\t<\/div>\n\t\t\t\t\t<\/div>\n\t\t","protected":false},"excerpt":{"rendered":"<p>\u00dcyeliklerimiz Uluslararas\u0131 Kongre Merkezleri Birli\u011fi Uluslararas\u0131 Toplant\u0131 Profesyonelleri Birli\u011fi Uluslararas\u0131 Toplant\u0131lar ve Kongreler Derne\u011fi \u0130stanbul Kongre ve Ziyaret\u00e7i B\u00fcrosu Desteklerimiz Sergileme ve Stand Tasar\u0131mc\u0131lar\u0131 Derne\u011fi Birle\u015fmi\u015f Milletler D\u00fcnya Turizm \u00d6rg\u00fct\u00fc<\/p>\n","protected":false},"author":1,"featured_media":0,"parent":0,"menu_order":0,"comment_status":"closed","ping_status":"closed","template":"","meta":[],"yoast_head":"<!-- This site is optimized with the Yoast SEO plugin v18.9 - https:\/\/yoast.com\/wordpress\/plugins\/seo\/ -->\n<title>\u00dcyelikler &amp; Destekler | Hali\u00e7 Kongre Merkezi<\/title>\n<meta name=\"robots\" content=\"index, follow, max-snippet:-1, max-image-preview:large, max-video-preview:-1\" \/>\n<link rel=\"canonical\" href=\"https:\/\/halic.com\/tr\/uyelikler-ve-destekler\/\" \/>\n<meta property=\"og:locale\" content=\"tr_TR\" \/>\n<meta property=\"og:type\" content=\"article\" \/>\n<meta property=\"og:title\" content=\"\u00dcyelikler &amp; Destekler | Hali\u00e7 Kongre Merkezi\" \/>\n<meta property=\"og:description\" content=\"\u00dcyeliklerimiz Uluslararas\u0131 Kongre Merkezleri Birli\u011fi Uluslararas\u0131 Toplant\u0131 Profesyonelleri Birli\u011fi Uluslararas\u0131 Toplant\u0131lar ve Kongreler Derne\u011fi \u0130stanbul Kongre ve Ziyaret\u00e7i B\u00fcrosu Desteklerimiz Sergileme ve Stand Tasar\u0131mc\u0131lar\u0131 Derne\u011fi Birle\u015fmi\u015f Milletler D\u00fcnya Turizm \u00d6rg\u00fct\u00fc\" \/>\n<meta property=\"og:url\" content=\"https:\/\/halic.com\/tr\/uyelikler-ve-destekler\/\" \/>\n<meta property=\"og:site_name\" content=\"Hali\u00e7 Kongre Merkezi\" \/>\n<meta property=\"article:publisher\" content=\"https:\/\/www.facebook.com\/HalicKongreMerkezi\/\" \/>\n<meta property=\"article:modified_time\" content=\"2021-12-15T10:20:37+00:00\" \/>\n<meta property=\"og:image\" content=\"http:\/\/halic.com\/tr\/wp-content\/uploads\/sites\/2\/2021\/09\/hkm_aipc-logo.svg\" \/>\n<meta name=\"twitter:card\" content=\"summary_large_image\" \/>\n<script type=\"application\/ld+json\" class=\"yoast-schema-graph\">{\"@context\":\"https:\/\/schema.org\",\"@graph\":[{\"@type\":\"Organization\",\"@id\":\"https:\/\/halic.com\/tr\/#organization\",\"name\":\"Hali\u00e7 Kongre Merkezi\",\"url\":\"https:\/\/halic.com\/tr\/\",\"sameAs\":[\"https:\/\/www.linkedin.com\/company\/halickongremerkezi\/\",\"https:\/\/www.instagram.com\/halickongremerkezi\/\",\"https:\/\/www.facebook.com\/HalicKongreMerkezi\/\"],\"logo\":{\"@type\":\"ImageObject\",\"inLanguage\":\"tr\",\"@id\":\"https:\/\/halic.com\/tr\/#\/schema\/logo\/image\/\",\"url\":\"https:\/\/halic.com\/tr\/wp-content\/uploads\/sites\/2\/2019\/05\/hkm-logo-tr-color-36.svg\",\"contentUrl\":\"https:\/\/halic.com\/tr\/wp-content\/uploads\/sites\/2\/2019\/05\/hkm-logo-tr-color-36.svg\",\"width\":108,\"height\":131,\"caption\":\"Hali\u00e7 Kongre Merkezi\"},\"image\":{\"@id\":\"https:\/\/halic.com\/tr\/#\/schema\/logo\/image\/\"}},{\"@type\":\"WebSite\",\"@id\":\"https:\/\/halic.com\/tr\/#website\",\"url\":\"https:\/\/halic.com\/tr\/\",\"name\":\"Hali\u00e7 Kongre Merkezi\",\"description\":\"Mutlu Mekan\",\"publisher\":{\"@id\":\"https:\/\/halic.com\/tr\/#organization\"},\"potentialAction\":[{\"@type\":\"SearchAction\",\"target\":{\"@type\":\"EntryPoint\",\"urlTemplate\":\"https:\/\/halic.com\/tr\/?s={search_term_string}\"},\"query-input\":\"required name=search_term_string\"}],\"inLanguage\":\"tr\"},{\"@type\":\"ImageObject\",\"inLanguage\":\"tr\",\"@id\":\"https:\/\/halic.com\/tr\/uyelikler-ve-destekler\/#primaryimage\",\"url\":\"http:\/\/halic.com\/tr\/wp-content\/uploads\/sites\/2\/2021\/09\/hkm_aipc-logo.svg\",\"contentUrl\":\"http:\/\/halic.com\/tr\/wp-content\/uploads\/sites\/2\/2021\/09\/hkm_aipc-logo.svg\"},{\"@type\":\"WebPage\",\"@id\":\"https:\/\/halic.com\/tr\/uyelikler-ve-destekler\/#webpage\",\"url\":\"https:\/\/halic.com\/tr\/uyelikler-ve-destekler\/\",\"name\":\"\u00dcyelikler & Destekler | Hali\u00e7 Kongre Merkezi\",\"isPartOf\":{\"@id\":\"https:\/\/halic.com\/tr\/#website\"},\"primaryImageOfPage\":{\"@id\":\"https:\/\/halic.com\/tr\/uyelikler-ve-destekler\/#primaryimage\"},\"datePublished\":\"2021-10-24T00:51:16+00:00\",\"dateModified\":\"2021-12-15T10:20:37+00:00\",\"breadcrumb\":{\"@id\":\"https:\/\/halic.com\/tr\/uyelikler-ve-destekler\/#breadcrumb\"},\"inLanguage\":\"tr\",\"potentialAction\":[{\"@type\":\"ReadAction\",\"target\":[\"https:\/\/halic.com\/tr\/uyelikler-ve-destekler\/\"]}]},{\"@type\":\"BreadcrumbList\",\"@id\":\"https:\/\/halic.com\/tr\/uyelikler-ve-destekler\/#breadcrumb\",\"itemListElement\":[{\"@type\":\"ListItem\",\"position\":1,\"name\":\"Home\",\"item\":\"https:\/\/halic.com\/tr\/\"},{\"@type\":\"ListItem\",\"position\":2,\"name\":\"\u00dcyelikler &#038; Destekler\"}]}]}<\/script>\n<!-- \/ Yoast SEO plugin. -->","yoast_head_json":{"title":"\u00dcyelikler & Destekler | Hali\u00e7 Kongre Merkezi","robots":{"index":"index","follow":"follow","max-snippet":"max-snippet:-1","max-image-preview":"max-image-preview:large","max-video-preview":"max-video-preview:-1"},"canonical":"https:\/\/halic.com\/tr\/uyelikler-ve-destekler\/","og_locale":"tr_TR","og_type":"article","og_title":"\u00dcyelikler & Destekler | Hali\u00e7 Kongre Merkezi","og_description":"\u00dcyeliklerimiz Uluslararas\u0131 Kongre Merkezleri Birli\u011fi Uluslararas\u0131 Toplant\u0131 Profesyonelleri Birli\u011fi Uluslararas\u0131 Toplant\u0131lar ve Kongreler Derne\u011fi \u0130stanbul Kongre ve Ziyaret\u00e7i B\u00fcrosu Desteklerimiz Sergileme ve Stand Tasar\u0131mc\u0131lar\u0131 Derne\u011fi Birle\u015fmi\u015f Milletler D\u00fcnya Turizm \u00d6rg\u00fct\u00fc","og_url":"https:\/\/halic.com\/tr\/uyelikler-ve-destekler\/","og_site_name":"Hali\u00e7 Kongre Merkezi","article_publisher":"https:\/\/www.facebook.com\/HalicKongreMerkezi\/","article_modified_time":"2021-12-15T10:20:37+00:00","og_image":[{"url":"http:\/\/halic.com\/tr\/wp-content\/uploads\/sites\/2\/2021\/09\/hkm_aipc-logo.svg"}],"twitter_card":"summary_large_image","schema":{"@context":"https:\/\/schema.org","@graph":[{"@type":"Organization","@id":"https:\/\/halic.com\/tr\/#organization","name":"Hali\u00e7 Kongre Merkezi","url":"https:\/\/halic.com\/tr\/","sameAs":["https:\/\/www.linkedin.com\/company\/halickongremerkezi\/","https:\/\/www.instagram.com\/halickongremerkezi\/","https:\/\/www.facebook.com\/HalicKongreMerkezi\/"],"logo":{"@type":"ImageObject","inLanguage":"tr","@id":"https:\/\/halic.com\/tr\/#\/schema\/logo\/image\/","url":"https:\/\/halic.com\/tr\/wp-content\/uploads\/sites\/2\/2019\/05\/hkm-logo-tr-color-36.svg","contentUrl":"https:\/\/halic.com\/tr\/wp-content\/uploads\/sites\/2\/2019\/05\/hkm-logo-tr-color-36.svg","width":108,"height":131,"caption":"Hali\u00e7 Kongre Merkezi"},"image":{"@id":"https:\/\/halic.com\/tr\/#\/schema\/logo\/image\/"}},{"@type":"WebSite","@id":"https:\/\/halic.com\/tr\/#website","url":"https:\/\/halic.com\/tr\/","name":"Hali\u00e7 Kongre Merkezi","description":"Mutlu Mekan","publisher":{"@id":"https:\/\/halic.com\/tr\/#organization"},"potentialAction":[{"@type":"SearchAction","target":{"@type":"EntryPoint","urlTemplate":"https:\/\/halic.com\/tr\/?s={search_term_string}"},"query-input":"required name=search_term_string"}],"inLanguage":"tr"},{"@type":"ImageObject","inLanguage":"tr","@id":"https:\/\/halic.com\/tr\/uyelikler-ve-destekler\/#primaryimage","url":"http:\/\/halic.com\/tr\/wp-content\/uploads\/sites\/2\/2021\/09\/hkm_aipc-logo.svg","contentUrl":"http:\/\/halic.com\/tr\/wp-content\/uploads\/sites\/2\/2021\/09\/hkm_aipc-logo.svg"},{"@type":"WebPage","@id":"https:\/\/halic.com\/tr\/uyelikler-ve-destekler\/#webpage","url":"https:\/\/halic.com\/tr\/uyelikler-ve-destekler\/","name":"\u00dcyelikler & Destekler | Hali\u00e7 Kongre Merkezi","isPartOf":{"@id":"https:\/\/halic.com\/tr\/#website"},"primaryImageOfPage":{"@id":"https:\/\/halic.com\/tr\/uyelikler-ve-destekler\/#primaryimage"},"datePublished":"2021-10-24T00:51:16+00:00","dateModified":"2021-12-15T10:20:37+00:00","breadcrumb":{"@id":"https:\/\/halic.com\/tr\/uyelikler-ve-destekler\/#breadcrumb"},"inLanguage":"tr","potentialAction":[{"@type":"ReadAction","target":["https:\/\/halic.com\/tr\/uyelikler-ve-destekler\/"]}]},{"@type":"BreadcrumbList","@id":"https:\/\/halic.com\/tr\/uyelikler-ve-destekler\/#breadcrumb","itemListElement":[{"@type":"ListItem","position":1,"name":"Home","item":"https:\/\/halic.com\/tr\/"},{"@type":"ListItem","position":2,"name":"\u00dcyelikler &#038; Destekler"}]}]}},"_links":{"self":[{"href":"https:\/\/halic.com\/tr\/wp-json\/wp\/v2\/pages\/10604"}],"collection":[{"href":"https:\/\/halic.com\/tr\/wp-json\/wp\/v2\/pages"}],"about":[{"href":"https:\/\/halic.com\/tr\/wp-json\/wp\/v2\/types\/page"}],"author":[{"embeddable":true,"href":"https:\/\/halic.com\/tr\/wp-json\/wp\/v2\/users\/1"}],"replies":[{"embeddable":true,"href":"https:\/\/halic.com\/tr\/wp-json\/wp\/v2\/comments?post=10604"}],"version-history":[{"count":56,"href":"https:\/\/halic.com\/tr\/wp-json\/wp\/v2\/pages\/10604\/revisions"}],"predecessor-version":[{"id":12297,"href":"https:\/\/halic.com\/tr\/wp-json\/wp\/v2\/pages\/10604\/revisions\/12297"}],"wp:attachment":[{"href":"https:\/\/halic.com\/tr\/wp-json\/wp\/v2\/media?parent=10604"}],"curies":[{"name":"wp","href":"https:\/\/api.w.org\/{rel}","templated":true}]}}