{"id":11559,"date":"2021-12-01T00:59:04","date_gmt":"2021-11-30T21:59:04","guid":{"rendered":"https:\/\/halic.com\/tr\/?page_id=11559"},"modified":"2022-05-29T00:43:50","modified_gmt":"2022-05-28T21:43:50","slug":"surdurulebilirlik","status":"publish","type":"page","link":"https:\/\/halic.com\/tr\/surdurulebilirlik\/","title":{"rendered":"S\u00fcrd\u00fcr\u00fclebilirlik"},"content":{"rendered":"\t\t<div data-elementor-type=\"wp-page\" data-elementor-id=\"11559\" class=\"elementor elementor-11559\" data-elementor-settings=\"[]\">\n\t\t\t\t\t\t\t<div class=\"elementor-section-wrap\">\n\t\t\t\t\t\t\t<section class=\"elementor-section elementor-top-section elementor-element elementor-element-0f4b121 elementor-section-stretched elementor-section-boxed elementor-section-height-default elementor-section-height-default\" data-id=\"0f4b121\" data-element_type=\"section\" data-settings=\"{&quot;stretch_section&quot;:&quot;section-stretched&quot;}\">\n\t\t\t\t\t\t<div class=\"elementor-container elementor-column-gap-default\">\n\t\t\t\t\t<div class=\"elementor-column elementor-col-50 elementor-top-column elementor-element elementor-element-6fda988 column-style-top\" data-id=\"6fda988\" data-element_type=\"column\">\n\t\t\t<div class=\"elementor-widget-wrap elementor-element-populated\">\n\t\t\t\t\t\t\t\t<div class=\"elementor-element elementor-element-e0c9af0 elementor-widget elementor-widget-heading\" data-id=\"e0c9af0\" data-element_type=\"widget\" data-widget_type=\"heading.default\">\n\t\t\t\t<div class=\"elementor-widget-container\">\n\t\t\t<h2 class=\"elementor-heading-title elementor-size-default\">S\u00fcrd\u00fcr\u00fclebilirlik ve \u00c7evre Bilinci<\/h2>\t\t<\/div>\n\t\t\t\t<\/div>\n\t\t\t\t<div class=\"elementor-element elementor-element-9709fe3 elementor-widget elementor-widget-text-editor\" data-id=\"9709fe3\" data-element_type=\"widget\" data-widget_type=\"text-editor.default\">\n\t\t\t\t<div class=\"elementor-widget-container\">\n\t\t\t\t\t\t\t<p>Hali\u00e7 Kongre Merkezi, ekonomik, \u00e7evresel ve toplumsal etkisi son derece b\u00fcy\u00fck olan &#8220;s\u00fcrd\u00fcr\u00fclebilirlik&#8221; bilinciyle hareket etmektedir.<\/p>\t\t\t\t\t\t<\/div>\n\t\t\t\t<\/div>\n\t\t\t\t<div class=\"elementor-element elementor-element-a78773a elementor-widget-divider--view-line elementor-widget elementor-widget-divider\" data-id=\"a78773a\" data-element_type=\"widget\" data-widget_type=\"divider.default\">\n\t\t\t\t<div class=\"elementor-widget-container\">\n\t\t\t\t\t<div class=\"elementor-divider\">\n\t\t\t<span class=\"elementor-divider-separator\">\n\t\t\t\t\t\t<\/span>\n\t\t<\/div>\n\t\t\t\t<\/div>\n\t\t\t\t<\/div>\n\t\t\t\t<div class=\"elementor-element elementor-element-9b7d935 elementor-widget elementor-widget-heading\" data-id=\"9b7d935\" data-element_type=\"widget\" data-widget_type=\"heading.default\">\n\t\t\t\t<div class=\"elementor-widget-container\">\n\t\t\t<h2 class=\"elementor-heading-title elementor-size-default\">S\u00fcrd\u00fcr\u00fclebilir Yiyecek-\u0130\u00e7ecek Hizmetleri<\/h2>\t\t<\/div>\n\t\t\t\t<\/div>\n\t\t\t\t<div class=\"elementor-element elementor-element-38e4380 elementor-widget elementor-widget-text-editor\" data-id=\"38e4380\" data-element_type=\"widget\" data-widget_type=\"text-editor.default\">\n\t\t\t\t<div class=\"elementor-widget-container\">\n\t\t\t\t\t\t\t<p>Mevsimsel ve taze \u00fcr\u00fcnler kullanmakta, organizasyonlar i\u00e7in yap\u0131lan ve dokunulmadan arta kalan tatl\u0131lar\u0131, sandvi\u00e7leri ve benzer \u00fcr\u00fcnleri gerek yemekhanelerde anl\u0131k ve g\u00fcnl\u00fck olarak de\u011ferlendirmekte gerek ise \u00fcr\u00fcnlerin belediyenin kurdu\u011fu sosyal marketlerde insan onuruna yak\u0131\u015f\u0131r \u015fekilde ihtiya\u00e7 sahiplerine ula\u015fmas\u0131n\u0131 sa\u011flamaktad\u0131r. T\u00fcketilemeyen g\u0131dalar ise ayr\u0131\u015ft\u0131r\u0131larak so\u011fuk hava dolaplar\u0131nda muhafaza edilmekte ve hayvan bar\u0131naklar\u0131na g\u00f6nderilmektedir.<\/p>\t\t\t\t\t\t<\/div>\n\t\t\t\t<\/div>\n\t\t\t\t<div class=\"elementor-element elementor-element-c8ec1ad elementor-widget-divider--view-line elementor-widget elementor-widget-divider\" data-id=\"c8ec1ad\" data-element_type=\"widget\" data-widget_type=\"divider.default\">\n\t\t\t\t<div class=\"elementor-widget-container\">\n\t\t\t\t\t<div class=\"elementor-divider\">\n\t\t\t<span class=\"elementor-divider-separator\">\n\t\t\t\t\t\t<\/span>\n\t\t<\/div>\n\t\t\t\t<\/div>\n\t\t\t\t<\/div>\n\t\t\t\t<div class=\"elementor-element elementor-element-4681c56 elementor-widget elementor-widget-heading\" data-id=\"4681c56\" data-element_type=\"widget\" data-widget_type=\"heading.default\">\n\t\t\t\t<div class=\"elementor-widget-container\">\n\t\t\t<h2 class=\"elementor-heading-title elementor-size-default\">S\u00fcrd\u00fcr\u00fclebilir Teknik Hizmetler<\/h2>\t\t<\/div>\n\t\t\t\t<\/div>\n\t\t\t\t<div class=\"elementor-element elementor-element-e37d78d elementor-widget elementor-widget-text-editor\" data-id=\"e37d78d\" data-element_type=\"widget\" data-widget_type=\"text-editor.default\">\n\t\t\t\t<div class=\"elementor-widget-container\">\n\t\t\t\t\t\t\t<p>Ayd\u0131nlatma sistemlerinde % 95\u2019inde Kompakt Floresan ampuller ve Ledli ayd\u0131nlatma, bina genelinde pencerelerde ise \u0131s\u0131 yal\u0131t\u0131m\u0131 amac\u0131yla \u00e7ift cam tercih edilmi\u015ftir. Ofis camlar\u0131nda \u0131s\u0131 filtreli film uygulamas\u0131 yap\u0131lm\u0131\u015f, lavabolarda d\u00fc\u015f\u00fck debili \u00f6zel armat\u00fcrler tercih edilmi\u015ftir. \u00d6mr\u00fcn\u00fc tamamlam\u0131\u015f piller i\u00e7in \u201cAt\u0131k Pil Kutular\u0131\u201d bulunmakta ve \u00e7al\u0131\u015fanlar kullan\u0131lm\u0131\u015f pilleri buraya atmalar\u0131 konusunda y\u00f6nlendirilmektedir. Misafirlerin geri d\u00f6n\u00fc\u015f\u00fcml\u00fc at\u0131klar\u0131 i\u00e7in genel mek\u00e2nlara geri d\u00f6n\u00fc\u015f\u00fcm kutular\u0131 yerle\u015ftirilmi\u015ftir. D\u0131\u015f mek\u00e2n ayd\u0131nlatmalar\u0131nda zaman saati kullan\u0131lmakta, yaz k\u0131\u015f saatlerine g\u00f6re ayd\u0131nlatma zamanlar\u0131 ayarlanmaktad\u0131r. Is\u0131tma sistemi pompalar\u0131, hidrofor pompalar\u0131 ve ana klima santrallerinde bulunan frekans invert\u00f6rleri sayesinde elektrik t\u00fcketimi d\u00fc\u015f\u00fcr\u00fclmekte olup bah\u00e7e sulamas\u0131 zaman ayarl\u0131 ve damla sulama sistemleri ile yap\u0131lmaktad\u0131r.<\/p>\t\t\t\t\t\t<\/div>\n\t\t\t\t<\/div>\n\t\t\t\t\t<\/div>\n\t\t<\/div>\n\t\t\t\t<div class=\"elementor-column elementor-col-50 elementor-top-column elementor-element elementor-element-4263e3c column-style-top\" data-id=\"4263e3c\" data-element_type=\"column\">\n\t\t\t<div class=\"elementor-widget-wrap elementor-element-populated\">\n\t\t\t\t\t\t\t\t<div class=\"elementor-element elementor-element-78c879b elementor-widget elementor-widget-text-editor\" data-id=\"78c879b\" data-element_type=\"widget\" data-widget_type=\"text-editor.default\">\n\t\t\t\t<div class=\"elementor-widget-container\">\n\t\t\t\t\t\t\t\t\t\t\t\t\t<\/div>\n\t\t\t\t<\/div>\n\t\t\t\t\t<\/div>\n\t\t<\/div>\n\t\t\t\t\t\t\t<\/div>\n\t\t<\/section>\n\t\t\t\t\t\t<\/div>\n\t\t\t\t\t<\/div>\n\t\t","protected":false},"excerpt":{"rendered":"<p>S\u00fcrd\u00fcr\u00fclebilirlik ve \u00c7evre Bilinci Hali\u00e7 Kongre Merkezi, ekonomik, \u00e7evresel ve toplumsal etkisi son derece b\u00fcy\u00fck olan &#8220;s\u00fcrd\u00fcr\u00fclebilirlik&#8221; bilinciyle hareket etmektedir. S\u00fcrd\u00fcr\u00fclebilir Yiyecek-\u0130\u00e7ecek Hizmetleri Mevsimsel ve taze \u00fcr\u00fcnler kullanmakta, organizasyonlar i\u00e7in [&hellip;]<\/p>\n","protected":false},"author":1,"featured_media":0,"parent":0,"menu_order":0,"comment_status":"closed","ping_status":"closed","template":"","meta":[],"yoast_head":"<!-- This site is optimized with the Yoast SEO plugin v18.9 - https:\/\/yoast.com\/wordpress\/plugins\/seo\/ -->\n<title>S\u00fcrd\u00fcr\u00fclebilirlik | Hali\u00e7 Kongre Merkezi<\/title>\n<meta name=\"description\" content=\"Hali\u00e7 Kongre Merkezi, ekonomik, \u00e7evresel ve toplumsal etkisi son derece b\u00fcy\u00fck olan \u201cs\u00fcrd\u00fcr\u00fclebilirlik\u201d bilinciyle hareket etmektedir.\" \/>\n<meta name=\"robots\" content=\"index, follow, max-snippet:-1, max-image-preview:large, max-video-preview:-1\" \/>\n<link rel=\"canonical\" href=\"https:\/\/halic.com\/tr\/surdurulebilirlik\/\" \/>\n<meta property=\"og:locale\" content=\"tr_TR\" \/>\n<meta property=\"og:type\" content=\"article\" \/>\n<meta property=\"og:title\" content=\"S\u00fcrd\u00fcr\u00fclebilirlik | Hali\u00e7 Kongre Merkezi\" \/>\n<meta property=\"og:description\" content=\"Hali\u00e7 Kongre Merkezi, ekonomik, \u00e7evresel ve toplumsal etkisi son derece b\u00fcy\u00fck olan \u201cs\u00fcrd\u00fcr\u00fclebilirlik\u201d bilinciyle hareket etmektedir.\" \/>\n<meta property=\"og:url\" content=\"https:\/\/halic.com\/tr\/surdurulebilirlik\/\" \/>\n<meta property=\"og:site_name\" content=\"Hali\u00e7 Kongre Merkezi\" \/>\n<meta property=\"article:publisher\" content=\"https:\/\/www.facebook.com\/HalicKongreMerkezi\/\" \/>\n<meta property=\"article:modified_time\" content=\"2022-05-28T21:43:50+00:00\" \/>\n<meta name=\"twitter:card\" content=\"summary_large_image\" \/>\n<meta name=\"twitter:label1\" content=\"Tahmini okuma s\u00fcresi\" \/>\n\t<meta name=\"twitter:data1\" content=\"2 dakika\" \/>\n<script type=\"application\/ld+json\" class=\"yoast-schema-graph\">{\"@context\":\"https:\/\/schema.org\",\"@graph\":[{\"@type\":\"Organization\",\"@id\":\"https:\/\/halic.com\/tr\/#organization\",\"name\":\"Hali\u00e7 Kongre Merkezi\",\"url\":\"https:\/\/halic.com\/tr\/\",\"sameAs\":[\"https:\/\/www.linkedin.com\/company\/halickongremerkezi\/\",\"https:\/\/www.instagram.com\/halickongremerkezi\/\",\"https:\/\/www.facebook.com\/HalicKongreMerkezi\/\"],\"logo\":{\"@type\":\"ImageObject\",\"inLanguage\":\"tr\",\"@id\":\"https:\/\/halic.com\/tr\/#\/schema\/logo\/image\/\",\"url\":\"https:\/\/halic.com\/tr\/wp-content\/uploads\/sites\/2\/2019\/05\/hkm-logo-tr-color-36.svg\",\"contentUrl\":\"https:\/\/halic.com\/tr\/wp-content\/uploads\/sites\/2\/2019\/05\/hkm-logo-tr-color-36.svg\",\"width\":108,\"height\":131,\"caption\":\"Hali\u00e7 Kongre Merkezi\"},\"image\":{\"@id\":\"https:\/\/halic.com\/tr\/#\/schema\/logo\/image\/\"}},{\"@type\":\"WebSite\",\"@id\":\"https:\/\/halic.com\/tr\/#website\",\"url\":\"https:\/\/halic.com\/tr\/\",\"name\":\"Hali\u00e7 Kongre Merkezi\",\"description\":\"Mutlu Mekan\",\"publisher\":{\"@id\":\"https:\/\/halic.com\/tr\/#organization\"},\"potentialAction\":[{\"@type\":\"SearchAction\",\"target\":{\"@type\":\"EntryPoint\",\"urlTemplate\":\"https:\/\/halic.com\/tr\/?s={search_term_string}\"},\"query-input\":\"required name=search_term_string\"}],\"inLanguage\":\"tr\"},{\"@type\":\"WebPage\",\"@id\":\"https:\/\/halic.com\/tr\/surdurulebilirlik\/#webpage\",\"url\":\"https:\/\/halic.com\/tr\/surdurulebilirlik\/\",\"name\":\"S\u00fcrd\u00fcr\u00fclebilirlik | Hali\u00e7 Kongre Merkezi\",\"isPartOf\":{\"@id\":\"https:\/\/halic.com\/tr\/#website\"},\"datePublished\":\"2021-11-30T21:59:04+00:00\",\"dateModified\":\"2022-05-28T21:43:50+00:00\",\"description\":\"Hali\u00e7 Kongre Merkezi, ekonomik, \u00e7evresel ve toplumsal etkisi son derece b\u00fcy\u00fck olan \u201cs\u00fcrd\u00fcr\u00fclebilirlik\u201d bilinciyle hareket etmektedir.\",\"breadcrumb\":{\"@id\":\"https:\/\/halic.com\/tr\/surdurulebilirlik\/#breadcrumb\"},\"inLanguage\":\"tr\",\"potentialAction\":[{\"@type\":\"ReadAction\",\"target\":[\"https:\/\/halic.com\/tr\/surdurulebilirlik\/\"]}]},{\"@type\":\"BreadcrumbList\",\"@id\":\"https:\/\/halic.com\/tr\/surdurulebilirlik\/#breadcrumb\",\"itemListElement\":[{\"@type\":\"ListItem\",\"position\":1,\"name\":\"Home\",\"item\":\"https:\/\/halic.com\/tr\/\"},{\"@type\":\"ListItem\",\"position\":2,\"name\":\"S\u00fcrd\u00fcr\u00fclebilirlik\"}]}]}<\/script>\n<!-- \/ Yoast SEO plugin. -->","yoast_head_json":{"title":"S\u00fcrd\u00fcr\u00fclebilirlik | Hali\u00e7 Kongre Merkezi","description":"Hali\u00e7 Kongre Merkezi, ekonomik, \u00e7evresel ve toplumsal etkisi son derece b\u00fcy\u00fck olan \u201cs\u00fcrd\u00fcr\u00fclebilirlik\u201d bilinciyle hareket etmektedir.","robots":{"index":"index","follow":"follow","max-snippet":"max-snippet:-1","max-image-preview":"max-image-preview:large","max-video-preview":"max-video-preview:-1"},"canonical":"https:\/\/halic.com\/tr\/surdurulebilirlik\/","og_locale":"tr_TR","og_type":"article","og_title":"S\u00fcrd\u00fcr\u00fclebilirlik | Hali\u00e7 Kongre Merkezi","og_description":"Hali\u00e7 Kongre Merkezi, ekonomik, \u00e7evresel ve toplumsal etkisi son derece b\u00fcy\u00fck olan \u201cs\u00fcrd\u00fcr\u00fclebilirlik\u201d bilinciyle hareket etmektedir.","og_url":"https:\/\/halic.com\/tr\/surdurulebilirlik\/","og_site_name":"Hali\u00e7 Kongre Merkezi","article_publisher":"https:\/\/www.facebook.com\/HalicKongreMerkezi\/","article_modified_time":"2022-05-28T21:43:50+00:00","twitter_card":"summary_large_image","twitter_misc":{"Tahmini okuma s\u00fcresi":"2 dakika"},"schema":{"@context":"https:\/\/schema.org","@graph":[{"@type":"Organization","@id":"https:\/\/halic.com\/tr\/#organization","name":"Hali\u00e7 Kongre Merkezi","url":"https:\/\/halic.com\/tr\/","sameAs":["https:\/\/www.linkedin.com\/company\/halickongremerkezi\/","https:\/\/www.instagram.com\/halickongremerkezi\/","https:\/\/www.facebook.com\/HalicKongreMerkezi\/"],"logo":{"@type":"ImageObject","inLanguage":"tr","@id":"https:\/\/halic.com\/tr\/#\/schema\/logo\/image\/","url":"https:\/\/halic.com\/tr\/wp-content\/uploads\/sites\/2\/2019\/05\/hkm-logo-tr-color-36.svg","contentUrl":"https:\/\/halic.com\/tr\/wp-content\/uploads\/sites\/2\/2019\/05\/hkm-logo-tr-color-36.svg","width":108,"height":131,"caption":"Hali\u00e7 Kongre Merkezi"},"image":{"@id":"https:\/\/halic.com\/tr\/#\/schema\/logo\/image\/"}},{"@type":"WebSite","@id":"https:\/\/halic.com\/tr\/#website","url":"https:\/\/halic.com\/tr\/","name":"Hali\u00e7 Kongre Merkezi","description":"Mutlu Mekan","publisher":{"@id":"https:\/\/halic.com\/tr\/#organization"},"potentialAction":[{"@type":"SearchAction","target":{"@type":"EntryPoint","urlTemplate":"https:\/\/halic.com\/tr\/?s={search_term_string}"},"query-input":"required name=search_term_string"}],"inLanguage":"tr"},{"@type":"WebPage","@id":"https:\/\/halic.com\/tr\/surdurulebilirlik\/#webpage","url":"https:\/\/halic.com\/tr\/surdurulebilirlik\/","name":"S\u00fcrd\u00fcr\u00fclebilirlik | Hali\u00e7 Kongre Merkezi","isPartOf":{"@id":"https:\/\/halic.com\/tr\/#website"},"datePublished":"2021-11-30T21:59:04+00:00","dateModified":"2022-05-28T21:43:50+00:00","description":"Hali\u00e7 Kongre Merkezi, ekonomik, \u00e7evresel ve toplumsal etkisi son derece b\u00fcy\u00fck olan \u201cs\u00fcrd\u00fcr\u00fclebilirlik\u201d bilinciyle hareket etmektedir.","breadcrumb":{"@id":"https:\/\/halic.com\/tr\/surdurulebilirlik\/#breadcrumb"},"inLanguage":"tr","potentialAction":[{"@type":"ReadAction","target":["https:\/\/halic.com\/tr\/surdurulebilirlik\/"]}]},{"@type":"BreadcrumbList","@id":"https:\/\/halic.com\/tr\/surdurulebilirlik\/#breadcrumb","itemListElement":[{"@type":"ListItem","position":1,"name":"Home","item":"https:\/\/halic.com\/tr\/"},{"@type":"ListItem","position":2,"name":"S\u00fcrd\u00fcr\u00fclebilirlik"}]}]}},"_links":{"self":[{"href":"https:\/\/halic.com\/tr\/wp-json\/wp\/v2\/pages\/11559"}],"collection":[{"href":"https:\/\/halic.com\/tr\/wp-json\/wp\/v2\/pages"}],"about":[{"href":"https:\/\/halic.com\/tr\/wp-json\/wp\/v2\/types\/page"}],"author":[{"embeddable":true,"href":"https:\/\/halic.com\/tr\/wp-json\/wp\/v2\/users\/1"}],"replies":[{"embeddable":true,"href":"https:\/\/halic.com\/tr\/wp-json\/wp\/v2\/comments?post=11559"}],"version-history":[{"count":8,"href":"https:\/\/halic.com\/tr\/wp-json\/wp\/v2\/pages\/11559\/revisions"}],"predecessor-version":[{"id":12274,"href":"https:\/\/halic.com\/tr\/wp-json\/wp\/v2\/pages\/11559\/revisions\/12274"}],"wp:attachment":[{"href":"https:\/\/halic.com\/tr\/wp-json\/wp\/v2\/media?parent=11559"}],"curies":[{"name":"wp","href":"https:\/\/api.w.org\/{rel}","templated":true}]}}