{"id":13462,"date":"2023-11-02T12:41:11","date_gmt":"2023-11-02T09:41:11","guid":{"rendered":"https:\/\/halic.com\/tr\/?page_id=13462"},"modified":"2024-06-11T15:08:32","modified_gmt":"2024-06-11T12:08:32","slug":"yonetim-kurulumuz","status":"publish","type":"page","link":"https:\/\/halic.com\/tr\/yonetim-kurulumuz\/","title":{"rendered":"Y\u00f6netim Kurulumuz"},"content":{"rendered":"\t\t<div data-elementor-type=\"wp-page\" data-elementor-id=\"13462\" class=\"elementor elementor-13462\" data-elementor-settings=\"[]\">\n\t\t\t\t\t\t\t<div class=\"elementor-section-wrap\">\n\t\t\t\t\t\t\t<section class=\"elementor-section elementor-top-section elementor-element elementor-element-51dff35 elementor-section-stretched elementor-section-boxed elementor-section-height-default elementor-section-height-default\" data-id=\"51dff35\" data-element_type=\"section\" data-settings=\"{&quot;stretch_section&quot;:&quot;section-stretched&quot;,&quot;background_background&quot;:&quot;classic&quot;}\">\n\t\t\t\t\t\t\t<div class=\"elementor-background-overlay\"><\/div>\n\t\t\t\t\t\t\t<div class=\"elementor-container elementor-column-gap-default\">\n\t\t\t\t\t<div class=\"elementor-column elementor-col-33 elementor-top-column elementor-element elementor-element-1afe21b column-style-top\" data-id=\"1afe21b\" data-element_type=\"column\">\n\t\t\t<div class=\"elementor-widget-wrap elementor-element-populated\">\n\t\t\t\t\t\t\t\t<div class=\"elementor-element elementor-element-ec90cd7 elementor-position-top elementor-vertical-align-top elementor-widget elementor-widget-image-box\" data-id=\"ec90cd7\" data-element_type=\"widget\" data-widget_type=\"image-box.default\">\n\t\t\t\t<div class=\"elementor-widget-container\">\n\t\t\t<div class=\"elementor-image-box-wrapper\"><figure class=\"elementor-image-box-img\"><img width=\"496\" height=\"740\" src=\"https:\/\/halic.com\/tr\/wp-content\/uploads\/sites\/2\/2023\/11\/yunus-enes-topsakal-halic-kongre-merkezi.webp\" class=\"attachment-full size-full\" alt=\"\" loading=\"lazy\" \/><\/figure><div class=\"elementor-image-box-content\"><h3 class=\"elementor-image-box-title\">Yusuf Enes Topsakal<\/h3><p class=\"elementor-image-box-description\">Y\u00f6netim Kurulu Ba\u015fkan\u0131<\/p><\/div><\/div>\t\t<\/div>\n\t\t\t\t<\/div>\n\t\t\t\t\t<\/div>\n\t\t<\/div>\n\t\t\t\t<div class=\"elementor-column elementor-col-33 elementor-top-column elementor-element elementor-element-84877ba column-style-top\" data-id=\"84877ba\" data-element_type=\"column\">\n\t\t\t<div class=\"elementor-widget-wrap elementor-element-populated\">\n\t\t\t\t\t\t\t\t<div class=\"elementor-element elementor-element-d9d1da8 elementor-position-top elementor-vertical-align-top elementor-widget elementor-widget-image-box\" data-id=\"d9d1da8\" data-element_type=\"widget\" data-widget_type=\"image-box.default\">\n\t\t\t\t<div class=\"elementor-widget-container\">\n\t\t\t<div class=\"elementor-image-box-wrapper\"><figure class=\"elementor-image-box-img\"><img width=\"496\" height=\"740\" src=\"https:\/\/halic.com\/tr\/wp-content\/uploads\/sites\/2\/2023\/11\/esra-topsakal-halic-kongre-merkezi.webp\" class=\"attachment-full size-full\" alt=\"\" loading=\"lazy\" \/><\/figure><div class=\"elementor-image-box-content\"><h3 class=\"elementor-image-box-title\">Esra Topsakal<\/h3><p class=\"elementor-image-box-description\">Y\u00f6netim Kurulu Ba\u015fkan Yard\u0131mc\u0131s\u0131<\/p><\/div><\/div>\t\t<\/div>\n\t\t\t\t<\/div>\n\t\t\t\t\t<\/div>\n\t\t<\/div>\n\t\t\t\t<div class=\"elementor-column elementor-col-33 elementor-top-column elementor-element elementor-element-66d60fc column-style-top\" data-id=\"66d60fc\" data-element_type=\"column\">\n\t\t\t<div class=\"elementor-widget-wrap elementor-element-populated\">\n\t\t\t\t\t\t\t\t<div class=\"elementor-element elementor-element-656ff97 elementor-position-top elementor-vertical-align-top elementor-widget elementor-widget-image-box\" data-id=\"656ff97\" data-element_type=\"widget\" data-widget_type=\"image-box.default\">\n\t\t\t\t<div class=\"elementor-widget-container\">\n\t\t\t<div class=\"elementor-image-box-wrapper\"><figure class=\"elementor-image-box-img\"><img width=\"496\" height=\"740\" src=\"https:\/\/halic.com\/tr\/wp-content\/uploads\/sites\/2\/2024\/01\/hamide-arslan-hkm.webp\" class=\"attachment-full size-full\" alt=\"\" loading=\"lazy\" \/><\/figure><div class=\"elementor-image-box-content\"><h3 class=\"elementor-image-box-title\">Hamide Arslan<\/h3><p class=\"elementor-image-box-description\">Y\u00f6netim Kurulu \u00dcyesi<\/p><\/div><\/div>\t\t<\/div>\n\t\t\t\t<\/div>\n\t\t\t\t\t<\/div>\n\t\t<\/div>\n\t\t\t\t\t\t\t<\/div>\n\t\t<\/section>\n\t\t\t\t<section class=\"elementor-section elementor-top-section elementor-element elementor-element-b3a3b28 elementor-section-stretched elementor-section-boxed elementor-section-height-default elementor-section-height-default\" data-id=\"b3a3b28\" data-element_type=\"section\" data-settings=\"{&quot;stretch_section&quot;:&quot;section-stretched&quot;,&quot;background_background&quot;:&quot;classic&quot;}\">\n\t\t\t\t\t\t\t<div class=\"elementor-background-overlay\"><\/div>\n\t\t\t\t\t\t\t<div class=\"elementor-container elementor-column-gap-default\">\n\t\t\t\t\t<div class=\"elementor-column elementor-col-33 elementor-top-column elementor-element elementor-element-4954ff1 column-style-top\" data-id=\"4954ff1\" data-element_type=\"column\">\n\t\t\t<div class=\"elementor-widget-wrap elementor-element-populated\">\n\t\t\t\t\t\t\t\t<div class=\"elementor-element elementor-element-e066a59 elementor-position-top elementor-vertical-align-top elementor-widget elementor-widget-image-box\" data-id=\"e066a59\" data-element_type=\"widget\" data-widget_type=\"image-box.default\">\n\t\t\t\t<div class=\"elementor-widget-container\">\n\t\t\t<div class=\"elementor-image-box-wrapper\"><figure class=\"elementor-image-box-img\"><img width=\"496\" height=\"740\" src=\"https:\/\/halic.com\/tr\/wp-content\/uploads\/sites\/2\/2023\/11\/kerem-erkan-halic-kongre-merkezi.webp\" class=\"attachment-full size-full\" alt=\"\" loading=\"lazy\" \/><\/figure><div class=\"elementor-image-box-content\"><h3 class=\"elementor-image-box-title\">Kerem Erkan<\/h3><p class=\"elementor-image-box-description\">Genel M\u00fcd\u00fcr Yard\u0131mc\u0131s\u0131<\/p><\/div><\/div>\t\t<\/div>\n\t\t\t\t<\/div>\n\t\t\t\t\t<\/div>\n\t\t<\/div>\n\t\t\t\t<div class=\"elementor-column elementor-col-33 elementor-top-column elementor-element elementor-element-ec0ab6f column-style-top\" data-id=\"ec0ab6f\" data-element_type=\"column\">\n\t\t\t<div class=\"elementor-widget-wrap elementor-element-populated\">\n\t\t\t\t\t\t\t\t<div class=\"elementor-element elementor-element-5d60bdc elementor-position-top elementor-vertical-align-top elementor-widget elementor-widget-image-box\" data-id=\"5d60bdc\" data-element_type=\"widget\" data-widget_type=\"image-box.default\">\n\t\t\t\t<div class=\"elementor-widget-container\">\n\t\t\t<div class=\"elementor-image-box-wrapper\"><figure class=\"elementor-image-box-img\"><img width=\"496\" height=\"740\" src=\"https:\/\/halic.com\/tr\/wp-content\/uploads\/sites\/2\/2023\/11\/kerem-icli-halic-kongre-merkezi.webp\" class=\"attachment-full size-full\" alt=\"\" loading=\"lazy\" \/><\/figure><div class=\"elementor-image-box-content\"><h3 class=\"elementor-image-box-title\">Kerem \u0130\u00e7li<\/h3><p class=\"elementor-image-box-description\">Genel M\u00fcd\u00fcr Yard\u0131mc\u0131s\u0131<\/p><\/div><\/div>\t\t<\/div>\n\t\t\t\t<\/div>\n\t\t\t\t\t<\/div>\n\t\t<\/div>\n\t\t\t\t<div class=\"elementor-column elementor-col-33 elementor-top-column elementor-element elementor-element-73642f3 column-style-top\" data-id=\"73642f3\" data-element_type=\"column\">\n\t\t\t<div class=\"elementor-widget-wrap\">\n\t\t\t\t\t\t\t\t\t<\/div>\n\t\t<\/div>\n\t\t\t\t\t\t\t<\/div>\n\t\t<\/section>\n\t\t\t\t<section class=\"elementor-section elementor-top-section elementor-element elementor-element-1eb882c elementor-section-boxed elementor-section-height-default elementor-section-height-default\" data-id=\"1eb882c\" data-element_type=\"section\">\n\t\t\t\t\t\t<div class=\"elementor-container elementor-column-gap-default\">\n\t\t\t\t\t<div class=\"elementor-column elementor-col-100 elementor-top-column elementor-element elementor-element-e6a4c5f column-style-top\" data-id=\"e6a4c5f\" data-element_type=\"column\">\n\t\t\t<div class=\"elementor-widget-wrap elementor-element-populated\">\n\t\t\t\t\t\t\t\t<div class=\"elementor-element elementor-element-f9d96e0 elementor-widget elementor-widget-image\" data-id=\"f9d96e0\" data-element_type=\"widget\" data-widget_type=\"image.default\">\n\t\t\t\t<div class=\"elementor-widget-container\">\n\t\t\t\t\t\t\t\t\t\t\t\t\t\t\t<img width=\"900\" height=\"609\" src=\"https:\/\/halic.com\/tr\/wp-content\/uploads\/sites\/2\/2023\/11\/mutlu-mekan.png\" class=\"attachment-large size-large\" alt=\"\" loading=\"lazy\" \/>\t\t\t\t\t\t\t\t\t\t\t\t\t\t\t<\/div>\n\t\t\t\t<\/div>\n\t\t\t\t\t<\/div>\n\t\t<\/div>\n\t\t\t\t\t\t\t<\/div>\n\t\t<\/section>\n\t\t\t\t\t\t<\/div>\n\t\t\t\t\t<\/div>\n\t\t","protected":false},"excerpt":{"rendered":"<p>Yusuf Enes Topsakal Y\u00f6netim Kurulu Ba\u015fkan\u0131 Esra Topsakal Y\u00f6netim Kurulu Ba\u015fkan Yard\u0131mc\u0131s\u0131 Hamide Arslan Y\u00f6netim Kurulu \u00dcyesi Kerem Erkan Genel M\u00fcd\u00fcr Yard\u0131mc\u0131s\u0131 Kerem \u0130\u00e7li Genel M\u00fcd\u00fcr Yard\u0131mc\u0131s\u0131<\/p>\n","protected":false},"author":1,"featured_media":0,"parent":0,"menu_order":0,"comment_status":"closed","ping_status":"closed","template":"","meta":[],"yoast_head":"<!-- This site is optimized with the Yoast SEO plugin v18.9 - https:\/\/yoast.com\/wordpress\/plugins\/seo\/ -->\n<title>Y\u00f6netim Kurulumuz | Hali\u00e7 Kongre Merkezi<\/title>\n<meta name=\"robots\" content=\"index, follow, max-snippet:-1, max-image-preview:large, max-video-preview:-1\" \/>\n<link rel=\"canonical\" href=\"https:\/\/halic.com\/tr\/yonetim-kurulumuz\/\" \/>\n<meta property=\"og:locale\" content=\"tr_TR\" \/>\n<meta property=\"og:type\" content=\"article\" \/>\n<meta property=\"og:title\" content=\"Y\u00f6netim Kurulumuz | Hali\u00e7 Kongre Merkezi\" \/>\n<meta property=\"og:description\" content=\"Yusuf Enes Topsakal Y\u00f6netim Kurulu Ba\u015fkan\u0131 Esra Topsakal Y\u00f6netim Kurulu Ba\u015fkan Yard\u0131mc\u0131s\u0131 Hamide Arslan Y\u00f6netim Kurulu \u00dcyesi Kerem Erkan Genel M\u00fcd\u00fcr Yard\u0131mc\u0131s\u0131 Kerem \u0130\u00e7li Genel M\u00fcd\u00fcr Yard\u0131mc\u0131s\u0131\" \/>\n<meta property=\"og:url\" content=\"https:\/\/halic.com\/tr\/yonetim-kurulumuz\/\" \/>\n<meta property=\"og:site_name\" content=\"Hali\u00e7 Kongre Merkezi\" \/>\n<meta property=\"article:publisher\" content=\"https:\/\/www.facebook.com\/HalicKongreMerkezi\/\" \/>\n<meta property=\"article:modified_time\" content=\"2024-06-11T12:08:32+00:00\" \/>\n<meta property=\"og:image\" content=\"https:\/\/halic.com\/tr\/wp-content\/uploads\/sites\/2\/2023\/11\/yunus-enes-topsakal-halic-kongre-merkezi.webp\" \/>\n<meta name=\"twitter:card\" content=\"summary_large_image\" \/>\n<meta name=\"twitter:label1\" content=\"Tahmini okuma s\u00fcresi\" \/>\n\t<meta name=\"twitter:data1\" content=\"2 dakika\" \/>\n<script type=\"application\/ld+json\" class=\"yoast-schema-graph\">{\"@context\":\"https:\/\/schema.org\",\"@graph\":[{\"@type\":\"Organization\",\"@id\":\"https:\/\/halic.com\/tr\/#organization\",\"name\":\"Hali\u00e7 Kongre Merkezi\",\"url\":\"https:\/\/halic.com\/tr\/\",\"sameAs\":[\"https:\/\/www.linkedin.com\/company\/halickongremerkezi\/\",\"https:\/\/www.instagram.com\/halickongremerkezi\/\",\"https:\/\/www.facebook.com\/HalicKongreMerkezi\/\"],\"logo\":{\"@type\":\"ImageObject\",\"inLanguage\":\"tr\",\"@id\":\"https:\/\/halic.com\/tr\/#\/schema\/logo\/image\/\",\"url\":\"https:\/\/halic.com\/tr\/wp-content\/uploads\/sites\/2\/2019\/05\/hkm-logo-tr-color-36.svg\",\"contentUrl\":\"https:\/\/halic.com\/tr\/wp-content\/uploads\/sites\/2\/2019\/05\/hkm-logo-tr-color-36.svg\",\"width\":108,\"height\":131,\"caption\":\"Hali\u00e7 Kongre Merkezi\"},\"image\":{\"@id\":\"https:\/\/halic.com\/tr\/#\/schema\/logo\/image\/\"}},{\"@type\":\"WebSite\",\"@id\":\"https:\/\/halic.com\/tr\/#website\",\"url\":\"https:\/\/halic.com\/tr\/\",\"name\":\"Hali\u00e7 Kongre Merkezi\",\"description\":\"Mutlu Mekan\",\"publisher\":{\"@id\":\"https:\/\/halic.com\/tr\/#organization\"},\"potentialAction\":[{\"@type\":\"SearchAction\",\"target\":{\"@type\":\"EntryPoint\",\"urlTemplate\":\"https:\/\/halic.com\/tr\/?s={search_term_string}\"},\"query-input\":\"required name=search_term_string\"}],\"inLanguage\":\"tr\"},{\"@type\":\"ImageObject\",\"inLanguage\":\"tr\",\"@id\":\"https:\/\/halic.com\/tr\/yonetim-kurulumuz\/#primaryimage\",\"url\":\"https:\/\/halic.com\/tr\/wp-content\/uploads\/sites\/2\/2023\/11\/yunus-enes-topsakal-halic-kongre-merkezi.webp\",\"contentUrl\":\"https:\/\/halic.com\/tr\/wp-content\/uploads\/sites\/2\/2023\/11\/yunus-enes-topsakal-halic-kongre-merkezi.webp\",\"width\":496,\"height\":740},{\"@type\":\"WebPage\",\"@id\":\"https:\/\/halic.com\/tr\/yonetim-kurulumuz\/#webpage\",\"url\":\"https:\/\/halic.com\/tr\/yonetim-kurulumuz\/\",\"name\":\"Y\u00f6netim Kurulumuz | Hali\u00e7 Kongre Merkezi\",\"isPartOf\":{\"@id\":\"https:\/\/halic.com\/tr\/#website\"},\"primaryImageOfPage\":{\"@id\":\"https:\/\/halic.com\/tr\/yonetim-kurulumuz\/#primaryimage\"},\"datePublished\":\"2023-11-02T09:41:11+00:00\",\"dateModified\":\"2024-06-11T12:08:32+00:00\",\"breadcrumb\":{\"@id\":\"https:\/\/halic.com\/tr\/yonetim-kurulumuz\/#breadcrumb\"},\"inLanguage\":\"tr\",\"potentialAction\":[{\"@type\":\"ReadAction\",\"target\":[\"https:\/\/halic.com\/tr\/yonetim-kurulumuz\/\"]}]},{\"@type\":\"BreadcrumbList\",\"@id\":\"https:\/\/halic.com\/tr\/yonetim-kurulumuz\/#breadcrumb\",\"itemListElement\":[{\"@type\":\"ListItem\",\"position\":1,\"name\":\"Home\",\"item\":\"https:\/\/halic.com\/tr\/\"},{\"@type\":\"ListItem\",\"position\":2,\"name\":\"Y\u00f6netim Kurulumuz\"}]}]}<\/script>\n<!-- \/ Yoast SEO plugin. -->","yoast_head_json":{"title":"Y\u00f6netim Kurulumuz | Hali\u00e7 Kongre Merkezi","robots":{"index":"index","follow":"follow","max-snippet":"max-snippet:-1","max-image-preview":"max-image-preview:large","max-video-preview":"max-video-preview:-1"},"canonical":"https:\/\/halic.com\/tr\/yonetim-kurulumuz\/","og_locale":"tr_TR","og_type":"article","og_title":"Y\u00f6netim Kurulumuz | Hali\u00e7 Kongre Merkezi","og_description":"Yusuf Enes Topsakal Y\u00f6netim Kurulu Ba\u015fkan\u0131 Esra Topsakal Y\u00f6netim Kurulu Ba\u015fkan Yard\u0131mc\u0131s\u0131 Hamide Arslan Y\u00f6netim Kurulu \u00dcyesi Kerem Erkan Genel M\u00fcd\u00fcr Yard\u0131mc\u0131s\u0131 Kerem \u0130\u00e7li Genel M\u00fcd\u00fcr Yard\u0131mc\u0131s\u0131","og_url":"https:\/\/halic.com\/tr\/yonetim-kurulumuz\/","og_site_name":"Hali\u00e7 Kongre Merkezi","article_publisher":"https:\/\/www.facebook.com\/HalicKongreMerkezi\/","article_modified_time":"2024-06-11T12:08:32+00:00","og_image":[{"url":"https:\/\/halic.com\/tr\/wp-content\/uploads\/sites\/2\/2023\/11\/yunus-enes-topsakal-halic-kongre-merkezi.webp"}],"twitter_card":"summary_large_image","twitter_misc":{"Tahmini okuma s\u00fcresi":"2 dakika"},"schema":{"@context":"https:\/\/schema.org","@graph":[{"@type":"Organization","@id":"https:\/\/halic.com\/tr\/#organization","name":"Hali\u00e7 Kongre Merkezi","url":"https:\/\/halic.com\/tr\/","sameAs":["https:\/\/www.linkedin.com\/company\/halickongremerkezi\/","https:\/\/www.instagram.com\/halickongremerkezi\/","https:\/\/www.facebook.com\/HalicKongreMerkezi\/"],"logo":{"@type":"ImageObject","inLanguage":"tr","@id":"https:\/\/halic.com\/tr\/#\/schema\/logo\/image\/","url":"https:\/\/halic.com\/tr\/wp-content\/uploads\/sites\/2\/2019\/05\/hkm-logo-tr-color-36.svg","contentUrl":"https:\/\/halic.com\/tr\/wp-content\/uploads\/sites\/2\/2019\/05\/hkm-logo-tr-color-36.svg","width":108,"height":131,"caption":"Hali\u00e7 Kongre Merkezi"},"image":{"@id":"https:\/\/halic.com\/tr\/#\/schema\/logo\/image\/"}},{"@type":"WebSite","@id":"https:\/\/halic.com\/tr\/#website","url":"https:\/\/halic.com\/tr\/","name":"Hali\u00e7 Kongre Merkezi","description":"Mutlu Mekan","publisher":{"@id":"https:\/\/halic.com\/tr\/#organization"},"potentialAction":[{"@type":"SearchAction","target":{"@type":"EntryPoint","urlTemplate":"https:\/\/halic.com\/tr\/?s={search_term_string}"},"query-input":"required name=search_term_string"}],"inLanguage":"tr"},{"@type":"ImageObject","inLanguage":"tr","@id":"https:\/\/halic.com\/tr\/yonetim-kurulumuz\/#primaryimage","url":"https:\/\/halic.com\/tr\/wp-content\/uploads\/sites\/2\/2023\/11\/yunus-enes-topsakal-halic-kongre-merkezi.webp","contentUrl":"https:\/\/halic.com\/tr\/wp-content\/uploads\/sites\/2\/2023\/11\/yunus-enes-topsakal-halic-kongre-merkezi.webp","width":496,"height":740},{"@type":"WebPage","@id":"https:\/\/halic.com\/tr\/yonetim-kurulumuz\/#webpage","url":"https:\/\/halic.com\/tr\/yonetim-kurulumuz\/","name":"Y\u00f6netim Kurulumuz | Hali\u00e7 Kongre Merkezi","isPartOf":{"@id":"https:\/\/halic.com\/tr\/#website"},"primaryImageOfPage":{"@id":"https:\/\/halic.com\/tr\/yonetim-kurulumuz\/#primaryimage"},"datePublished":"2023-11-02T09:41:11+00:00","dateModified":"2024-06-11T12:08:32+00:00","breadcrumb":{"@id":"https:\/\/halic.com\/tr\/yonetim-kurulumuz\/#breadcrumb"},"inLanguage":"tr","potentialAction":[{"@type":"ReadAction","target":["https:\/\/halic.com\/tr\/yonetim-kurulumuz\/"]}]},{"@type":"BreadcrumbList","@id":"https:\/\/halic.com\/tr\/yonetim-kurulumuz\/#breadcrumb","itemListElement":[{"@type":"ListItem","position":1,"name":"Home","item":"https:\/\/halic.com\/tr\/"},{"@type":"ListItem","position":2,"name":"Y\u00f6netim Kurulumuz"}]}]}},"_links":{"self":[{"href":"https:\/\/halic.com\/tr\/wp-json\/wp\/v2\/pages\/13462"}],"collection":[{"href":"https:\/\/halic.com\/tr\/wp-json\/wp\/v2\/pages"}],"about":[{"href":"https:\/\/halic.com\/tr\/wp-json\/wp\/v2\/types\/page"}],"author":[{"embeddable":true,"href":"https:\/\/halic.com\/tr\/wp-json\/wp\/v2\/users\/1"}],"replies":[{"embeddable":true,"href":"https:\/\/halic.com\/tr\/wp-json\/wp\/v2\/comments?post=13462"}],"version-history":[{"count":25,"href":"https:\/\/halic.com\/tr\/wp-json\/wp\/v2\/pages\/13462\/revisions"}],"predecessor-version":[{"id":13517,"href":"https:\/\/halic.com\/tr\/wp-json\/wp\/v2\/pages\/13462\/revisions\/13517"}],"wp:attachment":[{"href":"https:\/\/halic.com\/tr\/wp-json\/wp\/v2\/media?parent=13462"}],"curies":[{"name":"wp","href":"https:\/\/api.w.org\/{rel}","templated":true}]}}