{"id":13660,"date":"2025-09-25T13:08:10","date_gmt":"2025-09-25T10:08:10","guid":{"rendered":"https:\/\/halic.com\/tr\/?page_id=13660"},"modified":"2025-09-25T13:54:49","modified_gmt":"2025-09-25T10:54:49","slug":"veri-sorumlusuna-basvuru-formu","status":"publish","type":"page","link":"https:\/\/halic.com\/tr\/kisisel-veri-guvenligini-saglama-saklama-imha-politikasi\/veri-sorumlusuna-basvuru-formu\/","title":{"rendered":"Veri Sorumlusuna Ba\u015fvuru Formu"},"content":{"rendered":"\t\t<div data-elementor-type=\"wp-page\" data-elementor-id=\"13660\" class=\"elementor elementor-13660\" data-elementor-settings=\"[]\">\n\t\t\t\t\t\t\t<div class=\"elementor-section-wrap\">\n\t\t\t\t\t\t\t<section class=\"elementor-section elementor-top-section elementor-element elementor-element-b6dfedd elementor-section-boxed elementor-section-height-default elementor-section-height-default\" data-id=\"b6dfedd\" data-element_type=\"section\">\n\t\t\t\t\t\t<div class=\"elementor-container elementor-column-gap-default\">\n\t\t\t\t\t<div class=\"elementor-column elementor-col-25 elementor-top-column elementor-element elementor-element-ec8ecf9 column-style-top\" data-id=\"ec8ecf9\" data-element_type=\"column\">\n\t\t\t<div class=\"elementor-widget-wrap elementor-element-populated\">\n\t\t\t\t\t\t\t\t<div class=\"elementor-element elementor-element-9be9e58 elementor-widget elementor-widget-tme-button\" data-id=\"9be9e58\" data-element_type=\"widget\" data-widget_type=\"tme-button.default\">\n\t\t\t\t<div class=\"elementor-widget-container\">\n\t\t\t                <div class=\"tme-btn-wrapper\">\n            <a id=\"\" class=\"tme-btn-md tme-btn-5\" href=\"https:\/\/halic.com\/tr\/kvkk\/\"  target=\"_blank\"  rel=\"nofollow\">\n\t\t\t\tKVKK Politkam\u0131z            <\/a>\n        <\/div>\n        \t\t<\/div>\n\t\t\t\t<\/div>\n\t\t\t\t\t<\/div>\n\t\t<\/div>\n\t\t\t\t<div class=\"elementor-column elementor-col-25 elementor-top-column elementor-element elementor-element-6be2c63 column-style-top\" data-id=\"6be2c63\" data-element_type=\"column\">\n\t\t\t<div class=\"elementor-widget-wrap elementor-element-populated\">\n\t\t\t\t\t\t\t\t<div class=\"elementor-element elementor-element-52c5d74 elementor-widget elementor-widget-tme-button\" data-id=\"52c5d74\" data-element_type=\"widget\" data-widget_type=\"tme-button.default\">\n\t\t\t\t<div class=\"elementor-widget-container\">\n\t\t\t                <div class=\"tme-btn-wrapper\">\n            <a id=\"\" class=\"tme-btn-md tme-btn-5\" href=\"https:\/\/halic.com\/tr\/kvkk\/cerez-politikamiz\/\"  target=\"_blank\"  rel=\"nofollow\">\n\t\t\t\t\u00c7erez Politikam\u0131z            <\/a>\n        <\/div>\n        \t\t<\/div>\n\t\t\t\t<\/div>\n\t\t\t\t\t<\/div>\n\t\t<\/div>\n\t\t\t\t<div class=\"elementor-column elementor-col-25 elementor-top-column elementor-element elementor-element-6cd1d2a column-style-top\" data-id=\"6cd1d2a\" data-element_type=\"column\">\n\t\t\t<div class=\"elementor-widget-wrap elementor-element-populated\">\n\t\t\t\t\t\t\t\t<div class=\"elementor-element elementor-element-5a44ccc elementor-widget elementor-widget-tme-button\" data-id=\"5a44ccc\" data-element_type=\"widget\" data-widget_type=\"tme-button.default\">\n\t\t\t\t<div class=\"elementor-widget-container\">\n\t\t\t                <div class=\"tme-btn-wrapper\">\n            <a id=\"\" class=\"tme-btn-md tme-btn-5\" href=\"https:\/\/halic.com\/tr\/wp-content\/uploads\/sites\/2\/2025\/09\/Halic-Kongre-Merkezi-Ilgili-Kisi-Basvuru-Formu.docx\"  target=\"_blank\"  rel=\"nofollow\">\n\t\t\t\tFormu \u0130ndirin (.docx)            <\/a>\n        <\/div>\n        \t\t<\/div>\n\t\t\t\t<\/div>\n\t\t\t\t\t<\/div>\n\t\t<\/div>\n\t\t\t\t<div class=\"elementor-column elementor-col-25 elementor-top-column elementor-element elementor-element-3d955a1 column-style-top\" data-id=\"3d955a1\" data-element_type=\"column\">\n\t\t\t<div class=\"elementor-widget-wrap elementor-element-populated\">\n\t\t\t\t\t\t\t\t<div class=\"elementor-element elementor-element-f7ba492 elementor-widget elementor-widget-tme-button\" data-id=\"f7ba492\" data-element_type=\"widget\" data-widget_type=\"tme-button.default\">\n\t\t\t\t<div class=\"elementor-widget-container\">\n\t\t\t                <div class=\"tme-btn-wrapper\">\n            <a id=\"\" class=\"tme-btn-md tme-btn-5\" href=\"https:\/\/halic.com\/tr\/wp-content\/uploads\/sites\/2\/2025\/09\/Halic-Kongre-Merkezi-Ilgili-Kisi-Basvuru-Formu.pdf\"  target=\"_blank\"  rel=\"nofollow\">\n\t\t\t\tFormu \u0130ndirin (PDF))            <\/a>\n        <\/div>\n        \t\t<\/div>\n\t\t\t\t<\/div>\n\t\t\t\t\t<\/div>\n\t\t<\/div>\n\t\t\t\t\t\t\t<\/div>\n\t\t<\/section>\n\t\t\t\t<section class=\"elementor-section elementor-top-section elementor-element elementor-element-4f3d9d1 elementor-section-boxed elementor-section-height-default elementor-section-height-default\" data-id=\"4f3d9d1\" data-element_type=\"section\">\n\t\t\t\t\t\t<div class=\"elementor-container elementor-column-gap-default\">\n\t\t\t\t\t<div class=\"elementor-column elementor-col-100 elementor-top-column elementor-element elementor-element-074abe1 column-style-top\" data-id=\"074abe1\" data-element_type=\"column\">\n\t\t\t<div class=\"elementor-widget-wrap elementor-element-populated\">\n\t\t\t\t\t\t\t\t<div class=\"elementor-element elementor-element-980a581 elementor-widget elementor-widget-text-editor\" data-id=\"980a581\" data-element_type=\"widget\" data-widget_type=\"text-editor.default\">\n\t\t\t\t<div class=\"elementor-widget-container\">\n\t\t\t\t\t\t\t<h2>Genel A\u00e7\u0131klamalar<\/h2>\n<p>6698 Say\u0131l\u0131 Ki\u015fisel Verilerin Korunmas\u0131 Kanunu\u2019nda (\u201cKVK Kanunu\u201d) ilgili ki\u015fi olarak tan\u0131mlanan ki\u015fisel veri sahiplerine (\u201cBundan sonra \u201cBa\u015fvuru Sahibi\u201d olarak an\u0131lacakt\u0131r), KVK Kanunu\u2019nun 11\u2019inci maddesinde belirtilen talep hakk\u0131 uyar\u0131nca;<\/p>\n<p><strong>Yaz\u0131l\u0131 olarak a\u015fa\u011f\u0131daki kanallardan:<\/strong><\/p>\n<ul>\n<li>Ba\u015fvuru Sahibi\u2019nin \u015fahsen ba\u015fvurusu ile,<\/li>\n<li>Noter vas\u0131tas\u0131yla,<\/li>\n<li>Kay\u0131tl\u0131 elektronik posta adresi arac\u0131l\u0131\u011f\u0131yla, elektronik imza veya mobil imza vas\u0131tas\u0131yla<\/li>\n<li>Sistemimizde daha \u00f6nce kay\u0131tl\u0131 olmak kayd\u0131yla elektronik posta adresini kullanmak suretiyle<\/li>\n<\/ul>\n<p>taraf\u0131m\u0131za iletilebilecektir.<\/p>\n<p>A\u015fa\u011f\u0131da, yaz\u0131l\u0131 ba\u015fvurular\u0131n ne \u015fekilde taraf\u0131m\u0131za ula\u015ft\u0131r\u0131laca\u011f\u0131na ili\u015fkin yaz\u0131l\u0131 ba\u015fvuru kanallar\u0131 \u00f6zelinde bilgiler verilmektedir.<\/p>\n<p>\u00a0<\/p>\n<table>\n<tbody>\n<tr>\n<td width=\"152\">\n<p><strong>Ba\u015fvuru Y\u00f6ntemi\u00a0 <\/strong><\/p>\n<\/td>\n<td width=\"217\">\n<p><strong>Ba\u015fvurunun Yap\u0131laca\u011f\u0131 Adres <\/strong><\/p>\n<\/td>\n<td width=\"235\">\n<p><strong>Ba\u015fvuru G\u00f6nderiminde Belirtilecek Bilgi <\/strong><\/p>\n<\/td>\n<\/tr>\n<tr>\n<td width=\"152\">\n<p>\u015eahsen Ba\u015fvuru (Ba\u015fvuru sahibinin bizzat gelerek kimli\u011fini tevsik edici belge ile ba\u015fvurmas\u0131)<\/p>\n<\/td>\n<td width=\"217\">\n<p>S\u00fctl\u00fcce Mah. Karaa\u011fa\u00e7 Cad. No.19 34445 \u2013 Beyo\u011flu\/ \u0130stanbul<\/p>\n<\/td>\n<td width=\"235\">\n<p>Zarf\u0131n \u00fczerine \u201cKi\u015fisel Verilerin Korunmas\u0131 Kanunu Kapsam\u0131nda Bilgi Talebi\u201d yaz\u0131lacakt\u0131r.<\/p>\n<\/td>\n<\/tr>\n<tr>\n<td width=\"152\">\n<p>Noter vas\u0131tas\u0131yla tebligat<\/p>\n<\/td>\n<td width=\"217\">\n<p>S\u00fctl\u00fcce Mah. Karaa\u011fa\u00e7 Cad. No.19 34445 \u2013 Beyo\u011flu\/ \u0130stanbul<\/p>\n<\/td>\n<td width=\"235\">\n<p>Tebligat zarf\u0131na \u201cKi\u015fisel Verilerin Korunmas\u0131 Kanunu Kapsam\u0131nda Bilgi Talebi\u201d yaz\u0131lacakt\u0131r.<\/p>\n<\/td>\n<\/tr>\n<tr>\n<td width=\"152\">\n<p>KEP veya elektronik posta kanal\u0131 ile<\/p>\n<\/td>\n<td width=\"217\">\n<p>Kep adresi<\/p>\n<p>halickongremerkezi@hs02.kep.tr<\/p>\n<\/td>\n<td width=\"235\">\n<p>Konu k\u0131sman\u0131 \u201cKi\u015fisel Verilerin Korunmas\u0131 Kanunu Kapsam\u0131nda Bilgi Talebi\u201d yaz\u0131lacakt\u0131r.<\/p>\n<\/td>\n<\/tr>\n<\/tbody>\n<\/table>\n<p>Ayr\u0131ca, Kurul\u2019un Veri Sorumlusuna Ba\u015fvuru Usul ve Esaslar\u0131 Hakk\u0131nda Tebli\u011f (\u201ck\u0131saca Tebli\u011f\u201d) haricinde belirleyece\u011fi di\u011fer y\u00f6ntemler duyurulduktan sonra bu y\u00f6ntemler \u00fczerinden de ba\u015fvurular\u0131n ne \u015fekilde al\u0131naca\u011f\u0131 \u015eirketimizce duyurulacakt\u0131r.<\/p>\n<p>Taraf\u0131m\u0131za iletilmi\u015f olan ba\u015fvurular\u0131n\u0131z KVK Kanunu\u2019nun 13\u2019\u00fcnc\u00fc maddesinin 2\u2019inci f\u0131kras\u0131 ve Tebli\u011f uyar\u0131nca, talebin niteli\u011fine g\u00f6re talebinizin <u>tebli\u011finden itibaren<\/u> otuz g\u00fcn i\u00e7inde yan\u0131tland\u0131r\u0131lacakt\u0131r. Yan\u0131tlar\u0131m\u0131z ilgili KVK Kanunu\u2019nun 13\u2019\u00fcnc\u00fc maddesi h\u00fckm\u00fc gere\u011fince yaz\u0131l\u0131 veya elektronik ortamdan taraf\u0131n\u0131za ula\u015ft\u0131r\u0131lacakt\u0131r.<\/p>\n<p><strong>A. Ba\u015fvuru Sahibi ileti\u015fim bilgileri:<\/strong><\/p>\n<table width=\"586\">\n<tbody>\n<tr>\n<td width=\"151\">\n<p><strong>Ad:<\/strong><\/p>\n<\/td>\n<td width=\"435\">\n<p><strong>\u00a0<\/strong><\/p>\n<\/td>\n<\/tr>\n<tr>\n<td width=\"151\">\n<p><strong>Soyad:<\/strong><\/p>\n<\/td>\n<td width=\"435\">\n<p><strong>\u00a0<\/strong><\/p>\n<\/td>\n<\/tr>\n<tr>\n<td width=\"151\">\n<p><strong>TC Kimlik Numaras\u0131:<\/strong><\/p>\n<\/td>\n<td width=\"435\">\n<p><strong>\u00a0<\/strong><\/p>\n<\/td>\n<\/tr>\n<tr>\n<td width=\"151\">\n<p><strong>Telefon Numaras\u0131:<\/strong><\/p>\n<\/td>\n<td width=\"435\">\n<p><strong>\u00a0<\/strong><\/p>\n<\/td>\n<\/tr>\n<tr>\n<td width=\"151\">\n<p><strong>Faks Numaras\u0131: <\/strong><\/p>\n<\/td>\n<td width=\"435\">\n<p><strong>\u00a0<\/strong><\/p>\n<\/td>\n<\/tr>\n<tr>\n<td width=\"151\">\n<p><strong>E-posta:<\/strong><\/p>\n<p><em>(Belirtmeniz halinde size daha h\u0131zl\u0131 yan\u0131t verebilece\u011fiz.)<\/em><\/p>\n<\/td>\n<td width=\"435\">\n<p><strong>\u00a0<\/strong><\/p>\n<\/td>\n<\/tr>\n<tr>\n<td rowspan=\"3\" width=\"151\">\n<p><strong>Adres: <\/strong>(<em>tebli\u011fe esas yerle\u015fim yeri adresi olmal\u0131d\u0131r<\/em>)<\/p>\n<\/td>\n<td width=\"435\">\n<p><strong>\u00a0<\/strong><\/p>\n<\/td>\n<\/tr>\n<tr>\n<td width=\"435\">\n<p><strong>\u00a0<\/strong><\/p>\n<\/td>\n<\/tr>\n<tr>\n<td width=\"435\">\n<p><strong>\u00a0<\/strong><\/p>\n<\/td>\n<\/tr>\n<\/tbody>\n<\/table>\n<p><strong>B. L\u00fctfen \u015eirketimiz ile olan ili\u015fkinizi belirtiniz. <\/strong><em>(M\u00fc\u015fteri, ziyaret\u00e7i, i\u015f orta\u011f\u0131, \u00e7al\u0131\u015fan aday\u0131, eski \u00e7al\u0131\u015fan, \u00fc\u00e7\u00fcnc\u00fc taraf firma \u00e7al\u0131\u015fan\u0131, hissedar gibi)<\/em><\/p>\n<table>\n<tbody>\n<tr>\n<td width=\"283\">\n<p>\u2610 M\u00fc\u015fteri<\/p>\n<p>\u2610 Misafir<\/p>\n<p>\u2610 Ziyaret\u00e7i<\/p>\n<\/td>\n<td width=\"321\">\n<p>\u2610 \u0130\u015f orta\u011f\u0131<\/p>\n<p>\u2610 Di\u011fer: \u2026\u2026\u2026\u2026\u2026\u2026\u2026\u2026\u2026\u2026\u2026\u2026\u2026\u2026\u2026\u2026\u2026\u2026\u2026\u2026\u2026\u2026\u2026..<\/p>\n<\/td>\n<\/tr>\n<tr>\n<td colspan=\"2\" width=\"604\">\n<p>\u015eirketimiz i\u00e7erisinde ileti\u015fimde oldu\u011funuz Birim:\u2026\u2026\u2026\u2026\u2026\u2026\u2026.\u2026\u2026\u2026\u2026\u2026\u2026\u2026\u2026\u2026\u2026\u2026\u2026\u2026\u2026\u2026\u2026\u2026\u2026\u2026\u2026\u2026\u2026<\/p>\n<p>Konu: \u2026\u2026\u2026\u2026\u2026\u2026\u2026\u2026\u2026\u2026\u2026\u2026\u2026\u2026..\u2026\u2026\u2026\u2026\u2026\u2026\u2026\u2026\u2026\u2026\u2026\u2026\u2026\u2026.\u2026\u2026\u2026\u2026\u2026&#8230;\u2026\u2026\u2026\u2026\u2026\u2026\u2026\u2026\u2026\u2026\u2026\u2026\u2026\u2026\u2026\u2026\u2026\u2026\u2026<\/p>\n<\/td>\n<\/tr>\n<\/tbody>\n<\/table>\n<p><strong>\u00a0<\/strong><\/p>\n<table>\n<tbody>\n<tr>\n<td width=\"283\">\n<p>\u00a0<\/p>\n<p>\u2610 Eski \u00c7al\u0131\u015fan\u0131m<\/p>\n<p><em>\u00c7al\u0131\u015ft\u0131\u011f\u0131m Y\u0131llar : \u2026\u2026\u2026\u2026\u2026\u2026\u2026\u2026\u2026\u2026\u2026\u2026\u2026\u2026\u2026\u2026.<\/em><\/p>\n<p>\u2610 Di\u011fer: \u2026\u2026\u2026\u2026\u2026\u2026\u2026\u2026\u2026\u2026\u2026\u2026\u2026\u2026\u2026\u2026\u2026\u2026\u2026\u2026..<\/p>\n<\/td>\n<td width=\"321\">\n<p>\u2610 \u0130\u015f Ba\u015fvurusu \/ \u00d6zge\u00e7mi\u015f Payla\u015f\u0131m\u0131 Yapt\u0131m<\/p>\n<p>\u00a0<em>Tarih : \u2026\u2026\u2026\u2026\u2026\u2026\u2026\u2026\u2026\u2026\u2026\u2026\u2026\u2026\u2026\u2026\u2026\u2026\u2026\u2026\u2026\u2026\u2026\u2026\u2026..<\/em><\/p>\n<p>\u2610 \u00dc\u00e7\u00fcnc\u00fc Ki\u015fi Firma \u00c7al\u0131\u015fan\u0131y\u0131m<\/p>\n<p><em>L\u00fctfen \u00e7al\u0131\u015ft\u0131\u011f\u0131n\u0131z firma ve pozisyon bilgisini belirtiniz <\/em><\/p>\n<p><em>\u2026\u2026\u2026\u2026\u2026\u2026\u2026\u2026\u2026\u2026\u2026\u2026\u2026\u2026\u2026\u2026\u2026\u2026\u2026\u2026\u2026\u2026\u2026\u2026\u2026\u2026\u2026\u2026\u2026\u2026<\/em><\/p>\n<\/td>\n<\/tr>\n<\/tbody>\n<\/table>\n<p><strong>C. L\u00fctfen KVK Kanunu kapsam\u0131ndaki talebinizi detayl\u0131 olarak belirtiniz:<\/strong><\/p>\n<p>\u2026\u2026\u2026\u2026\u2026\u2026\u2026..\u2026\u2026\u2026\u2026\u2026.\u2026\u2026\u2026\u2026\u2026\u2026\u2026\u2026\u2026\u2026\u2026\u2026.\u2026\u2026\u2026\u2026&#8230;&#8230;&#8230;&#8230;&#8230;&#8230;&#8230;&#8230;&#8230;&#8230;&#8230;&#8230;&#8230;&#8230;&#8230;&#8230;&#8230;&#8230;&#8230;&#8230;&#8230;&#8230;&#8230;&#8230;&#8230;&#8230;&#8230;&#8230;&#8230;&#8230;&#8230;&#8230;&#8230;&#8230;&#8230;&#8230;&#8230;&#8230;&#8230;&#8230;&#8230;&#8230;&#8230;&#8230;&#8230;&#8230;&#8230;&#8230;&#8230;&#8230;&#8230;&#8230;&#8230;&#8230;&#8230;&#8230;&#8230;&#8230;&#8230;&#8230;.<\/p>\n<p>\u2026\u2026\u2026\u2026\u2026\u2026\u2026..\u2026\u2026\u2026\u2026\u2026.\u2026\u2026\u2026\u2026\u2026\u2026\u2026\u2026\u2026\u2026\u2026\u2026.\u2026\u2026\u2026\u2026&#8230;&#8230;&#8230;&#8230;&#8230;&#8230;&#8230;&#8230;&#8230;&#8230;&#8230;&#8230;&#8230;&#8230;&#8230;&#8230;&#8230;&#8230;&#8230;&#8230;&#8230;&#8230;&#8230;&#8230;&#8230;&#8230;&#8230;&#8230;&#8230;&#8230;&#8230;&#8230;&#8230;&#8230;&#8230;&#8230;&#8230;&#8230;&#8230;&#8230;&#8230;&#8230;&#8230;&#8230;&#8230;&#8230;&#8230;&#8230;&#8230;&#8230;&#8230;&#8230;&#8230;&#8230;&#8230;&#8230;&#8230;&#8230;&#8230;&#8230;.<\/p>\n<p>\u2026\u2026\u2026\u2026\u2026\u2026\u2026..\u2026\u2026\u2026\u2026\u2026.\u2026\u2026\u2026\u2026\u2026\u2026\u2026\u2026\u2026\u2026\u2026\u2026.\u2026\u2026\u2026\u2026&#8230;&#8230;&#8230;&#8230;&#8230;&#8230;&#8230;&#8230;&#8230;&#8230;&#8230;&#8230;&#8230;&#8230;&#8230;&#8230;&#8230;&#8230;&#8230;&#8230;&#8230;&#8230;&#8230;&#8230;&#8230;&#8230;&#8230;&#8230;&#8230;&#8230;&#8230;&#8230;&#8230;&#8230;&#8230;&#8230;&#8230;&#8230;&#8230;&#8230;&#8230;&#8230;&#8230;&#8230;&#8230;&#8230;&#8230;&#8230;&#8230;&#8230;&#8230;&#8230;&#8230;&#8230;&#8230;&#8230;&#8230;&#8230;&#8230;&#8230;.<\/p>\n<p><strong>D. L\u00fctfen ba\u015fvurunuza verece\u011fimiz yan\u0131t\u0131n taraf\u0131n\u0131za bildirilme y\u00f6ntemini se\u00e7iniz:<\/strong><\/p>\n<ul>\n<li>Adresime g\u00f6nderilmesini istiyorum.<\/li>\n<li>E-posta adresime g\u00f6nderilmesini istiyorum.<\/li>\n<\/ul>\n<p><em>(E-posta y\u00f6ntemini se\u00e7meniz h\u00e2linde size daha h\u0131zl\u0131 yan\u0131t verebilece\u011fiz.)<\/em><\/p>\n<ul>\n<li>Elden teslim almak istiyorum.<\/li>\n<\/ul>\n<p><em>(Vek\u00e2leten teslim al\u0131nmas\u0131 durumunda noter tasdikli vek\u00e2letname veya yetki belgesi olmas\u0131 gerekmektedir.)<\/em><\/p>\n<p>\u0130\u015fbu ba\u015fvuru formu, \u015eirketimiz ile olan ili\u015fkinizi tespit ederek, varsa, \u015eirketimiz taraf\u0131ndan i\u015flenen ki\u015fisel verilerinizi eksiksiz olarak belirleyerek, ilgili ba\u015fvurunuza do\u011fru ve kanuni s\u00fcresinde cevap verilebilmesi i\u00e7in tanzim edilmi\u015ftir. Hukuka ayk\u0131r\u0131 ve haks\u0131z bir \u015fekilde veri payla\u015f\u0131m\u0131ndan kaynaklanabilecek hukuki risklerin bertaraf edilmesi ve \u00f6zellikle ki\u015fisel verilerinizin g\u00fcvenli\u011finin sa\u011flanmas\u0131 amac\u0131yla, kimlik ve yetki tespiti i\u00e7in \u015eirketimiz ek evrak ve malumat (N\u00fcfus c\u00fczdan\u0131 veya s\u00fcr\u00fcc\u00fc belgesi sureti vb.) talep etme hakk\u0131n\u0131 sakl\u0131 tutar. Form kapsam\u0131nda iletmekte oldu\u011funuz taleplerinize ili\u015fkin bilgilerin do\u011fru ve g\u00fcncel olmamas\u0131 ya da yetkisiz bir ba\u015fvuru yap\u0131lmas\u0131 halinde \u015eirketimiz, s\u00f6z konusu yanl\u0131\u015f bilgi ya da yetkisiz ba\u015fvuru kaynakl\u0131 taleplerden dolay\u0131 mesuliyet kabul etmemektedir.<\/p>\n<p>\u00a0<\/p>\n<p>Ba\u015fvuru Sahibi (Ki\u015fisel Veri Sahibi)<\/p>\n<p>Ad\u0131 Soyad\u0131 \u00a0\u00a0\u00a0\u00a0\u00a0\u00a0\u00a0\u00a0\u00a0\u00a0\u00a0\u00a0\u00a0\u00a0\u00a0\u00a0\u00a0\u00a0\u00a0\u00a0\u00a0\u00a0\u00a0 :<\/p>\n<p>Ba\u015fvuru Tarihi \u00a0\u00a0\u00a0\u00a0\u00a0\u00a0\u00a0\u00a0\u00a0\u00a0\u00a0\u00a0\u00a0\u00a0\u00a0\u00a0 :<\/p>\n<p>\u0130mza\u00a0\u00a0\u00a0\u00a0\u00a0\u00a0\u00a0\u00a0\u00a0\u00a0\u00a0\u00a0\u00a0\u00a0\u00a0\u00a0\u00a0\u00a0\u00a0\u00a0\u00a0\u00a0\u00a0\u00a0\u00a0\u00a0\u00a0\u00a0\u00a0\u00a0\u00a0\u00a0\u00a0 :<\/p>\n<p>\u00a0<\/p>\n<p><strong>Ek: Ba\u015fvuruya ili\u015fkin varsa ekleri madde halinde belirtiniz. <\/strong><\/p>\t\t\t\t\t\t<\/div>\n\t\t\t\t<\/div>\n\t\t\t\t\t<\/div>\n\t\t<\/div>\n\t\t\t\t\t\t\t<\/div>\n\t\t<\/section>\n\t\t\t\t\t\t<\/div>\n\t\t\t\t\t<\/div>\n\t\t","protected":false},"excerpt":{"rendered":"<p>KVKK Politkam\u0131z \u00c7erez Politikam\u0131z Formu \u0130ndirin (.docx) Formu \u0130ndirin (PDF)) Genel A\u00e7\u0131klamalar 6698 Say\u0131l\u0131 Ki\u015fisel Verilerin Korunmas\u0131 Kanunu\u2019nda (\u201cKVK Kanunu\u201d) ilgili ki\u015fi olarak tan\u0131mlanan ki\u015fisel veri sahiplerine (\u201cBundan sonra \u201cBa\u015fvuru [&hellip;]<\/p>\n","protected":false},"author":1,"featured_media":0,"parent":13617,"menu_order":0,"comment_status":"closed","ping_status":"closed","template":"","meta":[],"yoast_head":"<!-- This site is optimized with the Yoast SEO plugin v18.9 - https:\/\/yoast.com\/wordpress\/plugins\/seo\/ -->\n<title>Veri Sorumlusuna Ba\u015fvuru Formu | Hali\u00e7 Kongre Merkezi<\/title>\n<meta name=\"robots\" content=\"index, follow, max-snippet:-1, max-image-preview:large, max-video-preview:-1\" \/>\n<link rel=\"canonical\" href=\"https:\/\/halic.com\/tr\/kisisel-veri-guvenligini-saglama-saklama-imha-politikasi\/veri-sorumlusuna-basvuru-formu\/\" \/>\n<meta property=\"og:locale\" content=\"tr_TR\" \/>\n<meta property=\"og:type\" content=\"article\" \/>\n<meta property=\"og:title\" content=\"Veri Sorumlusuna Ba\u015fvuru Formu | Hali\u00e7 Kongre Merkezi\" \/>\n<meta property=\"og:description\" content=\"KVKK Politkam\u0131z \u00c7erez Politikam\u0131z Formu \u0130ndirin (.docx) Formu \u0130ndirin (PDF)) Genel A\u00e7\u0131klamalar 6698 Say\u0131l\u0131 Ki\u015fisel Verilerin Korunmas\u0131 Kanunu\u2019nda (\u201cKVK Kanunu\u201d) ilgili ki\u015fi olarak tan\u0131mlanan ki\u015fisel veri sahiplerine (\u201cBundan sonra \u201cBa\u015fvuru [&hellip;]\" \/>\n<meta property=\"og:url\" content=\"https:\/\/halic.com\/tr\/kisisel-veri-guvenligini-saglama-saklama-imha-politikasi\/veri-sorumlusuna-basvuru-formu\/\" \/>\n<meta property=\"og:site_name\" content=\"Hali\u00e7 Kongre Merkezi\" \/>\n<meta property=\"article:publisher\" content=\"https:\/\/www.facebook.com\/HalicKongreMerkezi\/\" \/>\n<meta property=\"article:modified_time\" content=\"2025-09-25T10:54:49+00:00\" \/>\n<meta name=\"twitter:card\" content=\"summary_large_image\" \/>\n<meta name=\"twitter:label1\" content=\"Tahmini okuma s\u00fcresi\" \/>\n\t<meta name=\"twitter:data1\" content=\"4 dakika\" \/>\n<script type=\"application\/ld+json\" class=\"yoast-schema-graph\">{\"@context\":\"https:\/\/schema.org\",\"@graph\":[{\"@type\":\"Organization\",\"@id\":\"https:\/\/halic.com\/tr\/#organization\",\"name\":\"Hali\u00e7 Kongre Merkezi\",\"url\":\"https:\/\/halic.com\/tr\/\",\"sameAs\":[\"https:\/\/www.linkedin.com\/company\/halickongremerkezi\/\",\"https:\/\/www.instagram.com\/halickongremerkezi\/\",\"https:\/\/www.facebook.com\/HalicKongreMerkezi\/\"],\"logo\":{\"@type\":\"ImageObject\",\"inLanguage\":\"tr\",\"@id\":\"https:\/\/halic.com\/tr\/#\/schema\/logo\/image\/\",\"url\":\"https:\/\/halic.com\/tr\/wp-content\/uploads\/sites\/2\/2019\/05\/hkm-logo-tr-color-36.svg\",\"contentUrl\":\"https:\/\/halic.com\/tr\/wp-content\/uploads\/sites\/2\/2019\/05\/hkm-logo-tr-color-36.svg\",\"width\":108,\"height\":131,\"caption\":\"Hali\u00e7 Kongre Merkezi\"},\"image\":{\"@id\":\"https:\/\/halic.com\/tr\/#\/schema\/logo\/image\/\"}},{\"@type\":\"WebSite\",\"@id\":\"https:\/\/halic.com\/tr\/#website\",\"url\":\"https:\/\/halic.com\/tr\/\",\"name\":\"Hali\u00e7 Kongre Merkezi\",\"description\":\"Mutlu Mekan\",\"publisher\":{\"@id\":\"https:\/\/halic.com\/tr\/#organization\"},\"potentialAction\":[{\"@type\":\"SearchAction\",\"target\":{\"@type\":\"EntryPoint\",\"urlTemplate\":\"https:\/\/halic.com\/tr\/?s={search_term_string}\"},\"query-input\":\"required name=search_term_string\"}],\"inLanguage\":\"tr\"},{\"@type\":\"WebPage\",\"@id\":\"https:\/\/halic.com\/tr\/kisisel-veri-guvenligini-saglama-saklama-imha-politikasi\/veri-sorumlusuna-basvuru-formu\/#webpage\",\"url\":\"https:\/\/halic.com\/tr\/kisisel-veri-guvenligini-saglama-saklama-imha-politikasi\/veri-sorumlusuna-basvuru-formu\/\",\"name\":\"Veri Sorumlusuna Ba\u015fvuru Formu | Hali\u00e7 Kongre Merkezi\",\"isPartOf\":{\"@id\":\"https:\/\/halic.com\/tr\/#website\"},\"datePublished\":\"2025-09-25T10:08:10+00:00\",\"dateModified\":\"2025-09-25T10:54:49+00:00\",\"breadcrumb\":{\"@id\":\"https:\/\/halic.com\/tr\/kisisel-veri-guvenligini-saglama-saklama-imha-politikasi\/veri-sorumlusuna-basvuru-formu\/#breadcrumb\"},\"inLanguage\":\"tr\",\"potentialAction\":[{\"@type\":\"ReadAction\",\"target\":[\"https:\/\/halic.com\/tr\/kisisel-veri-guvenligini-saglama-saklama-imha-politikasi\/veri-sorumlusuna-basvuru-formu\/\"]}]},{\"@type\":\"BreadcrumbList\",\"@id\":\"https:\/\/halic.com\/tr\/kisisel-veri-guvenligini-saglama-saklama-imha-politikasi\/veri-sorumlusuna-basvuru-formu\/#breadcrumb\",\"itemListElement\":[{\"@type\":\"ListItem\",\"position\":1,\"name\":\"Home\",\"item\":\"https:\/\/halic.com\/tr\/\"},{\"@type\":\"ListItem\",\"position\":2,\"name\":\"Ki\u015fisel Veri G\u00fcvenli\u011fini Sa\u011flama, Saklama, \u0130mha Politikas\u0131\",\"item\":\"https:\/\/halic.com\/tr\/kisisel-veri-guvenligini-saglama-saklama-imha-politikasi\/\"},{\"@type\":\"ListItem\",\"position\":3,\"name\":\"Veri Sorumlusuna Ba\u015fvuru Formu\"}]}]}<\/script>\n<!-- \/ Yoast SEO plugin. -->","yoast_head_json":{"title":"Veri Sorumlusuna Ba\u015fvuru Formu | Hali\u00e7 Kongre Merkezi","robots":{"index":"index","follow":"follow","max-snippet":"max-snippet:-1","max-image-preview":"max-image-preview:large","max-video-preview":"max-video-preview:-1"},"canonical":"https:\/\/halic.com\/tr\/kisisel-veri-guvenligini-saglama-saklama-imha-politikasi\/veri-sorumlusuna-basvuru-formu\/","og_locale":"tr_TR","og_type":"article","og_title":"Veri Sorumlusuna Ba\u015fvuru Formu | Hali\u00e7 Kongre Merkezi","og_description":"KVKK Politkam\u0131z \u00c7erez Politikam\u0131z Formu \u0130ndirin (.docx) Formu \u0130ndirin (PDF)) Genel A\u00e7\u0131klamalar 6698 Say\u0131l\u0131 Ki\u015fisel Verilerin Korunmas\u0131 Kanunu\u2019nda (\u201cKVK Kanunu\u201d) ilgili ki\u015fi olarak tan\u0131mlanan ki\u015fisel veri sahiplerine (\u201cBundan sonra \u201cBa\u015fvuru [&hellip;]","og_url":"https:\/\/halic.com\/tr\/kisisel-veri-guvenligini-saglama-saklama-imha-politikasi\/veri-sorumlusuna-basvuru-formu\/","og_site_name":"Hali\u00e7 Kongre Merkezi","article_publisher":"https:\/\/www.facebook.com\/HalicKongreMerkezi\/","article_modified_time":"2025-09-25T10:54:49+00:00","twitter_card":"summary_large_image","twitter_misc":{"Tahmini okuma s\u00fcresi":"4 dakika"},"schema":{"@context":"https:\/\/schema.org","@graph":[{"@type":"Organization","@id":"https:\/\/halic.com\/tr\/#organization","name":"Hali\u00e7 Kongre Merkezi","url":"https:\/\/halic.com\/tr\/","sameAs":["https:\/\/www.linkedin.com\/company\/halickongremerkezi\/","https:\/\/www.instagram.com\/halickongremerkezi\/","https:\/\/www.facebook.com\/HalicKongreMerkezi\/"],"logo":{"@type":"ImageObject","inLanguage":"tr","@id":"https:\/\/halic.com\/tr\/#\/schema\/logo\/image\/","url":"https:\/\/halic.com\/tr\/wp-content\/uploads\/sites\/2\/2019\/05\/hkm-logo-tr-color-36.svg","contentUrl":"https:\/\/halic.com\/tr\/wp-content\/uploads\/sites\/2\/2019\/05\/hkm-logo-tr-color-36.svg","width":108,"height":131,"caption":"Hali\u00e7 Kongre Merkezi"},"image":{"@id":"https:\/\/halic.com\/tr\/#\/schema\/logo\/image\/"}},{"@type":"WebSite","@id":"https:\/\/halic.com\/tr\/#website","url":"https:\/\/halic.com\/tr\/","name":"Hali\u00e7 Kongre Merkezi","description":"Mutlu Mekan","publisher":{"@id":"https:\/\/halic.com\/tr\/#organization"},"potentialAction":[{"@type":"SearchAction","target":{"@type":"EntryPoint","urlTemplate":"https:\/\/halic.com\/tr\/?s={search_term_string}"},"query-input":"required name=search_term_string"}],"inLanguage":"tr"},{"@type":"WebPage","@id":"https:\/\/halic.com\/tr\/kisisel-veri-guvenligini-saglama-saklama-imha-politikasi\/veri-sorumlusuna-basvuru-formu\/#webpage","url":"https:\/\/halic.com\/tr\/kisisel-veri-guvenligini-saglama-saklama-imha-politikasi\/veri-sorumlusuna-basvuru-formu\/","name":"Veri Sorumlusuna Ba\u015fvuru Formu | Hali\u00e7 Kongre Merkezi","isPartOf":{"@id":"https:\/\/halic.com\/tr\/#website"},"datePublished":"2025-09-25T10:08:10+00:00","dateModified":"2025-09-25T10:54:49+00:00","breadcrumb":{"@id":"https:\/\/halic.com\/tr\/kisisel-veri-guvenligini-saglama-saklama-imha-politikasi\/veri-sorumlusuna-basvuru-formu\/#breadcrumb"},"inLanguage":"tr","potentialAction":[{"@type":"ReadAction","target":["https:\/\/halic.com\/tr\/kisisel-veri-guvenligini-saglama-saklama-imha-politikasi\/veri-sorumlusuna-basvuru-formu\/"]}]},{"@type":"BreadcrumbList","@id":"https:\/\/halic.com\/tr\/kisisel-veri-guvenligini-saglama-saklama-imha-politikasi\/veri-sorumlusuna-basvuru-formu\/#breadcrumb","itemListElement":[{"@type":"ListItem","position":1,"name":"Home","item":"https:\/\/halic.com\/tr\/"},{"@type":"ListItem","position":2,"name":"Ki\u015fisel Veri G\u00fcvenli\u011fini Sa\u011flama, Saklama, \u0130mha Politikas\u0131","item":"https:\/\/halic.com\/tr\/kisisel-veri-guvenligini-saglama-saklama-imha-politikasi\/"},{"@type":"ListItem","position":3,"name":"Veri Sorumlusuna Ba\u015fvuru Formu"}]}]}},"_links":{"self":[{"href":"https:\/\/halic.com\/tr\/wp-json\/wp\/v2\/pages\/13660"}],"collection":[{"href":"https:\/\/halic.com\/tr\/wp-json\/wp\/v2\/pages"}],"about":[{"href":"https:\/\/halic.com\/tr\/wp-json\/wp\/v2\/types\/page"}],"author":[{"embeddable":true,"href":"https:\/\/halic.com\/tr\/wp-json\/wp\/v2\/users\/1"}],"replies":[{"embeddable":true,"href":"https:\/\/halic.com\/tr\/wp-json\/wp\/v2\/comments?post=13660"}],"version-history":[{"count":13,"href":"https:\/\/halic.com\/tr\/wp-json\/wp\/v2\/pages\/13660\/revisions"}],"predecessor-version":[{"id":13723,"href":"https:\/\/halic.com\/tr\/wp-json\/wp\/v2\/pages\/13660\/revisions\/13723"}],"up":[{"embeddable":true,"href":"https:\/\/halic.com\/tr\/wp-json\/wp\/v2\/pages\/13617"}],"wp:attachment":[{"href":"https:\/\/halic.com\/tr\/wp-json\/wp\/v2\/media?parent=13660"}],"curies":[{"name":"wp","href":"https:\/\/api.w.org\/{rel}","templated":true}]}}