{"id":9922,"date":"2021-10-21T11:15:23","date_gmt":"2021-10-21T08:15:23","guid":{"rendered":"http:\/\/halic.com\/tr\/?page_id=9922"},"modified":"2022-05-29T00:15:50","modified_gmt":"2022-05-28T21:15:50","slug":"diger-hizmetler","status":"publish","type":"page","link":"https:\/\/halic.com\/tr\/diger-hizmetler\/","title":{"rendered":"Di\u011fer Hizmetlerimiz"},"content":{"rendered":"\t\t<div data-elementor-type=\"wp-page\" data-elementor-id=\"9922\" class=\"elementor elementor-9922\" data-elementor-settings=\"[]\">\n\t\t\t\t\t\t\t<div class=\"elementor-section-wrap\">\n\t\t\t\t\t\t\t<section class=\"elementor-section elementor-top-section elementor-element elementor-element-ee13211 elementor-section-stretched elementor-section-boxed elementor-section-height-default elementor-section-height-default\" data-id=\"ee13211\" data-element_type=\"section\" data-settings=\"{&quot;stretch_section&quot;:&quot;section-stretched&quot;}\">\n\t\t\t\t\t\t<div class=\"elementor-container elementor-column-gap-default\">\n\t\t\t\t\t<div class=\"elementor-column elementor-col-50 elementor-top-column elementor-element elementor-element-86b9c04 column-style-top\" data-id=\"86b9c04\" data-element_type=\"column\">\n\t\t\t<div class=\"elementor-widget-wrap elementor-element-populated\">\n\t\t\t\t\t\t\t\t<div class=\"elementor-element elementor-element-ff43af9 elementor-widget elementor-widget-heading\" data-id=\"ff43af9\" data-element_type=\"widget\" data-widget_type=\"heading.default\">\n\t\t\t\t<div class=\"elementor-widget-container\">\n\t\t\t<h2 class=\"elementor-heading-title elementor-size-default\"> Teknik Uygulamalar ve Bilgi Teknolojileri<\/h2>\t\t<\/div>\n\t\t\t\t<\/div>\n\t\t\t\t<div class=\"elementor-element elementor-element-b7102b0 elementor-widget elementor-widget-text-editor\" data-id=\"b7102b0\" data-element_type=\"widget\" data-widget_type=\"text-editor.default\">\n\t\t\t\t<div class=\"elementor-widget-container\">\n\t\t\t\t\t\t\t<p>Hali\u00e7 Kongre Merkezi; kablolu, kablosuz, y\u00fcksek h\u0131zda internet hizmeti alabilmeniz i\u00e7in t\u00fcm altyap\u0131s\u0131n\u0131 fiber optik kablolar ile donatm\u0131\u015ft\u0131r. Gigabit h\u0131zda Simetrik Metro Ethernet hizmeti sunulmaktad\u0131r. Sahip oldu\u011fu PC, Laptop, LCD TV, LED Screen, telefon ve ISDN hatlar ile t\u00fcm ihtiya\u00e7lar\u0131n\u0131za \u00e7\u00f6z\u00fcmler \u00fcretmektedir.<\/p>\t\t\t\t\t\t<\/div>\n\t\t\t\t<\/div>\n\t\t\t\t<div class=\"elementor-element elementor-element-7c1ae80 elementor-widget-divider--view-line elementor-widget elementor-widget-divider\" data-id=\"7c1ae80\" data-element_type=\"widget\" data-widget_type=\"divider.default\">\n\t\t\t\t<div class=\"elementor-widget-container\">\n\t\t\t\t\t<div class=\"elementor-divider\">\n\t\t\t<span class=\"elementor-divider-separator\">\n\t\t\t\t\t\t<\/span>\n\t\t<\/div>\n\t\t\t\t<\/div>\n\t\t\t\t<\/div>\n\t\t\t\t<div class=\"elementor-element elementor-element-eb600b5 elementor-widget elementor-widget-heading\" data-id=\"eb600b5\" data-element_type=\"widget\" data-widget_type=\"heading.default\">\n\t\t\t\t<div class=\"elementor-widget-container\">\n\t\t\t<h2 class=\"elementor-heading-title elementor-size-default\">G\u00fcvenlik Hizmetleri<\/h2>\t\t<\/div>\n\t\t\t\t<\/div>\n\t\t\t\t<div class=\"elementor-element elementor-element-3a2a772 elementor-widget elementor-widget-text-editor\" data-id=\"3a2a772\" data-element_type=\"widget\" data-widget_type=\"text-editor.default\">\n\t\t\t\t<div class=\"elementor-widget-container\">\n\t\t\t\t\t\t\t<p>Konusunda deneyimli g\u00fcvenlik ekibi taraf\u0131ndan 7 g\u00fcn 24 saat, ileri g\u00fcvenlik teknolojileri ile korunmakta olan Hali\u00e7 Kongre Merkezi, ileri teknoloji kamera sistemi ile izlenmekte, devlet protokol\u00fcn\u00fcn a\u011f\u0131rland\u0131\u011f\u0131 y\u00fcksek g\u00fcvenlik \u00f6nlemlerinin al\u0131nd\u0131\u011f\u0131 etkinlikler de dahil olmak \u00fczere y\u00fcksek kat\u0131l\u0131ml\u0131 organizasyonlar\u0131 ba\u015far\u0131yla \u00fcstlenebilmektedir.<\/p>\t\t\t\t\t\t<\/div>\n\t\t\t\t<\/div>\n\t\t\t\t<div class=\"elementor-element elementor-element-3b7e88c elementor-widget-divider--view-line elementor-widget elementor-widget-divider\" data-id=\"3b7e88c\" data-element_type=\"widget\" data-widget_type=\"divider.default\">\n\t\t\t\t<div class=\"elementor-widget-container\">\n\t\t\t\t\t<div class=\"elementor-divider\">\n\t\t\t<span class=\"elementor-divider-separator\">\n\t\t\t\t\t\t<\/span>\n\t\t<\/div>\n\t\t\t\t<\/div>\n\t\t\t\t<\/div>\n\t\t\t\t<div class=\"elementor-element elementor-element-ece35a2 elementor-widget elementor-widget-heading\" data-id=\"ece35a2\" data-element_type=\"widget\" data-widget_type=\"heading.default\">\n\t\t\t\t<div class=\"elementor-widget-container\">\n\t\t\t<h2 class=\"elementor-heading-title elementor-size-default\">Otopark Hizmeti<\/h2>\t\t<\/div>\n\t\t\t\t<\/div>\n\t\t\t\t<div class=\"elementor-element elementor-element-079eee0 elementor-widget elementor-widget-text-editor\" data-id=\"079eee0\" data-element_type=\"widget\" data-widget_type=\"text-editor.default\">\n\t\t\t\t<div class=\"elementor-widget-container\">\n\t\t\t\t\t\t\t<p>Hali\u00e7 Kongre Merkezi\u2019nin a\u00e7\u0131k otopark\u0131 280, katli otopark\u0131 ise 400 ara\u00e7l\u0131k kapasiteye sahiptir. Her 2 otopark da kapal\u0131 devre kamera sistemi ile 24 saat boyunca izlenmektedir.<\/p>\t\t\t\t\t\t<\/div>\n\t\t\t\t<\/div>\n\t\t\t\t\t<\/div>\n\t\t<\/div>\n\t\t\t\t<div class=\"elementor-column elementor-col-50 elementor-top-column elementor-element elementor-element-1583822 column-style-top\" data-id=\"1583822\" data-element_type=\"column\">\n\t\t\t<div class=\"elementor-widget-wrap elementor-element-populated\">\n\t\t\t\t\t\t\t\t<div class=\"elementor-element elementor-element-b57ec29 elementor-widget elementor-widget-text-editor\" data-id=\"b57ec29\" data-element_type=\"widget\" data-widget_type=\"text-editor.default\">\n\t\t\t\t<div class=\"elementor-widget-container\">\n\t\t\t\t\t\t\t\t\t\t\t\t\t<\/div>\n\t\t\t\t<\/div>\n\t\t\t\t\t<\/div>\n\t\t<\/div>\n\t\t\t\t\t\t\t<\/div>\n\t\t<\/section>\n\t\t\t\t\t\t<\/div>\n\t\t\t\t\t<\/div>\n\t\t","protected":false},"excerpt":{"rendered":"<p>Teknik Uygulamalar ve Bilgi Teknolojileri Hali\u00e7 Kongre Merkezi; kablolu, kablosuz, y\u00fcksek h\u0131zda internet hizmeti alabilmeniz i\u00e7in t\u00fcm altyap\u0131s\u0131n\u0131 fiber optik kablolar ile donatm\u0131\u015ft\u0131r. Gigabit h\u0131zda Simetrik Metro Ethernet hizmeti sunulmaktad\u0131r. [&hellip;]<\/p>\n","protected":false},"author":1,"featured_media":0,"parent":0,"menu_order":0,"comment_status":"closed","ping_status":"closed","template":"","meta":[],"yoast_head":"<!-- This site is optimized with the Yoast SEO plugin v18.9 - https:\/\/yoast.com\/wordpress\/plugins\/seo\/ -->\n<title>Di\u011fer Hizmetlerimiz | Hali\u00e7 Kongre Merkezi<\/title>\n<meta name=\"description\" content=\"Hali\u00e7 Kongre Merkezi; kablolu, kablosuz, y\u00fcksek h\u0131zda internet hizmeti alabilmeniz i\u00e7in t\u00fcm altyap\u0131s\u0131n\u0131 fiber optik kablolar ile donatm\u0131\u015ft\u0131r. Gigabit h\u0131zda Simetrik Metro Ethernet hizmeti sunulmaktad\u0131r. Sahip oldu\u011fu PC, Laptop, LCD TV, LED Screen, telefon ve ISDN hatlar ile t\u00fcm ihtiya\u00e7lar\u0131n\u0131za \u00e7\u00f6z\u00fcmler \u00fcretmektedir.\" \/>\n<meta name=\"robots\" content=\"index, follow, max-snippet:-1, max-image-preview:large, max-video-preview:-1\" \/>\n<link rel=\"canonical\" href=\"https:\/\/halic.com\/tr\/diger-hizmetler\/\" \/>\n<meta property=\"og:locale\" content=\"tr_TR\" \/>\n<meta property=\"og:type\" content=\"article\" \/>\n<meta property=\"og:title\" content=\"Di\u011fer Hizmetlerimiz | Hali\u00e7 Kongre Merkezi\" \/>\n<meta property=\"og:description\" content=\"Hali\u00e7 Kongre Merkezi; kablolu, kablosuz, y\u00fcksek h\u0131zda internet hizmeti alabilmeniz i\u00e7in t\u00fcm altyap\u0131s\u0131n\u0131 fiber optik kablolar ile donatm\u0131\u015ft\u0131r. Gigabit h\u0131zda Simetrik Metro Ethernet hizmeti sunulmaktad\u0131r. Sahip oldu\u011fu PC, Laptop, LCD TV, LED Screen, telefon ve ISDN hatlar ile t\u00fcm ihtiya\u00e7lar\u0131n\u0131za \u00e7\u00f6z\u00fcmler \u00fcretmektedir.\" \/>\n<meta property=\"og:url\" content=\"https:\/\/halic.com\/tr\/diger-hizmetler\/\" \/>\n<meta property=\"og:site_name\" content=\"Hali\u00e7 Kongre Merkezi\" \/>\n<meta property=\"article:publisher\" content=\"https:\/\/www.facebook.com\/HalicKongreMerkezi\/\" \/>\n<meta property=\"article:modified_time\" content=\"2022-05-28T21:15:50+00:00\" \/>\n<meta name=\"twitter:card\" content=\"summary_large_image\" \/>\n<meta name=\"twitter:label1\" content=\"Tahmini okuma s\u00fcresi\" \/>\n\t<meta name=\"twitter:data1\" content=\"1 dakika\" \/>\n<script type=\"application\/ld+json\" class=\"yoast-schema-graph\">{\"@context\":\"https:\/\/schema.org\",\"@graph\":[{\"@type\":\"Organization\",\"@id\":\"https:\/\/halic.com\/tr\/#organization\",\"name\":\"Hali\u00e7 Kongre Merkezi\",\"url\":\"https:\/\/halic.com\/tr\/\",\"sameAs\":[\"https:\/\/www.linkedin.com\/company\/halickongremerkezi\/\",\"https:\/\/www.instagram.com\/halickongremerkezi\/\",\"https:\/\/www.facebook.com\/HalicKongreMerkezi\/\"],\"logo\":{\"@type\":\"ImageObject\",\"inLanguage\":\"tr\",\"@id\":\"https:\/\/halic.com\/tr\/#\/schema\/logo\/image\/\",\"url\":\"https:\/\/halic.com\/tr\/wp-content\/uploads\/sites\/2\/2019\/05\/hkm-logo-tr-color-36.svg\",\"contentUrl\":\"https:\/\/halic.com\/tr\/wp-content\/uploads\/sites\/2\/2019\/05\/hkm-logo-tr-color-36.svg\",\"width\":108,\"height\":131,\"caption\":\"Hali\u00e7 Kongre Merkezi\"},\"image\":{\"@id\":\"https:\/\/halic.com\/tr\/#\/schema\/logo\/image\/\"}},{\"@type\":\"WebSite\",\"@id\":\"https:\/\/halic.com\/tr\/#website\",\"url\":\"https:\/\/halic.com\/tr\/\",\"name\":\"Hali\u00e7 Kongre Merkezi\",\"description\":\"Mutlu Mekan\",\"publisher\":{\"@id\":\"https:\/\/halic.com\/tr\/#organization\"},\"potentialAction\":[{\"@type\":\"SearchAction\",\"target\":{\"@type\":\"EntryPoint\",\"urlTemplate\":\"https:\/\/halic.com\/tr\/?s={search_term_string}\"},\"query-input\":\"required name=search_term_string\"}],\"inLanguage\":\"tr\"},{\"@type\":\"WebPage\",\"@id\":\"https:\/\/halic.com\/tr\/diger-hizmetler\/#webpage\",\"url\":\"https:\/\/halic.com\/tr\/diger-hizmetler\/\",\"name\":\"Di\u011fer Hizmetlerimiz | Hali\u00e7 Kongre Merkezi\",\"isPartOf\":{\"@id\":\"https:\/\/halic.com\/tr\/#website\"},\"datePublished\":\"2021-10-21T08:15:23+00:00\",\"dateModified\":\"2022-05-28T21:15:50+00:00\",\"description\":\"Hali\u00e7 Kongre Merkezi; kablolu, kablosuz, y\u00fcksek h\u0131zda internet hizmeti alabilmeniz i\u00e7in t\u00fcm altyap\u0131s\u0131n\u0131 fiber optik kablolar ile donatm\u0131\u015ft\u0131r. Gigabit h\u0131zda Simetrik Metro Ethernet hizmeti sunulmaktad\u0131r. Sahip oldu\u011fu PC, Laptop, LCD TV, LED Screen, telefon ve ISDN hatlar ile t\u00fcm ihtiya\u00e7lar\u0131n\u0131za \u00e7\u00f6z\u00fcmler \u00fcretmektedir.\",\"breadcrumb\":{\"@id\":\"https:\/\/halic.com\/tr\/diger-hizmetler\/#breadcrumb\"},\"inLanguage\":\"tr\",\"potentialAction\":[{\"@type\":\"ReadAction\",\"target\":[\"https:\/\/halic.com\/tr\/diger-hizmetler\/\"]}]},{\"@type\":\"BreadcrumbList\",\"@id\":\"https:\/\/halic.com\/tr\/diger-hizmetler\/#breadcrumb\",\"itemListElement\":[{\"@type\":\"ListItem\",\"position\":1,\"name\":\"Home\",\"item\":\"https:\/\/halic.com\/tr\/\"},{\"@type\":\"ListItem\",\"position\":2,\"name\":\"Di\u011fer Hizmetlerimiz\"}]}]}<\/script>\n<!-- \/ Yoast SEO plugin. -->","yoast_head_json":{"title":"Di\u011fer Hizmetlerimiz | Hali\u00e7 Kongre Merkezi","description":"Hali\u00e7 Kongre Merkezi; kablolu, kablosuz, y\u00fcksek h\u0131zda internet hizmeti alabilmeniz i\u00e7in t\u00fcm altyap\u0131s\u0131n\u0131 fiber optik kablolar ile donatm\u0131\u015ft\u0131r. Gigabit h\u0131zda Simetrik Metro Ethernet hizmeti sunulmaktad\u0131r. Sahip oldu\u011fu PC, Laptop, LCD TV, LED Screen, telefon ve ISDN hatlar ile t\u00fcm ihtiya\u00e7lar\u0131n\u0131za \u00e7\u00f6z\u00fcmler \u00fcretmektedir.","robots":{"index":"index","follow":"follow","max-snippet":"max-snippet:-1","max-image-preview":"max-image-preview:large","max-video-preview":"max-video-preview:-1"},"canonical":"https:\/\/halic.com\/tr\/diger-hizmetler\/","og_locale":"tr_TR","og_type":"article","og_title":"Di\u011fer Hizmetlerimiz | Hali\u00e7 Kongre Merkezi","og_description":"Hali\u00e7 Kongre Merkezi; kablolu, kablosuz, y\u00fcksek h\u0131zda internet hizmeti alabilmeniz i\u00e7in t\u00fcm altyap\u0131s\u0131n\u0131 fiber optik kablolar ile donatm\u0131\u015ft\u0131r. Gigabit h\u0131zda Simetrik Metro Ethernet hizmeti sunulmaktad\u0131r. Sahip oldu\u011fu PC, Laptop, LCD TV, LED Screen, telefon ve ISDN hatlar ile t\u00fcm ihtiya\u00e7lar\u0131n\u0131za \u00e7\u00f6z\u00fcmler \u00fcretmektedir.","og_url":"https:\/\/halic.com\/tr\/diger-hizmetler\/","og_site_name":"Hali\u00e7 Kongre Merkezi","article_publisher":"https:\/\/www.facebook.com\/HalicKongreMerkezi\/","article_modified_time":"2022-05-28T21:15:50+00:00","twitter_card":"summary_large_image","twitter_misc":{"Tahmini okuma s\u00fcresi":"1 dakika"},"schema":{"@context":"https:\/\/schema.org","@graph":[{"@type":"Organization","@id":"https:\/\/halic.com\/tr\/#organization","name":"Hali\u00e7 Kongre Merkezi","url":"https:\/\/halic.com\/tr\/","sameAs":["https:\/\/www.linkedin.com\/company\/halickongremerkezi\/","https:\/\/www.instagram.com\/halickongremerkezi\/","https:\/\/www.facebook.com\/HalicKongreMerkezi\/"],"logo":{"@type":"ImageObject","inLanguage":"tr","@id":"https:\/\/halic.com\/tr\/#\/schema\/logo\/image\/","url":"https:\/\/halic.com\/tr\/wp-content\/uploads\/sites\/2\/2019\/05\/hkm-logo-tr-color-36.svg","contentUrl":"https:\/\/halic.com\/tr\/wp-content\/uploads\/sites\/2\/2019\/05\/hkm-logo-tr-color-36.svg","width":108,"height":131,"caption":"Hali\u00e7 Kongre Merkezi"},"image":{"@id":"https:\/\/halic.com\/tr\/#\/schema\/logo\/image\/"}},{"@type":"WebSite","@id":"https:\/\/halic.com\/tr\/#website","url":"https:\/\/halic.com\/tr\/","name":"Hali\u00e7 Kongre Merkezi","description":"Mutlu Mekan","publisher":{"@id":"https:\/\/halic.com\/tr\/#organization"},"potentialAction":[{"@type":"SearchAction","target":{"@type":"EntryPoint","urlTemplate":"https:\/\/halic.com\/tr\/?s={search_term_string}"},"query-input":"required name=search_term_string"}],"inLanguage":"tr"},{"@type":"WebPage","@id":"https:\/\/halic.com\/tr\/diger-hizmetler\/#webpage","url":"https:\/\/halic.com\/tr\/diger-hizmetler\/","name":"Di\u011fer Hizmetlerimiz | Hali\u00e7 Kongre Merkezi","isPartOf":{"@id":"https:\/\/halic.com\/tr\/#website"},"datePublished":"2021-10-21T08:15:23+00:00","dateModified":"2022-05-28T21:15:50+00:00","description":"Hali\u00e7 Kongre Merkezi; kablolu, kablosuz, y\u00fcksek h\u0131zda internet hizmeti alabilmeniz i\u00e7in t\u00fcm altyap\u0131s\u0131n\u0131 fiber optik kablolar ile donatm\u0131\u015ft\u0131r. Gigabit h\u0131zda Simetrik Metro Ethernet hizmeti sunulmaktad\u0131r. Sahip oldu\u011fu PC, Laptop, LCD TV, LED Screen, telefon ve ISDN hatlar ile t\u00fcm ihtiya\u00e7lar\u0131n\u0131za \u00e7\u00f6z\u00fcmler \u00fcretmektedir.","breadcrumb":{"@id":"https:\/\/halic.com\/tr\/diger-hizmetler\/#breadcrumb"},"inLanguage":"tr","potentialAction":[{"@type":"ReadAction","target":["https:\/\/halic.com\/tr\/diger-hizmetler\/"]}]},{"@type":"BreadcrumbList","@id":"https:\/\/halic.com\/tr\/diger-hizmetler\/#breadcrumb","itemListElement":[{"@type":"ListItem","position":1,"name":"Home","item":"https:\/\/halic.com\/tr\/"},{"@type":"ListItem","position":2,"name":"Di\u011fer Hizmetlerimiz"}]}]}},"_links":{"self":[{"href":"https:\/\/halic.com\/tr\/wp-json\/wp\/v2\/pages\/9922"}],"collection":[{"href":"https:\/\/halic.com\/tr\/wp-json\/wp\/v2\/pages"}],"about":[{"href":"https:\/\/halic.com\/tr\/wp-json\/wp\/v2\/types\/page"}],"author":[{"embeddable":true,"href":"https:\/\/halic.com\/tr\/wp-json\/wp\/v2\/users\/1"}],"replies":[{"embeddable":true,"href":"https:\/\/halic.com\/tr\/wp-json\/wp\/v2\/comments?post=9922"}],"version-history":[{"count":11,"href":"https:\/\/halic.com\/tr\/wp-json\/wp\/v2\/pages\/9922\/revisions"}],"predecessor-version":[{"id":12371,"href":"https:\/\/halic.com\/tr\/wp-json\/wp\/v2\/pages\/9922\/revisions\/12371"}],"wp:attachment":[{"href":"https:\/\/halic.com\/tr\/wp-json\/wp\/v2\/media?parent=9922"}],"curies":[{"name":"wp","href":"https:\/\/api.w.org\/{rel}","templated":true}]}}